{"id":7418,"date":"2025-02-05T12:31:34","date_gmt":"2025-02-05T12:31:34","guid":{"rendered":"https:\/\/komood.shop\/?post_type=product&#038;p=7418"},"modified":"2026-01-26T03:01:40","modified_gmt":"2026-01-26T03:01:40","slug":"rossetto-rosa-baccara-opaco-di-grn-gruen","status":"publish","type":"product","link":"https:\/\/komood.shop\/it\/produkt\/baccara-rose-lipstick-matt-von-grn-gruen\/","title":{"rendered":"baccara rose &#8211; Lipstick matt von GRN [GR\u00dcN]"},"content":{"rendered":"<div class=\"ux-logo has-hover align-middle ux_logo inline-block\" style=\"max-width: 100%!important; width: 115px!important\"><div class=\"ux-logo-link block image-\" title=\"Naturkosmetik von Gruen\" href=\"\" style=\"padding: 15px;\"><img decoding=\"async\" src=\"https:\/\/komood.shop\/wp-content\/uploads\/gruen-logo-klein.png\" title=\"Naturkosmetik von Gruen\" alt=\"Naturkosmetik von Gruen\" class=\"ux-logo-image block\" style=\"height:100px;\" \/><\/div><\/div>\n<h2>Lipstick matt &#8222;baccara rose&#8220; von GRN<\/h2>\n<h3>COSMOS ORGANIC zertifizierte Biokosmetik<\/h3>\n<div class=\"is-divider divider clearfix\" style=\"max-width:small;\"><\/div>\n<p>Dieser pflegende Lippenstift von GRN [GR\u00dcN] besitzt den Matteffekt und schenkt folgenden Farbtypen den perfekten Look.<\/p>\n<p><strong>K\u00fchl-Warm-System<\/strong><\/p>\n<ul>\n<li class=\"bullet-checkmark\">k\u00fchl<\/li>\n<\/ul>\n<p><strong>4|6|10-Farbtypen-System<\/strong><\/p>\n<ul>\n<li class=\"bullet-checkmark\">Herbst-Winter<\/li>\n<li class=\"bullet-checkmark\">Winter<\/li>\n<li class=\"bullet-checkmark\">Sommer-Winter<\/li>\n<\/ul>\n<p><strong>12-Farbtypen-System<\/strong><\/p>\n<ul>\n<li class=\"bullet-checkmark\">Deep Autumn<\/li>\n<li class=\"bullet-checkmark\">Clear Winter<\/li>\n<li class=\"bullet-checkmark\">Cool Winter<\/li>\n<li class=\"bullet-checkmark\">Deep Winter<\/li>\n<\/ul>\n<div class=\"is-divider divider clearfix\" style=\"max-width:small;\"><\/div>\n<h3>Beschreibung des Herstellers<\/h3>\n<p>F\u00fcr intensive Lippenbekenntnisse<\/p>\n<p>Die Nuance \u201ebaccara rose\u201c besitzt den Matteffekt und verw\u00f6hnt deine Lippen mit pflegendem Bio-Wunderbaumsamen- und Bio-Jojoba\u00f6l &#8211; f\u00fcr unwiderstehliche Kussmomente! Durch seine angenehme Textur mit wertvollem Candelillawachs bietet dir der Lipstick au\u00dferdem ein tolles Tragegef\u00fchl und eine gute Lippenhaftung.<\/p>\n<p>\u2713 Mit Candelillawachs f\u00fcr eine gute Lippenhaftung<br \/>\n\u2713 Talkfrei<br \/>\n\u2713 Pflegendes Bio-Wunderbaumsamen- und Bio-Jojoba\u00f6l<br \/>\n\u2713 Unwiderstehliche Farbbrillanz<br \/>\n\u2713 COSMOS ORGANIC zertifizierte Biokosmetik<br \/>\n\u2713 Inhalt: 4g<\/p>\n<h4>Anwendung<\/h4>\n<p>Lippen mit einem Lip Pencil umranden. Anschlie\u00dfend den Lipstick auf den gesamten Lippen auftragen.<\/p>\n<h4>Good to Know<\/h4>\n<p>F\u00fcr einen besonders langen Halt, Lippen komplett mit dem Lip Pencil ausmalen, und danach den Lippenstift auftragen.<\/p>\n<h4>Inhaltsstoffe<\/h4>\n<p>GRN [GR\u00dcN] COLOUR COSMETICS Lipstick Matte baccara rose: RICINUS COMMUNIS (CASTOR) SEED OIL\u00b0, OCTYLDODECANOL, CERA ALBA (BEESWAX)\u00b0, COPERNICIA CERIFERA CERA\/COPERNICIA CERIFERA (CARNAUBA) WAX\u00b0, MICA, HYDROXYSTEARIC\/LINOLENIC\/OLEIC POLYGLYCERIDES, HYDROGENATED OLIVE OIL STEARYL ESTERS, HYDROGENATED VEGETABLE OIL, EUPHORBIA CERIFERA CERA\/EUPHORBIA CERIFERA (CANDELILLA) WAX, PARFUM (FRAGRANCE)\u00b0\u00b0, LECITHIN, PRUNUS ARMENIACA (APRICOT) KERNEL OIL, SIMMONDSIA CHINENSIS (JOJOBA) SEED OIL\u00b0, TOCOPHEROL, ASCORBYL PALMITATE, CITRIC ACID, CI 75470 (CARMINE), CI 77742 (MANGANESE VIOLET), CI 77891 (TITANIUM DIOXIDE)<\/p>\n<p>\u00b0 aus kontrolliert biologischem Anbau<br \/>\n\u00b0\u00b0 nat\u00fcrliche Parf\u00fcmkomposition<\/p>\n<div class=\"is-divider divider clearfix\" style=\"max-width:small;\"><\/div>\n<h3>Kontakt<\/h3>\n<p>Bei Fragen oder Anregungen zu diesem Angebot stehen wir Ihnen sehr gern zur Verf\u00fcgung &#8211; <strong><a href=\"https:\/\/komood.shop\/informationen-service\/kontakt\/\">Kontakt<\/a><\/strong>.<\/p>\n","protected":false},"excerpt":{"rendered":"<ul>\n<li class=\"bullet-star\">rossetto cosmetico naturale colorato di tendenza di GRN<\/li>\n<li class=\"bullet-star\">con olio di semi di albero miracoloso biologico e olio di jojoba biologico<\/li>\n<li class=\"bullet-star\">un rosso scuro meravigliosamente fresco<\/li>\n<\/ul>","protected":false},"featured_media":7413,"comment_status":"open","ping_status":"closed","template":"","meta":[],"product_brand":[],"product_cat":[321,596,648,597,649,595,647,598,651,449,462,487,468,450,495,472,489,469],"product_tag":[437,438,443,444,606,704,522,429,530,425,526,523],"giftcard-category":[],"class_list":{"0":"post-7418","1":"product","2":"type-product","3":"status-publish","4":"has-post-thumbnail","6":"product_cat-b2c","7":"product_cat-farbtyp-clear-winter","8":"product_cat-lippenstifte-clear-winter","9":"product_cat-farbtyp-cool-winter","10":"product_cat-lippenstifte-cool-winter","11":"product_cat-farbtyp-deep-autumn","12":"product_cat-lippenstifte-deep-autumn","13":"product_cat-farbtyp-deep-winter","14":"product_cat-lippenstifte-deep-winter","15":"product_cat-dekorative-naturkosmetik","16":"product_cat-farbtypen","17":"product_cat-lippenstifte-herbst-wintertyp","18":"product_cat-farbtyp-herbst-winter","19":"product_cat-lippenstifte","20":"product_cat-lippenstifte-sommer-wintertyp","21":"product_cat-farbtyp-sommer-winter","22":"product_cat-lippenstifte-wintertyp","23":"product_cat-farbtyp-winter","24":"product_tag-farbtyp-clear-winter","25":"product_tag-farbtyp-cool-winter","26":"product_tag-farbtyp-deep-autumn","27":"product_tag-farbtyp-deep-winter","28":"product_tag-grn-gruen","29":"product_tag-grn-lipstick-matt","30":"product_tag-herbst-winter","31":"product_tag-kuehl","32":"product_tag-lippen","33":"product_tag-b2c","34":"product_tag-sommer-winter","35":"product_tag-winter","37":"first","38":"instock","39":"taxable","40":"shipping-taxable","41":"purchasable","42":"product-type-simple"},"_links":{"self":[{"href":"https:\/\/komood.shop\/it\/wp-json\/wp\/v2\/product\/7418","targetHints":{"allow":["GET"]}}],"collection":[{"href":"https:\/\/komood.shop\/it\/wp-json\/wp\/v2\/product"}],"about":[{"href":"https:\/\/komood.shop\/it\/wp-json\/wp\/v2\/types\/product"}],"replies":[{"embeddable":true,"href":"https:\/\/komood.shop\/it\/wp-json\/wp\/v2\/comments?post=7418"}],"wp:featuredmedia":[{"embeddable":true,"href":"https:\/\/komood.shop\/it\/wp-json\/wp\/v2\/media\/7413"}],"wp:attachment":[{"href":"https:\/\/komood.shop\/it\/wp-json\/wp\/v2\/media?parent=7418"}],"wp:term":[{"taxonomy":"product_brand","embeddable":true,"href":"https:\/\/komood.shop\/it\/wp-json\/wp\/v2\/product_brand?post=7418"},{"taxonomy":"product_cat","embeddable":true,"href":"https:\/\/komood.shop\/it\/wp-json\/wp\/v2\/product_cat?post=7418"},{"taxonomy":"product_tag","embeddable":true,"href":"https:\/\/komood.shop\/it\/wp-json\/wp\/v2\/product_tag?post=7418"},{"taxonomy":"giftcard-category","embeddable":true,"href":"https:\/\/komood.shop\/it\/wp-json\/wp\/v2\/giftcard-category?post=7418"}],"curies":[{"name":"wp","href":"https:\/\/api.w.org\/{rel}","templated":true}]}}