{"id":6345,"date":"2024-12-11T16:39:44","date_gmt":"2024-12-11T16:39:44","guid":{"rendered":"https:\/\/komood.shop\/?post_type=product&#038;p=6345"},"modified":"2026-03-24T22:06:45","modified_gmt":"2026-03-24T22:06:45","slug":"nordic-smoke-blue-duo-kajal-di-marie-w","status":"publish","type":"product","link":"https:\/\/komood.shop\/it\/produkt\/nordischrauchblau-duo-kajal-von-marie-w\/","title":{"rendered":"NordicSmoke Blue - Duo Kajal by marie w."},"content":{"rendered":"<div class=\"ux-logo has-hover align-middle ux_logo inline-block\" style=\"max-width: 100%!important; width: 271px!important\"><a class=\"ux-logo-link block image-\" title=\"Cosmetici naturali da Marie W.\" href=\"https:\/\/komood.shop\/it\/caratteristica\/marie-w\/\" style=\"padding: 15px;\"><img decoding=\"async\" src=\"https:\/\/komood.shop\/wp-content\/uploads\/marie-w-logo-klein.png\" title=\"Cosmetici naturali da Marie W.\" alt=\"Cosmetici naturali da Marie W.\" class=\"ux-logo-image block\" style=\"height:50px;\" \/><\/a><\/div>\n<h2>Nordic Smoky Blue\" Duo Kajal<\/h2>\n<h3>Matita eyeliner duo con oro vero ad alta purezza | cosmetici naturali certificati<\/h3>\n<div class=\"is-divider divider clearfix\" style=\"max-width:small;\"><\/div>\n<p>Questo kajal blu fum\u00e9 vegano, di alta qualit\u00e0 e nutriente di Marie W. \u00e8 adatto ai seguenti colori e tipi di colore di occhi:<\/p>\n<p><strong>Colori degli occhi<\/strong><\/p>\n<ul>\n<li class=\"bullet-checkmark\">Blu<\/li>\n<li class=\"bullet-checkmark\">Grigio<\/li>\n<\/ul>\n<p><strong>Sistema freddo-caldo<\/strong><\/p>\n<ul>\n<li class=\"bullet-checkmark\">tende ad avere toni freddi<\/li>\n<\/ul>\n<p><strong>Sistema di tipi di colore 4|6|10<\/strong><\/p>\n<ul>\n<li class=\"bullet-checkmark\">Primavera-Estate<\/li>\n<li class=\"bullet-checkmark\">Estate<\/li>\n<li class=\"bullet-checkmark\">Estate-autunno<\/li>\n<li class=\"bullet-checkmark\">Inverno<\/li>\n<li class=\"bullet-checkmark\">Primavera-Inverno<\/li>\n<li class=\"bullet-checkmark\">Estate-Inverno<\/li>\n<\/ul>\n<p><strong>Sistema a 12 colori<\/strong><\/p>\n<ul>\n<li class=\"bullet-checkmark\">Primavera leggera<\/li>\n<li class=\"bullet-checkmark\">Estate leggera<\/li>\n<li class=\"bullet-checkmark\">Estate fresca<\/li>\n<li class=\"bullet-checkmark\">Estate morbida<\/li>\n<li class=\"bullet-checkmark\">Autunno morbido<\/li>\n<li class=\"bullet-checkmark\">Inverno sereno<\/li>\n<li class=\"bullet-checkmark\">Inverno freddo<\/li>\n<\/ul>\n<div class=\"is-divider divider clearfix\" style=\"max-width:small;\"><\/div>\n<h3>Descrizione del produttore<\/h3>\n<p>Duo Kajal Nordic Smoky Blue<\/p>\n<p>LA magica ed elegante tonalit\u00e0 per gli occhi blu e grigi, nonch\u00e9 per i capelli grigi e ingrigiti. Altrettanto espressivo per tutti gli altri colori di occhi e capelli, quando si indossano top, sciarpe o gioielli argentati di colore grigio.<\/p>\n<p><strong>Semplice:<\/strong> 1 kajal, 2 guinzagli e molte possibilit\u00e0<br \/>\n<strong>Naturalmente:<\/strong> Formule delicate, nutrienti e vegane con principi attivi naturali di alta qualit\u00e0.<br \/>\n<strong>Completato:<\/strong> Ingrandisce gli occhi e dona uno sguardo radioso<\/p>\n<p>L'oro genuino ad alta purezza conferisce ai Duo Kajals la loro speciale e luminosa radiosit\u00e0. Allo stesso tempo, ha un effetto lenitivo, idratante e rinfrescante sulla zona sensibile degli occhi.<\/p>\n<p>Il prezioso burro di mango, leggero come una piuma e proveniente da un progetto di commercio equo e solidale femminile in Burkina Faso, fornisce una cura delicata. In combinazione con cere vegetali pure, crea una consistenza fondente che \u00e8 facile da applicare e aderisce bene.<\/p>\n<p>Certificato secondo NATRUE<\/p>\n<h4>Applicazione<\/h4>\n<p>La mina fine assicura un'applicazione precisa e un aspetto chiaro. La mina pi\u00f9 spessa dona una luminosit\u00e0 pi\u00f9 morbida e delicata. Pu\u00f2 essere facilmente sfumato con il pennello ed eventualmente corretto se non ha una mano ferma. La combinazione ha anche un aspetto molto espressivo: tracci una linea sottile lungo l'attaccatura delle ciglia inferiori e sottolinei l'attaccatura delle ciglia superiori con la linea pi\u00f9 spessa. Trucco: entrambe le linee devono incontrarsi nell'angolo dell'occhio per far apparire l'occhio pi\u00f9 grande.<\/p>\n<ol>\n<li style=\"list-style-type: none;\">\n<ol>\n<li>Sollevi delicatamente la palpebra chiusa con il dito. Posizionare la linea sottile del suo eyeliner preferito nell'angolo interno dell'occhio, molto vicino alla linea delle ciglia e tracciare la linea verso il centro.<\/li>\n<li>Poi applica la linea pi\u00f9 spessa e termina nell'angolo esterno dell'occhio. Ora sfumi leggermente la transizione con il pennello per ombretto Marie W. o con il dito. Se i suoi occhi sono relativamente piccoli o ravvicinati, non inizi la linea kohl prima di un terzo circa. In caso contrario, la tracci, in modo da farla passare attraverso. Ripeta il processo fino a raggiungere l'intensit\u00e0 del kohl desiderata.<\/li>\n<li>Questa combinazione ha anche un aspetto molto espressivo: tracci la linea pi\u00f9 sottile sulla linea delle ciglia inferiori ed enfatizzi la linea delle ciglia superiori con la linea pi\u00f9 spessa. Trucco: entrambe le linee devono incontrarsi nell'angolo dell'occhio per far sembrare l'occhio pi\u00f9 grande.<\/li>\n<\/ol>\n<\/li>\n<\/ol>\n<h4>Suggerimento<\/h4>\n<p>Per far apparire le ciglia pi\u00f9 piene, tracci una linea sottile lungo la base delle ciglia. Naturalmente, pu\u00f2 anche utilizzare le ricariche singolarmente.<\/p>\n<p>Il piombo sottile assicura un'applicazione precisa e una visione chiara.<\/p>\n<p>Il piombo pi\u00f9 forte dona una luminosit\u00e0 pi\u00f9 morbida e delicata. Pu\u00f2 essere sfumato bene con il pennello ed eventualmente corretto se non ha una mano ferma.<\/p>\n<h4>Ingredienti<\/h4>\n<p>CI 77480 (ORO)<br \/>\ntom.reference(1,)<br \/>\nOLIO DI COCOS NUCIFERA, OLIO VEGETALE IDROGENATO, OTTILDODECIL STEAROIL STEARATO, COPERNICIA CERIFERA CERA, TRIGLICERIDI C10-18, MICA, CANDELILLA CERA, POLIGLICERIL-3 DIISOSTEARATO, BURRO DI SEMI DI MANGIFERA INDICA, ORIZANOLO, TOCOFEROLO, GLICERIL CAPRILATO, CI 77891 (BIOSSIDO DI TITANIO), CI 77499 (OSSIDI DI FERRO), CI 77007 (ULTRAMARINE), CI 77742 (VIOLA DI MANGANESE), CI 77480 (ORO).<br \/>\ntom.reference(2,)<br \/>\nCONSIGLI FINI: STEARATO DI OTTILDODECILE, TRIGLICERIDI C10-18, OLIO VEGETALE IDROGENATO, OLIO DI COCOS NUCIFERA, CERA DI COPERNICIA CERIFERA, CERA DI CANDELILLA, MICA, POLIGLICERIL-3 DIISOSTEARATO, BURRO DI SEMI DI MANGIFERA INDICA, ORIZANOLO, TOCOFEROLO, GLICERIL CAPRILATO, CI 77891 (BIOSSIDO DI TITANIO), CI 77499 (OSSIDI DI FERRO), CI 77007 (ULTRAMARINE), CI 77742 (VIOLETTO DI MANGANESE).<\/p>\n<div class=\"is-divider divider clearfix\" style=\"max-width:small;\"><\/div>\n<h3>Ci contatti<\/h3>\n<p>Se ha domande o suggerimenti in merito a questa offerta, non esiti a contattarci -. <strong><a href=\"https:\/\/komood.shop\/it\/servizio-informazioni\/contatto\/\">Ci contatti<\/a><\/strong>.<\/p>","protected":false},"excerpt":{"rendered":"<ul>\n<li class=\"bullet-star\">matita eyeliner duo fondente e nutriente<\/li>\n<li class=\"bullet-star\">Vegano ed efficacemente raffinato con oro vero e di elevata purezza<\/li>\n<li class=\"bullet-star\">Non solo per i freddi nordeuropei<\/li>\n<\/ul>","protected":false},"featured_media":6304,"comment_status":"open","ping_status":"closed","template":"","meta":[],"product_brand":[],"product_cat":[321,596,654,591,630,597,655,449,462,501,464,507,471,497,587,610,590,625,593,669,592,635,502,503,466,508,472,465,506,469],"product_tag":[531,437,435,438,518,525,439,434,459,576,425,441,436,519,520,526,445,523],"giftcard-category":[],"class_list":{"0":"post-6345","1":"product","2":"type-product","3":"status-publish","4":"has-post-thumbnail","6":"product_cat-b2c","7":"product_cat-farbtyp-clear-winter","8":"product_cat-kajalstifte-clear-winter","9":"product_cat-farbtyp-cool-summer","10":"product_cat-kajalstifte-cool-summer","11":"product_cat-farbtyp-cool-winter","12":"product_cat-kajalstifte-cool-winter","13":"product_cat-dekorative-naturkosmetik","14":"product_cat-farbtypen","15":"product_cat-kajalstifte-fruehling-sommertyp","16":"product_cat-farbtyp-fruehling-sommer","17":"product_cat-kajalstifte-fruehling-wintertyp","18":"product_cat-farbtyp-fruehling-winter","19":"product_cat-kajal","20":"product_cat-farbtyp-light-spring","21":"product_cat-kajalstifte-light-spring","22":"product_cat-farbtyp-light-summer","23":"product_cat-kajalstifte-light-summer","24":"product_cat-farbtyp-soft-autumn","25":"product_cat-kajalstifte-soft-autumn","26":"product_cat-farbtyp-soft-summer","27":"product_cat-kajalstifte-soft-summer","28":"product_cat-kajalstifte-sommertyp","29":"product_cat-kajalstifte-sommer-herbsttyp","30":"product_cat-farbtyp-sommer-herbst","31":"product_cat-kajalstifte-sommer-wintertyp","32":"product_cat-farbtyp-sommer-winter","33":"product_cat-farbtyp-sommer","34":"product_cat-kajalstifte-wintertyp","35":"product_cat-farbtyp-winter","36":"product_tag-augen","37":"product_tag-farbtyp-clear-winter","38":"product_tag-farbtyp-cool-summer","39":"product_tag-farbtyp-cool-winter","40":"product_tag-fruehling-sommer","41":"product_tag-fruehling-winter","42":"product_tag-farbtyp-light-spring","43":"product_tag-farbtyp-light-summer","44":"product_tag-marie-w","45":"product_tag-maw-duo-kajal","46":"product_tag-b2c","47":"product_tag-farbtyp-soft-autumn","48":"product_tag-farbtyp-soft-summer","49":"product_tag-sommer","50":"product_tag-sommer-herbst","51":"product_tag-sommer-winter","52":"product_tag-tendenz-kuehl","53":"product_tag-winter","55":"first","56":"instock","57":"taxable","58":"shipping-taxable","59":"purchasable","60":"product-type-simple"},"_links":{"self":[{"href":"https:\/\/komood.shop\/it\/wp-json\/wp\/v2\/product\/6345","targetHints":{"allow":["GET"]}}],"collection":[{"href":"https:\/\/komood.shop\/it\/wp-json\/wp\/v2\/product"}],"about":[{"href":"https:\/\/komood.shop\/it\/wp-json\/wp\/v2\/types\/product"}],"replies":[{"embeddable":true,"href":"https:\/\/komood.shop\/it\/wp-json\/wp\/v2\/comments?post=6345"}],"wp:featuredmedia":[{"embeddable":true,"href":"https:\/\/komood.shop\/it\/wp-json\/wp\/v2\/media\/6304"}],"wp:attachment":[{"href":"https:\/\/komood.shop\/it\/wp-json\/wp\/v2\/media?parent=6345"}],"wp:term":[{"taxonomy":"product_brand","embeddable":true,"href":"https:\/\/komood.shop\/it\/wp-json\/wp\/v2\/product_brand?post=6345"},{"taxonomy":"product_cat","embeddable":true,"href":"https:\/\/komood.shop\/it\/wp-json\/wp\/v2\/product_cat?post=6345"},{"taxonomy":"product_tag","embeddable":true,"href":"https:\/\/komood.shop\/it\/wp-json\/wp\/v2\/product_tag?post=6345"},{"taxonomy":"giftcard-category","embeddable":true,"href":"https:\/\/komood.shop\/it\/wp-json\/wp\/v2\/giftcard-category?post=6345"}],"curies":[{"name":"wp","href":"https:\/\/api.w.org\/{rel}","templated":true}]}}