{"id":6181,"date":"2024-11-21T18:35:28","date_gmt":"2024-11-21T18:35:28","guid":{"rendered":"https:\/\/komood.shop\/?post_type=product&#038;p=6181"},"modified":"2025-10-28T14:00:41","modified_gmt":"2025-10-28T14:00:41","slug":"buono-marion-zens-komood-berlin","status":"publish","type":"product","link":"https:\/\/komood.shop\/it\/produkt\/gutschein-marion-zens-komood-berlin\/","title":{"rendered":"Buono - Marion Zens | komood | Berlino"},"content":{"rendered":"<h2>Un consiglio per i buoni sconto da komood.shop<\/h2>\n<p><strong>Questa pagina non contiene un'offerta di komood.shop, ma un semplice link a un'offerta esterna nel senso di una raccomandazione.<\/strong><\/p>\n<p>Con un clic sul pulsante<\/p>\n<a class=\"button secondary is-secondary is-small\" >\n\t\t<span>komood.de - Buoni per una consulenza sul colore e sullo stile a Berlino<\/span>\n\t<\/a>\n\n<p>sta lasciando il nostro negozio web e con esso il nostro assortimento.<\/p>\n<p>L'operatore del rispettivo sito \u00e8 l'unico responsabile dell'offerta collegata e delle sue condizioni. \u00c8 possibile che l'offerta collegata non sia o non sia pi\u00f9 disponibile al momento dell'accesso. In questo caso, le saremmo grati se ci informasse.<\/p>\n<div class=\"is-divider divider clearfix\" style=\"max-width:small;\"><\/div>\n<h3>Informazioni sull'offerta di voucher esterni<\/h3>\n<p>Naturalmente conosciamo molto bene la fornitrice Marion Zens, in quanto siamo un'azienda indipendente che \u00e8 nata dal suo lavoro di consulenza a Berlino e il nucleo della nostra gamma \u00e8 costituito dai suoi prodotti o da quelli che abbiamo sviluppato insieme. A questo proposito, siamo lieti di fare riferimento al lavoro di consulenza di Marion e all'offerta di buoni associati.<\/p>\n<p>Se \u00e8 interessata, pu\u00f2 trovare tutte le informazioni sui servizi di consulenza offerti da Marion Zens | komood sul sito www.komood.de.<\/p>\n<div class=\"is-divider divider clearfix\" style=\"max-width:small;\"><\/div>\n<h3>Ci contatti<\/h3>\n<p>Se ha domande, suggerimenti o commenti su questa raccomandazione, non esiti a contattarci -. <strong><a href=\"https:\/\/testlab.komood.shop\/informationen-service\/kontakt\/\">Ci contatti<\/a><\/strong>.<\/p>","protected":false},"excerpt":{"rendered":"<h3>Raccomandazione per i voucher<\/h3>\n<p>Scopra e acquisti il <strong>Buoni da marion zens | komood<\/strong> per vari servizi di consulenza sui temi del colore, dello stile, del controllo del guardaroba e del personal shopping a Berlino e dintorni, direttamente sul sito web del fornitore.<\/p>","protected":false},"featured_media":6186,"comment_status":"closed","ping_status":"closed","template":"","meta":[],"product_brand":[],"product_cat":[555],"product_tag":[565,554],"giftcard-category":[],"class_list":{"0":"post-6181","1":"product","2":"type-product","3":"status-publish","4":"has-post-thumbnail","6":"product_cat-gutscheine","7":"product_tag-empfehlungslink","8":"product_tag-gutschein","10":"first","11":"instock","12":"purchasable","13":"product-type-external"},"_links":{"self":[{"href":"https:\/\/komood.shop\/it\/wp-json\/wp\/v2\/product\/6181","targetHints":{"allow":["GET"]}}],"collection":[{"href":"https:\/\/komood.shop\/it\/wp-json\/wp\/v2\/product"}],"about":[{"href":"https:\/\/komood.shop\/it\/wp-json\/wp\/v2\/types\/product"}],"replies":[{"embeddable":true,"href":"https:\/\/komood.shop\/it\/wp-json\/wp\/v2\/comments?post=6181"}],"wp:featuredmedia":[{"embeddable":true,"href":"https:\/\/komood.shop\/it\/wp-json\/wp\/v2\/media\/6186"}],"wp:attachment":[{"href":"https:\/\/komood.shop\/it\/wp-json\/wp\/v2\/media?parent=6181"}],"wp:term":[{"taxonomy":"product_brand","embeddable":true,"href":"https:\/\/komood.shop\/it\/wp-json\/wp\/v2\/product_brand?post=6181"},{"taxonomy":"product_cat","embeddable":true,"href":"https:\/\/komood.shop\/it\/wp-json\/wp\/v2\/product_cat?post=6181"},{"taxonomy":"product_tag","embeddable":true,"href":"https:\/\/komood.shop\/it\/wp-json\/wp\/v2\/product_tag?post=6181"},{"taxonomy":"giftcard-category","embeddable":true,"href":"https:\/\/komood.shop\/it\/wp-json\/wp\/v2\/giftcard-category?post=6181"}],"curies":[{"name":"wp","href":"https:\/\/api.w.org\/{rel}","templated":true}]}}