{"id":6155,"date":"2024-11-21T10:30:18","date_gmt":"2024-11-21T10:30:18","guid":{"rendered":"https:\/\/komood.shop\/?post_type=product&#038;p=6155"},"modified":"2025-10-28T14:00:41","modified_gmt":"2025-10-28T14:00:41","slug":"buono-regalo-e-mail-digitale","status":"publish","type":"product","link":"https:\/\/komood.shop\/it\/produkt\/geschenkgutschein-digital-email\/","title":{"rendered":"Buono regalo digitale"},"content":{"rendered":"<h2>Il buono digitale per gli acquisti su komood.shop<\/h2>\n<h3>Opzione A:<\/h3>\n<p class=\"lead\">Non deve scegliere un destinatario e consegnare lei stesso il buono sotto forma di e-mail o di stampa.<\/p>\n<h3>Opzione B:<\/h3>\n<p class=\"lead\">Lei specifica un destinatario, compreso un indirizzo e-mail, e noi ci occupiamo di tutto il resto.<\/p>\n<div class=\"is-divider divider clearfix\" style=\"max-width:small;\"><\/div>\n<p>Questo buono \u00e8 valido per l'intero assortimento del nostro negozio al momento del riscatto e sar\u00e0 inviato via e-mail alla persona da lei indicata. Pu\u00f2 stabilire lei stesso l'ora e la data e sar\u00e0 informato della consegna e del riscatto del buono acquistato.<\/p>\n<h3>I vantaggi del nostro voucher digitale<\/h3>\n<ul>\n<li class=\"bullet-checkmark\">In genere non \u00e8 richiesta la spedizione postale<\/li>\n<li class=\"bullet-checkmark\">Possibilit\u00e0 di stampa (e-mail o allegato PDF)<\/li>\n<li class=\"bullet-checkmark\">Valore selezionabile da importi predefiniti o da input (max.: 150 euro)<\/li>\n<li class=\"bullet-checkmark\">Motivo del buono liberamente selezionabile dalla galleria di immagini<\/li>\n<li class=\"bullet-checkmark\"><strong>opzionale:<\/strong> Specifica il nome del destinatario<\/li>\n<li class=\"bullet-checkmark\"><strong>opzionale:<\/strong> Inserisca l'indirizzo e-mail del destinatario<\/li>\n<li class=\"bullet-checkmark\"><strong>opzionale<\/strong>messaggio di testo personale al destinatario<\/li>\n<li class=\"bullet-checkmark\"><strong>opzionale:<\/strong> Il suo nome di mittente<\/li>\n<li class=\"bullet-checkmark\"><strong>opzionale:<\/strong> Definizione di un orario di consegna in base a data e ora<\/li>\n<li class=\"bullet-checkmark\">Consegna del voucher via e-mail (vedere l'immagine qui sotto) con allegato un PDF.<\/li>\n<li class=\"bullet-checkmark\">Consegna sia al destinatario che all'acquirente<\/li>\n<li class=\"bullet-checkmark\">Notifica di consegna del voucher<\/li>\n<li class=\"bullet-checkmark\">Notifica di riscatto del buono<\/li>\n<li class=\"bullet-checkmark\">Il buono \u00e8 attivo subito dopo il pagamento.<\/li>\n<li class=\"bullet-checkmark\">Validit\u00e0: 2 anni dalla data di acquisto<\/li>\n<\/ul>\n<p>Se ha inserito in modo errato l'indirizzo e-mail del destinatario al momento dell'invio diretto, questa persona non ricever\u00e0 il messaggio. Pertanto, conservi la notifica che le \u00e8 stata inviata allo stesso tempo, in modo da poterla inoltrare alla persona a cui era destinata come e-mail o stampa, se necessario.<\/p>\n<p>Il riscatto dei codici voucher \u00e8 soggetto alle disposizioni del \u00a79 della nostra <a href=\"https:\/\/testlab.komood.shop\/rechtstexte\/agb\/\"><strong>GTC<\/strong><\/a>.<\/p>\n<div class=\"is-divider divider clearfix\" style=\"max-width:small;\"><\/div>\n<h3>Come il suo buono raggiunge il destinatario<\/h3>\n<p>Dopo aver completato e pagato l'ordine, verr\u00e0 inviata immediatamente un'e-mail alla persona da lei indicata. Se desidera una consegna successiva (ad esempio il giorno di un anniversario), pu\u00f2 specificarlo in anticipo nella pagina dell'articolo.<\/p>\n<p>Oltre a tutte le informazioni pertinenti e utili per riscuotere il buono, l'e-mail contiene il motivo del buono che ha selezionato, l'importo e i nomi e i testi che ha specificato facoltativamente. Visivamente, questa e-mail corrisponde alla seguente illustrazione esemplare (soggetta a modifiche).<\/p>\n<p><img loading=\"lazy\" decoding=\"async\" class=\"alignnone wp-image-5952 size-full\" src=\"https:\/\/komood.shop\/wp-content\/uploads\/email-digitaler-gutschein.webp\" alt=\"Screenshot di un&#039;e-mail per l&#039;invio di un buono regalo elettronico con testo e motivo del buono\" width=\"700\" height=\"1000\" srcset=\"https:\/\/komood.shop\/wp-content\/uploads\/email-digitaler-gutschein.webp 700w, https:\/\/komood.shop\/wp-content\/uploads\/email-digitaler-gutschein-600x857.webp 600w, https:\/\/komood.shop\/wp-content\/uploads\/email-digitaler-gutschein-196x280.webp 196w, https:\/\/komood.shop\/wp-content\/uploads\/email-digitaler-gutschein-8x12.webp 8w\" sizes=\"auto, (max-width: 700px) 100vw, 700px\" \/><\/p>\n<div class=\"is-divider divider clearfix\" style=\"max-width:small;\"><\/div>\n<h3>Informazioni fiscali \/ contabilit\u00e0<\/h3>\n<p>Questa offerta \u00e8 nota come \"offerta speciale\". <strong>Buono multiuso<\/strong>. L'acquisto di un buono \u00e8 esente da IVA. L'IVA viene riconosciuta quando il buono viene riscattato sotto forma di fattura corretta. Tuttavia, la persona che riscatta il buono ha un obbligo di pagamento aggiuntivo solo se il valore del carrello acquistato supera il valore (residuo) del buono.<\/p>\n<div class=\"is-divider divider clearfix\" style=\"max-width:small;\"><\/div>\n<h3>Ci contatti<\/h3>\n<p>Se ha domande o suggerimenti in merito a questa offerta, non esiti a contattarci -. <strong><a href=\"https:\/\/testlab.komood.shop\/informationen-service\/kontakt\/\">Ci contatti<\/a><\/strong>.<\/p>","protected":false},"excerpt":{"rendered":"<ul>\n<li class=\"bullet-star\">Buono regalo da inviare via e-mail<\/li>\n<li class=\"bullet-star\">\u00c8 possibile l'invio diretto al destinatario<\/li>\n<li class=\"bullet-star\">Orario di spedizione liberamente selezionabile<\/li>\n<li class=\"bullet-star\">\u00c8 possibile inviare un messaggio di testo personale<\/li>\n<li class=\"bullet-star\">semplice - online - veloce - affidabile - sicuro<\/li>\n<\/ul>","protected":false},"featured_media":5941,"comment_status":"closed","ping_status":"closed","template":"","meta":[],"product_brand":[],"product_cat":[555],"product_tag":[562,232,561,560,554,425,563],"giftcard-category":[571,574,573,572],"class_list":{"0":"post-6155","1":"product","2":"type-product","3":"status-publish","4":"has-post-thumbnail","6":"product_cat-gutscheine","7":"product_tag-geburtstag","8":"product_tag-b2b","9":"product_tag-geschenk","10":"product_tag-goody","11":"product_tag-gutschein","12":"product_tag-b2c","13":"product_tag-weihnachten","14":"giftcard-category-digital-weihnachten","15":"giftcard-category-digital-bild-und-textmotiv","16":"giftcard-category-digital-bildmotiv","17":"giftcard-category-digital-textmotiv","19":"first","20":"instock","21":"virtual","22":"purchasable","23":"product-type-gift-card"},"_links":{"self":[{"href":"https:\/\/komood.shop\/it\/wp-json\/wp\/v2\/product\/6155","targetHints":{"allow":["GET"]}}],"collection":[{"href":"https:\/\/komood.shop\/it\/wp-json\/wp\/v2\/product"}],"about":[{"href":"https:\/\/komood.shop\/it\/wp-json\/wp\/v2\/types\/product"}],"replies":[{"embeddable":true,"href":"https:\/\/komood.shop\/it\/wp-json\/wp\/v2\/comments?post=6155"}],"wp:featuredmedia":[{"embeddable":true,"href":"https:\/\/komood.shop\/it\/wp-json\/wp\/v2\/media\/5941"}],"wp:attachment":[{"href":"https:\/\/komood.shop\/it\/wp-json\/wp\/v2\/media?parent=6155"}],"wp:term":[{"taxonomy":"product_brand","embeddable":true,"href":"https:\/\/komood.shop\/it\/wp-json\/wp\/v2\/product_brand?post=6155"},{"taxonomy":"product_cat","embeddable":true,"href":"https:\/\/komood.shop\/it\/wp-json\/wp\/v2\/product_cat?post=6155"},{"taxonomy":"product_tag","embeddable":true,"href":"https:\/\/komood.shop\/it\/wp-json\/wp\/v2\/product_tag?post=6155"},{"taxonomy":"giftcard-category","embeddable":true,"href":"https:\/\/komood.shop\/it\/wp-json\/wp\/v2\/giftcard-category?post=6155"}],"curies":[{"name":"wp","href":"https:\/\/api.w.org\/{rel}","templated":true}]}}