{"id":5636,"date":"2024-10-17T18:36:47","date_gmt":"2024-10-17T18:36:47","guid":{"rendered":"https:\/\/komood.shop\/?post_type=product&#038;p=5636"},"modified":"2026-04-11T15:15:50","modified_gmt":"2026-04-11T15:15:50","slug":"anguria-07-rossetto-cream-glow-di-lavera","status":"publish","type":"product","link":"https:\/\/komood.shop\/it\/produkt\/watermelon-07-cream-glow-lipstick-von-lavera\/","title":{"rendered":"Watermelon 07 - Rossetto Cream Glow di Lavera"},"content":{"rendered":"<div class=\"ux-logo has-hover align-middle ux_logo inline-block\" style=\"max-width: 100%!important; width: 139px!important\"><a class=\"ux-logo-link block image-\" title=\"Naturkosmetik von Lavera\" href=\"https:\/\/komood.shop\/merkmal\/lavera\/\" style=\"padding: 15px;\"><img decoding=\"async\" src=\"https:\/\/komood.shop\/wp-content\/uploads\/lavera-logo-klein.png\" title=\"Naturkosmetik von Lavera\" alt=\"Naturkosmetik von Lavera\" class=\"ux-logo-image block\" style=\"height:50px;\" \/><\/a><\/div>\n<h2>Lippenstift &#8222;Watermelon&#8220; von Lavera mit seidig-gl\u00e4nzendem Finish<\/h2>\n<h3>Zertifizierte Naturkosmetik, Made in Germany<\/h3>\n<div class=\"is-divider divider clearfix\" style=\"max-width:small;\"><\/div>\n<p>Dieser nat\u00fcrlich pflegende und seidig gl\u00e4nzende Lippenstift von Lavera mit langanhaltender Farbe ist f\u00fcr folgende Farbtypen geeignet:<\/p>\n<p><strong>K\u00fchl-Warm-System<\/strong><\/p>\n<ul>\n<li class=\"bullet-checkmark\">tendenziell kalttonig<\/li>\n<\/ul>\n<p><strong>4|6|10-Farbtypen-System<\/strong><\/p>\n<ul>\n<li class=\"bullet-checkmark\">Fr\u00fchling-Sommer<\/li>\n<li class=\"bullet-checkmark\">Sommer<\/li>\n<li class=\"bullet-checkmark\">Sommer-Herbst<\/li>\n<li class=\"bullet-checkmark\">Winter<\/li>\n<li class=\"bullet-checkmark\">Fr\u00fchling-Winter<\/li>\n<li class=\"bullet-checkmark\">Sommer-Winter<\/li>\n<\/ul>\n<p><strong>12-Farbtypen-System<\/strong><\/p>\n<ul>\n<li class=\"bullet-checkmark\">Clear Spring<\/li>\n<li class=\"bullet-checkmark\">Light Summer<\/li>\n<li class=\"bullet-checkmark\">Cool Summer<\/li>\n<li class=\"bullet-checkmark\">Soft Summer<\/li>\n<li class=\"bullet-checkmark\">Clear Winter<\/li>\n<li class=\"bullet-checkmark\">Cool Winter<\/li>\n<li class=\"bullet-checkmark\">Deep Winter<\/li>\n<\/ul>\n<div class=\"is-divider divider clearfix\" style=\"max-width:small;\"><\/div>\n<h3>Beschreibung des Herstellers<\/h3>\n<p>Der lavera Cream Glow Lipstick schenkt den Lippen intensive Farbe im seidig-gl\u00e4nzendem Finish &#8211; bei bis zu 6H Halt.<\/p>\n<p>Der lavera Cream Glow Lipstick schenkt den Lippen intensive Farbe im unwiderstehlich seidig-gl\u00e4nzendem Finish. M\u00fchelos aufgetragen bringt der Lipstick die Lippen augenblicklich zum Strahlen. Die innovative Formel begeistert durch ihre cremige Textur und hohen Tragekomfort &#8211; bei bis zu 6H Halt, ohne Verschmieren. Dank nat\u00fcrlich pflegender Inhaltsstoffe wie Bio-Sheabutter und Bio-Kakaobutter werden die Lippen langanhaltend vor dem Austrocknen gesch\u00fctzt.<\/p>\n<p>&#8211; Vegan<br \/>\n&#8211; Glutenfrei<br \/>\n&#8211; Ohne Silikone<br \/>\n&#8211; Ohne Mineral\u00f6l<br \/>\n&#8211; Ohne Mikroplastik<br \/>\n&#8211; Dermatologisch getestet<br \/>\n&#8211; Zertifizierte Naturkosmetik<br \/>\n&#8211; Made in Germany<\/p>\n<p>\u2713 Intensive Farbe<br \/>\n\u2713 Seidig-gl\u00e4nzendes Finish<br \/>\n\u2713 Hoher Tragekomfort<br \/>\n\u2713 Bis zu 6 Stunden Halt<br \/>\n\u2713 Sch\u00fctzt die Lippen langanhaltend vor dem Austrocknen<\/p>\n<h4>Anwendung<\/h4>\n<p>Trage den Lippenstift direkt oder mit einem Lippenpinsel auf die Lippen auf.<\/p>\n<h4>Inhaltsstoffe<\/h4>\n<p>Ricinus Communis (Castor) Seed Oil*, Canola Oil, Rhus Verniciflua Peel Wax, Euphorbia Cerifera (Candelilla) Wax, Oryza Sativa (Rice) Bran Wax, Butyrospermum Parkii (Shea) Butter*, Theobroma Cacao (Cocoa) Seed Butter*, Olea Europaea (Olive) Fruit Oil*, Rosa Centifolia Flower Extract*, Alcohol* denat., Tocopherol, Helianthus Annuus (Sunflower) Seed Oil*, Ascorbyl Palmitate, Water (Aqua), Fragrance (Parfum)**, Citronellol**, Limonene**, Geraniol**, Linalool**, Benzyl Alcohol**, Eugenol**, Citral**, [+\/- Mica, Carmine (CI 75470), Iron Oxide (CI 77492), Titanium Dioxide (CI 77891)]\n<p>* ingredients from certified organic agriculture<br \/>\n** natural essential oils<\/p>\n<h4>Allergene<\/h4>\n<p>Benzylalkohol<br \/>\nCitral<br \/>\nCitronellol<br \/>\nEugenol<br \/>\nGeraniol<br \/>\nLinalool<br \/>\nd-Limonene<\/p>\n<div class=\"is-divider divider clearfix\" style=\"max-width:small;\"><\/div>\n<h3>Kontakt<\/h3>\n<p>Bei Fragen oder Anregungen zu diesem Angebot stehen wir Ihnen sehr gern zur Verf\u00fcgung &#8211; <strong><a href=\"https:\/\/komood.shop\/informationen-service\/kontakt\/\">Kontakt<\/a><\/strong>.<\/p>\n","protected":false},"excerpt":{"rendered":"<ul>\n<li class=\"bullet-star\">Rossetto cosmetico naturale con finitura setosa e brillante di Lavera<\/li>\n<li class=\"bullet-star\">Senza glutine, siliconi, olio minerale e microplastiche<\/li>\n<li class=\"bullet-star\">per labbra fresche e saporite da mordere<\/li>\n<\/ul>","protected":false},"featured_media":5380,"comment_status":"open","ping_status":"closed","template":"","meta":[],"product_brand":[],"product_cat":[321,589,619,596,648,591,629,597,649,598,651,449,462,476,464,493,471,590,624,450,592,634,481,483,466,495,472,465,489,469],"product_tag":[433,437,435,438,444,518,525,543,455,439,434,530,425,436,519,520,526,445,523],"giftcard-category":[],"class_list":{"0":"post-5636","1":"product","2":"type-product","3":"status-publish","4":"has-post-thumbnail","6":"product_cat-b2c","7":"product_cat-farbtyp-clear-spring","8":"product_cat-lippenstifte-clear-spring","9":"product_cat-farbtyp-clear-winter","10":"product_cat-lippenstifte-clear-winter","11":"product_cat-farbtyp-cool-summer","12":"product_cat-lippenstifte-cool-summer","13":"product_cat-farbtyp-cool-winter","14":"product_cat-lippenstifte-cool-winter","15":"product_cat-farbtyp-deep-winter","16":"product_cat-lippenstifte-deep-winter","17":"product_cat-dekorative-naturkosmetik","18":"product_cat-farbtypen","19":"product_cat-lippenstifte-fruehling-sommertyp","20":"product_cat-farbtyp-fruehling-sommer","21":"product_cat-lippenstifte-fruehling-wintertyp","22":"product_cat-farbtyp-fruehling-winter","23":"product_cat-farbtyp-light-summer","24":"product_cat-lippenstifte-light-summer","25":"product_cat-lippenstifte","26":"product_cat-farbtyp-soft-summer","27":"product_cat-lippenstifte-soft-summer","28":"product_cat-lippenstifte-sommertyp","29":"product_cat-lippenstifte-sommer-herbsttyp","30":"product_cat-farbtyp-sommer-herbst","31":"product_cat-lippenstifte-sommer-wintertyp","32":"product_cat-farbtyp-sommer-winter","33":"product_cat-farbtyp-sommer","34":"product_cat-lippenstifte-wintertyp","35":"product_cat-farbtyp-winter","36":"product_tag-farbtyp-clear-spring","37":"product_tag-farbtyp-clear-winter","38":"product_tag-farbtyp-cool-summer","39":"product_tag-farbtyp-cool-winter","40":"product_tag-farbtyp-deep-winter","41":"product_tag-fruehling-sommer","42":"product_tag-fruehling-winter","43":"product_tag-cream-glow-lipstick","44":"product_tag-lavera","45":"product_tag-farbtyp-light-spring","46":"product_tag-farbtyp-light-summer","47":"product_tag-lippen","48":"product_tag-b2c","49":"product_tag-farbtyp-soft-summer","50":"product_tag-sommer","51":"product_tag-sommer-herbst","52":"product_tag-sommer-winter","53":"product_tag-tendenz-kuehl","54":"product_tag-winter","56":"first","57":"instock","58":"taxable","59":"shipping-taxable","60":"purchasable","61":"product-type-simple"},"_links":{"self":[{"href":"https:\/\/komood.shop\/it\/wp-json\/wp\/v2\/product\/5636","targetHints":{"allow":["GET"]}}],"collection":[{"href":"https:\/\/komood.shop\/it\/wp-json\/wp\/v2\/product"}],"about":[{"href":"https:\/\/komood.shop\/it\/wp-json\/wp\/v2\/types\/product"}],"replies":[{"embeddable":true,"href":"https:\/\/komood.shop\/it\/wp-json\/wp\/v2\/comments?post=5636"}],"wp:featuredmedia":[{"embeddable":true,"href":"https:\/\/komood.shop\/it\/wp-json\/wp\/v2\/media\/5380"}],"wp:attachment":[{"href":"https:\/\/komood.shop\/it\/wp-json\/wp\/v2\/media?parent=5636"}],"wp:term":[{"taxonomy":"product_brand","embeddable":true,"href":"https:\/\/komood.shop\/it\/wp-json\/wp\/v2\/product_brand?post=5636"},{"taxonomy":"product_cat","embeddable":true,"href":"https:\/\/komood.shop\/it\/wp-json\/wp\/v2\/product_cat?post=5636"},{"taxonomy":"product_tag","embeddable":true,"href":"https:\/\/komood.shop\/it\/wp-json\/wp\/v2\/product_tag?post=5636"},{"taxonomy":"giftcard-category","embeddable":true,"href":"https:\/\/komood.shop\/it\/wp-json\/wp\/v2\/giftcard-category?post=5636"}],"curies":[{"name":"wp","href":"https:\/\/api.w.org\/{rel}","templated":true}]}}