{"id":5087,"date":"2024-07-27T10:26:43","date_gmt":"2024-07-27T10:26:43","guid":{"rendered":"https:\/\/komood.shop\/?post_type=product&#038;p=5087"},"modified":"2026-01-18T14:55:09","modified_gmt":"2026-01-18T14:55:09","slug":"fiducia-nella-ruggine-rossetto-liquido-naturale-opaco-di-benecos","status":"publish","type":"product","link":"https:\/\/komood.shop\/it\/produkt\/trust-in-rust-natural-matte-liquid-lipstick-von-benecos\/","title":{"rendered":"fiducia nella ruggine - Rossetto liquido opaco naturale di Benecos"},"content":{"rendered":"<div class=\"ux-logo has-hover align-middle ux_logo inline-block\" style=\"max-width: 100%!important; width: 170px!important\"><a class=\"ux-logo-link block image-\" title=\"Cosmetici naturali da benecos\" href=\"https:\/\/komood.shop\/it\/caratteristica\/benecos\/\" style=\"padding: 15px;\"><img decoding=\"async\" src=\"https:\/\/komood.shop\/wp-content\/uploads\/benecos-logo-klein.png\" title=\"Cosmetici naturali da benecos\" alt=\"Cosmetici naturali da benecos\" class=\"ux-logo-image block\" style=\"height:50px;\" \/><\/a><\/div>\n<h2>Rossetto liquido opaco naturale \"trust in rust\" di Benecos<\/h2>\n<h3>Cosmetici naturali certificati e controllati (BDIH)<\/h3>\n<div class=\"is-divider divider clearfix\" style=\"max-width:small;\"><\/div>\n<p>Questo rossetto liquido di Benecos, facile da applicare, conferisce ai seguenti tipi di colore un look opaco perfetto.<\/p>\n<p><strong>Sistema freddo-caldo<\/strong><\/p>\n<ul>\n<li class=\"bullet-checkmark\">caldo<\/li>\n<\/ul>\n<p><strong>Sistema di tipi di colore 4|6|10<\/strong><\/p>\n<ul>\n<li class=\"bullet-checkmark\">Autunno<\/li>\n<li class=\"bullet-checkmark\">Autunno-Inverno<\/li>\n<li class=\"bullet-checkmark\">Primavera-autunno<\/li>\n<li class=\"bullet-checkmark\">Primavera-Inverno<\/li>\n<\/ul>\n<p><strong>Sistema a 12 colori<\/strong><\/p>\n<ul>\n<li class=\"bullet-checkmark\">Primavera calda<\/li>\n<li class=\"bullet-checkmark\">Primavera chiara<\/li>\n<li class=\"bullet-checkmark\">Autunno caldo<\/li>\n<li class=\"bullet-checkmark\">Autunno profondo<\/li>\n<li class=\"bullet-checkmark\">Inverno profondo<\/li>\n<\/ul>\n<div class=\"is-divider divider clearfix\" style=\"max-width:small;\"><\/div>\n<h3>Descrizione del produttore<\/h3>\n<p>I LIPSTICKS MATTE LIQUID vegani, altamente pigmentati e opachi come la seta, con olio di ricino nutriente e cera di carnauba, le donano un look espressivo. L'amido di mais fornisce l'effetto opaco di tendenza. La formulazione leggera come una piuma \u00e8 facile da applicare sulle labbra. Buona tenuta.<\/p>\n<p>\u2713 trust in rust \u00e8 una tonalit\u00e0 autunnale, rosso ruggine<br \/>\n\u2713 Rossetto liquido altamente pigmentato, opaco come la seta<br \/>\n\u2713 Senza parole e vegano<br \/>\n\u2713 Buona durata<br \/>\n\u2713 Una combinazione di oli vegetali, cere e vitamina E nutre le labbra.<br \/>\n\u2713 Cosmetici biologici certificati COSMOS Organic<br \/>\nContenuto: 5 ml<\/p>\n<h4>Applicazione<\/h4>\n<p>Per avere labbra perfettamente definite, prima delinei la bocca con un lip liner. Poi applichi il rossetto liquido sulle labbra utilizzando l'applicatore o il pennello per labbra.<\/p>\n<h4>Buono a sapersi<\/h4>\n<p>La preparazione \u00e8 tutto. L'ideale \u00e8 esfoliare le labbra prima dell'applicazione, in modo che le piccole irregolarit\u00e0 scompaiano.<\/p>\n<p>Smaltimento:<br \/>\nUna volta esaurito il rossetto liquido, separi i componenti della confezione e li smaltisca nel centro di riciclaggio\/sacco giallo.<\/p>\n<h4>Ingredienti<\/h4>\n<p>MICA, UNDECANO, OLIO DI SEMI DI RICINO (RICINO)\u00b0, POLIGLICERIDI OLEICI\/LINOLEICI\/LINOLENICI, AMIDO DI ZEA MAYS (MAIS)\u00b0, TRIDECANO, GLICERIL ROSINATO, POLIGLICERIL-4 CAPRATO, SILICE, CERA COPERNICIA CERIFERA (CARNAUBA), OLIO DI JOJOBA IDROGENATO, PARFUM (FRAGRANZA), POLIGLICERIL-3 DIISOSTEARATO, LECITINA, TOCOFEROLO, PALMITATO DI ASCORBILE, ACIDO CITRICO, CI 77491 (OSSIDI DI FERRO), CI 77891 (BIOSSIDO DI TITANIO)<\/p>\n<p>\u00b0\u00b0 aus kontrolliert biologischem Anbau \/ da agricoltura biologica certificata \u00b0\u00b0 nat\u00fcrliche Perfumekomposition \/ fragranza naturale \u00b0\u00b0\u00b0 hergestellt aus Bio-Rohstoffen \/ realizzato con ingredienti biologici<\/p>\n<div class=\"is-divider divider clearfix\" style=\"max-width:small;\"><\/div>\n<h3>Ci contatti<\/h3>\n<p>Se ha domande o suggerimenti in merito a questa offerta, non esiti a contattarci -. <strong><a href=\"https:\/\/komood.shop\/it\/servizio-informazioni\/contatto\/\">Ci contatti<\/a><\/strong>.<\/p>","protected":false},"excerpt":{"rendered":"<ul>\n<li class=\"bullet-star\">Rossetto liquido colorato di cosmetici naturali di Benecos<\/li>\n<li class=\"bullet-star\">con olio di ricino biologico e cera di carnauba<\/li>\n<li class=\"bullet-star\">il lato eccitante e caldo della ruggine<\/li>\n<\/ul>","protected":false},"featured_media":5015,"comment_status":"open","ping_status":"closed","template":"","meta":[],"product_brand":[],"product_cat":[321,589,619,595,647,598,651,449,462,491,470,493,471,485,487,468,467,450,594,646,588,614],"product_tag":[514,451,433,443,444,524,525,521,522,530,425,430,442,440],"giftcard-category":[],"class_list":{"0":"post-5087","1":"product","2":"type-product","3":"status-publish","4":"has-post-thumbnail","6":"product_cat-b2c","7":"product_cat-farbtyp-clear-spring","8":"product_cat-lippenstifte-clear-spring","9":"product_cat-farbtyp-deep-autumn","10":"product_cat-lippenstifte-deep-autumn","11":"product_cat-farbtyp-deep-winter","12":"product_cat-lippenstifte-deep-winter","13":"product_cat-dekorative-naturkosmetik","14":"product_cat-farbtypen","15":"product_cat-lippenstifte-fruehling-herbsttyp","16":"product_cat-farbtyp-fruehling-herbst","17":"product_cat-lippenstifte-fruehling-wintertyp","18":"product_cat-farbtyp-fruehling-winter","19":"product_cat-lippenstifte-herbsttyp","20":"product_cat-lippenstifte-herbst-wintertyp","21":"product_cat-farbtyp-herbst-winter","22":"product_cat-farbtyp-herbst","23":"product_cat-lippenstifte","24":"product_cat-farbtyp-warm-autumn","25":"product_cat-lippenstifte-warm-autumn","26":"product_cat-farbtyp-warm-spring","27":"product_cat-lippenstifte-warm-spring","28":"product_tag-natural-matte-liquid-lipstick","29":"product_tag-benecos","30":"product_tag-farbtyp-clear-spring","31":"product_tag-farbtyp-deep-autumn","32":"product_tag-farbtyp-deep-winter","33":"product_tag-fruehling-herbst","34":"product_tag-fruehling-winter","35":"product_tag-herbst","36":"product_tag-herbst-winter","37":"product_tag-lippen","38":"product_tag-b2c","39":"product_tag-warm","40":"product_tag-farbtyp-warm-autumn","41":"product_tag-farbtyp-warm-spring","43":"first","44":"instock","45":"taxable","46":"shipping-taxable","47":"purchasable","48":"product-type-simple"},"_links":{"self":[{"href":"https:\/\/komood.shop\/it\/wp-json\/wp\/v2\/product\/5087","targetHints":{"allow":["GET"]}}],"collection":[{"href":"https:\/\/komood.shop\/it\/wp-json\/wp\/v2\/product"}],"about":[{"href":"https:\/\/komood.shop\/it\/wp-json\/wp\/v2\/types\/product"}],"replies":[{"embeddable":true,"href":"https:\/\/komood.shop\/it\/wp-json\/wp\/v2\/comments?post=5087"}],"wp:featuredmedia":[{"embeddable":true,"href":"https:\/\/komood.shop\/it\/wp-json\/wp\/v2\/media\/5015"}],"wp:attachment":[{"href":"https:\/\/komood.shop\/it\/wp-json\/wp\/v2\/media?parent=5087"}],"wp:term":[{"taxonomy":"product_brand","embeddable":true,"href":"https:\/\/komood.shop\/it\/wp-json\/wp\/v2\/product_brand?post=5087"},{"taxonomy":"product_cat","embeddable":true,"href":"https:\/\/komood.shop\/it\/wp-json\/wp\/v2\/product_cat?post=5087"},{"taxonomy":"product_tag","embeddable":true,"href":"https:\/\/komood.shop\/it\/wp-json\/wp\/v2\/product_tag?post=5087"},{"taxonomy":"giftcard-category","embeddable":true,"href":"https:\/\/komood.shop\/it\/wp-json\/wp\/v2\/giftcard-category?post=5087"}],"curies":[{"name":"wp","href":"https:\/\/api.w.org\/{rel}","templated":true}]}}