{"id":4733,"date":"2024-06-27T16:12:38","date_gmt":"2024-06-27T16:12:38","guid":{"rendered":"https:\/\/komood.shop\/?post_type=product&#038;p=4733"},"modified":"2025-11-20T15:26:20","modified_gmt":"2025-11-20T15:26:20","slug":"rossetto-rosso-1-2-naturale-di-marie-w","status":"publish","type":"product","link":"https:\/\/komood.shop\/it\/produkt\/rot-1-2-natur-lippenstift-von-marie-w\/","title":{"rendered":"Rosso 1-2 - Rossetto naturale di Marie W."},"content":{"rendered":"<div class=\"ux-logo has-hover align-middle ux_logo inline-block\" style=\"max-width: 100%!important; width: 271px!important\"><a class=\"ux-logo-link block image-\" title=\"Naturkosmetik von Marie W.\" href=\"https:\/\/komood.shop\/merkmal\/marie-w\/\" style=\"padding: 15px;\"><img decoding=\"async\" src=\"https:\/\/komood.shop\/wp-content\/uploads\/marie-w-logo-klein.png\" title=\"Naturkosmetik von Marie W.\" alt=\"Naturkosmetik von Marie W.\" class=\"ux-logo-image block\" style=\"height:50px;\" \/><\/a><\/div>\n<h2>Lippenstift &#8222;Rot 1-2&#8220;<\/h2>\n<h3>Zertifizierter Natur-Lippenstift mit echtem, hochreinem Gold<\/h3>\n<div class=\"is-divider divider clearfix\" style=\"max-width:small;\"><\/div>\n<p>Dieser hochwertige und pflegende Lippenstift von marie w. mit Rohstoffen aus fairem Handel ist f\u00fcr folgende Farbtypen geeignet:<\/p>\n<p><strong>K\u00fchl-Warm-System<\/strong><\/p>\n<ul>\n<li class=\"bullet-checkmark\">tendenziell kalttonig<\/li>\n<\/ul>\n<p><strong>4|6|10-Farbtypen-System<\/strong><\/p>\n<ul>\n<li class=\"bullet-checkmark\">Sommer-Herbst<\/li>\n<li class=\"bullet-checkmark\">Herbst<\/li>\n<li class=\"bullet-checkmark\">Herbst-Winter<\/li>\n<li class=\"bullet-checkmark\">Winter<\/li>\n<li class=\"bullet-checkmark\">Sommer-Winter<\/li>\n<\/ul>\n<p><strong>12-Farbtypen-System<\/strong><\/p>\n<ul>\n<li class=\"bullet-checkmark\">Cool Summer<\/li>\n<li class=\"bullet-checkmark\">Soft Summer<\/li>\n<li class=\"bullet-checkmark\">Soft Autumn<\/li>\n<li class=\"bullet-checkmark\">Deep Autumn<\/li>\n<li class=\"bullet-checkmark\">Clear Winter<\/li>\n<li class=\"bullet-checkmark\">Cool Winter<\/li>\n<li class=\"bullet-checkmark\">Deep Winter<\/li>\n<\/ul>\n<div class=\"is-divider divider clearfix\" style=\"max-width:small;\"><\/div>\n<h3>Beschreibung des Herstellers<\/h3>\n<h4>Rot 1-2<\/h4>\n<p>F\u00fcr sehr helle bis mittlere Teints. Leidenschaftliches Rot ist die klassische Farbe der Liebe, der Energie und der Lebensfreude \u2013 Eine aufregend-warme Nuance f\u00fcr Frauen, die selbstbewusst im Leben stehen.<\/p>\n<h4>marie w. Natur Lippenstift mit echtem Gold<\/h4>\n<ul>\n<li class=\"bullet-star\">Mit kostbarsten, kaltgepressten Bio-\u00d6len aus afrikanischen Frauenprojekten.<\/li>\n<li class=\"bullet-star\">Das Gold als edelste Alternative zu herk\u00f6mmlichem Glanz, sorgt durch die besondere Lichtbrechung f\u00fcr eine optische Milderung von F\u00e4ltchen. Dieser Feuchtigkeitsbinder der Luxusklasse beruhigt gleichzeitig sensible Lippenhaut und schenkt ihr angenehme K\u00fchle.<\/li>\n<li class=\"bullet-star\">Die Farben verdanken ihre magische Ausstrahlung der Kombination ausgew\u00e4hlter Eisenoxide und verschmelzen mit dem nat\u00fcrlichen Ton Ihrer Lippen. Daher ist das Ergebnis immer nat\u00fcrlich, harmonisch und ganz individuell.<\/li>\n<li class=\"bullet-star\">Die Pflege 1-2 Minuten nach dem Auftragen verschmelzen die kostbaren Pflanzen\u00f6le und -wachse mit den Lippen. Mit jeder Anwendung f\u00fchlt sich die Haut zarter und geschmeidiger an und &#8222;lernt&#8220; wieder, ohne st\u00e4ndiges Cremen, sich von selbst zu regenerieren.<\/li>\n<li class=\"bullet-star\">Das Hautgef\u00fchl ist federleicht, zart und geschmeidig &#8211; kein Film aus Fett und Farbe, sondern eine neue Leichtigkeit.<\/li>\n<li class=\"bullet-star\">Zertifiziert nach NATRUE<\/li>\n<\/ul>\n<h4>Inhaltsstoffe<\/h4>\n<p>COCOS NUCIFERA OIL* , OCTYLDODECYL STEAROYL STEARATE , HYDROGENATED VEGETABLE OIL , MICA , C10-18 TRIGLYCERIDES , COPERNICIA CERIFERA CERA* , POLYGLYCERYL-3 DIISOSTEARATE , CANDELILLA CERA , ORYZANOL , TOCOPHEROL , GLYCERYL CAPRYLATE , BUTYROSPERMUM PARKII BUTTER* , CI 77480 (GOLD) , +\/- [CI 75470, CI 77492, CI 77742, CI 77891]\n<p>* aus kontrolliert-biologischem Anbau<\/p>\n<div class=\"is-divider divider clearfix\" style=\"max-width:small;\"><\/div>\n<h3>Kontakt<\/h3>\n<p>Bei Fragen oder Anregungen zu diesem Angebot stehen wir Ihnen sehr gern zur Verf\u00fcgung &#8211; <strong><a href=\"https:\/\/komood.shop\/informationen-service\/kontakt\/\">Kontakt<\/a><\/strong>.<\/p>\n","protected":false},"excerpt":{"rendered":"<ul>\n<li class=\"bullet-star\">Rossetto naturale a base di oli e cere gustosi<\/li>\n<li class=\"bullet-star\">Raffinato in modo efficace con oro vero e di elevata purezza.<\/li>\n<li class=\"bullet-star\">semplicemente un grande rosso - punto e basta!<\/li>\n<\/ul>","protected":false},"featured_media":4613,"comment_status":"open","ping_status":"closed","template":"","meta":[],"product_brand":[],"product_cat":[321,596,648,591,629,597,649,595,647,598,651,449,462,485,487,468,467,450,593,668,592,634,483,466,495,472,489,469],"product_tag":[437,435,438,443,444,521,522,530,459,458,425,441,436,520,526,445,523],"giftcard-category":[],"class_list":{"0":"post-4733","1":"product","2":"type-product","3":"status-publish","4":"has-post-thumbnail","6":"product_cat-b2c","7":"product_cat-farbtyp-clear-winter","8":"product_cat-lippenstifte-clear-winter","9":"product_cat-farbtyp-cool-summer","10":"product_cat-lippenstifte-cool-summer","11":"product_cat-farbtyp-cool-winter","12":"product_cat-lippenstifte-cool-winter","13":"product_cat-farbtyp-deep-autumn","14":"product_cat-lippenstifte-deep-autumn","15":"product_cat-farbtyp-deep-winter","16":"product_cat-lippenstifte-deep-winter","17":"product_cat-dekorative-naturkosmetik","18":"product_cat-farbtypen","19":"product_cat-lippenstifte-herbsttyp","20":"product_cat-lippenstifte-herbst-wintertyp","21":"product_cat-farbtyp-herbst-winter","22":"product_cat-farbtyp-herbst","23":"product_cat-lippenstifte","24":"product_cat-farbtyp-soft-autumn","25":"product_cat-lippenstifte-soft-autumn","26":"product_cat-farbtyp-soft-summer","27":"product_cat-lippenstifte-soft-summer","28":"product_cat-lippenstifte-sommer-herbsttyp","29":"product_cat-farbtyp-sommer-herbst","30":"product_cat-lippenstifte-sommer-wintertyp","31":"product_cat-farbtyp-sommer-winter","32":"product_cat-lippenstifte-wintertyp","33":"product_cat-farbtyp-winter","34":"product_tag-farbtyp-clear-winter","35":"product_tag-farbtyp-cool-summer","36":"product_tag-farbtyp-cool-winter","37":"product_tag-farbtyp-deep-autumn","38":"product_tag-farbtyp-deep-winter","39":"product_tag-herbst","40":"product_tag-herbst-winter","41":"product_tag-lippen","42":"product_tag-marie-w","43":"product_tag-natur-lippenstift","44":"product_tag-b2c","45":"product_tag-farbtyp-soft-autumn","46":"product_tag-farbtyp-soft-summer","47":"product_tag-sommer-herbst","48":"product_tag-sommer-winter","49":"product_tag-tendenz-kuehl","50":"product_tag-winter","52":"first","53":"instock","54":"taxable","55":"shipping-taxable","56":"purchasable","57":"product-type-simple"},"_links":{"self":[{"href":"https:\/\/komood.shop\/it\/wp-json\/wp\/v2\/product\/4733","targetHints":{"allow":["GET"]}}],"collection":[{"href":"https:\/\/komood.shop\/it\/wp-json\/wp\/v2\/product"}],"about":[{"href":"https:\/\/komood.shop\/it\/wp-json\/wp\/v2\/types\/product"}],"replies":[{"embeddable":true,"href":"https:\/\/komood.shop\/it\/wp-json\/wp\/v2\/comments?post=4733"}],"wp:featuredmedia":[{"embeddable":true,"href":"https:\/\/komood.shop\/it\/wp-json\/wp\/v2\/media\/4613"}],"wp:attachment":[{"href":"https:\/\/komood.shop\/it\/wp-json\/wp\/v2\/media?parent=4733"}],"wp:term":[{"taxonomy":"product_brand","embeddable":true,"href":"https:\/\/komood.shop\/it\/wp-json\/wp\/v2\/product_brand?post=4733"},{"taxonomy":"product_cat","embeddable":true,"href":"https:\/\/komood.shop\/it\/wp-json\/wp\/v2\/product_cat?post=4733"},{"taxonomy":"product_tag","embeddable":true,"href":"https:\/\/komood.shop\/it\/wp-json\/wp\/v2\/product_tag?post=4733"},{"taxonomy":"giftcard-category","embeddable":true,"href":"https:\/\/komood.shop\/it\/wp-json\/wp\/v2\/giftcard-category?post=4733"}],"curies":[{"name":"wp","href":"https:\/\/api.w.org\/{rel}","templated":true}]}}