{"id":4726,"date":"2024-06-27T11:06:56","date_gmt":"2024-06-27T11:06:56","guid":{"rendered":"https:\/\/komood.shop\/?post_type=product&#038;p=4726"},"modified":"2025-11-20T15:28:41","modified_gmt":"2025-11-20T15:28:41","slug":"rossetto-opaco-vivid-red-04-velvet-di-lavera","status":"publish","type":"product","link":"https:\/\/komood.shop\/it\/produkt\/vivid-red-04-velvet-matt-lipstick-von-lavera\/","title":{"rendered":"Vivid Red 04 - Rossetto Velvet Matt di Lavera"},"content":{"rendered":"<div class=\"ux-logo has-hover align-middle ux_logo inline-block\" style=\"max-width: 100%!important; width: 139px!important\"><a class=\"ux-logo-link block image-\" title=\"Naturkosmetik von Lavera\" href=\"https:\/\/komood.shop\/merkmal\/lavera\/\" style=\"padding: 15px;\"><img decoding=\"async\" src=\"https:\/\/komood.shop\/wp-content\/uploads\/lavera-logo-klein.png\" title=\"Naturkosmetik von Lavera\" alt=\"Naturkosmetik von Lavera\" class=\"ux-logo-image block\" style=\"height:50px;\" \/><\/a><\/div>\n<h2>Matter Lippenstift &#8222;Vivid Red&#8220; von Lavera<\/h2>\n<h3>Zertifizierte Naturkosmetik, Made in Germany<\/h3>\n<div class=\"is-divider divider clearfix\" style=\"max-width:small;\"><\/div>\n<p>Dieser nat\u00fcrlich pflegende Lippenstift von Lavera mit langanhaltend-intensiver Farbe ist f\u00fcr folgende Farbtypen geeignet:<\/p>\n<p><strong>K\u00fchl-Warm-System<\/strong><\/p>\n<ul>\n<li class=\"bullet-checkmark\">warm<\/li>\n<\/ul>\n<p><strong>4|6|10-Farbtypen-System<\/strong><\/p>\n<ul>\n<li class=\"bullet-checkmark\">Fr\u00fchling<\/li>\n<li class=\"bullet-checkmark\">Herbst<\/li>\n<li class=\"bullet-checkmark\">Fr\u00fchling-Herbst<\/li>\n<\/ul>\n<p><strong>12-Farbtypen-System<\/strong><\/p>\n<ul>\n<li class=\"bullet-checkmark\">Warm Spring<\/li>\n<li class=\"bullet-checkmark\">Clear Spring<\/li>\n<li class=\"bullet-checkmark\">Soft Autumn<\/li>\n<li class=\"bullet-checkmark\">Warm Autumn<\/li>\n<li class=\"bullet-checkmark\">Deep Autumn<\/li>\n<\/ul>\n<div class=\"is-divider divider clearfix\" style=\"max-width:small;\"><\/div>\n<h3>Beschreibung des Herstellers<\/h3>\n<p>Der lavera Velvet Matt Lipstick fasziniert mit einem verf\u00fchrerisch matten Finish &#8211; ohne die Lippen auszutrocknen. Die sanfte Textur hinterl\u00e4sst ein angenehmes und weiches Gef\u00fchl auf der zarten Lippenhaut &#8211; das gute Gef\u00fchl von zertifizierter Naturkosmetik auf den Lippen<\/p>\n<p>\u2713 Cremig, matte Textur, langanhaltend-intensive Farbe<br \/>\n\u2713 Trocknet die Lippen nicht aus.<br \/>\n\u2713 Glutenfrei, ohne Silikone, ohne Mineral\u00f6l, ohne Mikroplastik, dermatologisch getestet<br \/>\n\u2713 Zertifizierte Naturkosmetik, Made in Germany<\/p>\n<h4>Anwendung<\/h4>\n<p>Beginnend an einem Mundwinkel die Farbe auf die kompletten Lippen gleichm\u00e4\u00dfig auftragen.<\/p>\n<h4>Inhaltsstoffe<\/h4>\n<p>Butyrospermum Parkii (Shea) Oil, Helianthus Annuus (Sunflower) Seed Oil*, Triheptanoin, Shea Butter Ethyl Esters, Silica, Euphorbia Cerifera (Candelilla) Wax, Oryza Sativa (Rice) Bran Wax, Polyglyceryl-3 Diisostearate, Trihydroxystearin, C10-18 Triglycerides, Glyceryl Rosinate, Butyrospermum Parkii (Shea) Butter, Rhus Verniciflua Peel Wax, Cetyl Alcohol, Tilia Cordata Flower Extract*, Rosa Centifolia Flower Extract*, Malva Sylvestris (Mallow) Flower Extract*, Cocos Nucifera (Coconut) Oil*, Theobroma Cacao (Cocoa) Seed Butter*, Olea Europaea (Olive) Fruit Oil*, Olea Europaea (Olive) Oil Unsaponifiables, Tocopherol, Maltodextrin, Helianthus Annuus (Sunflower) Seed Oil*, Alcohol* denat., Citric Acid, Ascorbyl Palmitate, Water (Aqua), Fragrance (Parfum)**, Geraniol**, Linalool**, Limonene**, Benzyl Salicylate**, Citral**, Citronellol**, Benzyl Alcohol**, [+\/- Carmine (CI 75470), Iron Oxide (CI 77491), Iron Oxide (CI 77492), Iron Oxide (CI 77499), Titanium Dioxide (CI 77891)]\n<p>* ingredients from certified organic agriculture<br \/>\n** natural essential oils<\/p>\n<h4>Allergene<\/h4>\n<p>Benzyl-Salicylate<br \/>\nBenzylalkohol<br \/>\nCitral<br \/>\nCitronellol<br \/>\nLinalool<br \/>\nd-Limonene<\/p>\n<div class=\"is-divider divider clearfix\" style=\"max-width:small;\"><\/div>\n<h3>Kontakt<\/h3>\n<p>Bei Fragen oder Anregungen zu diesem Angebot stehen wir Ihnen sehr gern zur Verf\u00fcgung &#8211; <strong><a href=\"https:\/\/komood.shop\/informationen-service\/kontakt\/\">Kontakt<\/a><\/strong>.<\/p>\n","protected":false},"excerpt":{"rendered":"<ul>\n<li class=\"bullet-star\">Rossetto cosmetico naturale con finitura opaca di Lavera<\/li>\n<li class=\"bullet-star\">Senza glutine, siliconi, olio minerale e microplastiche<\/li>\n<li class=\"bullet-star\">Labbra luminose in rosso-marrone opaco<\/li>\n<\/ul>","protected":false},"featured_media":4607,"comment_status":"open","ping_status":"closed","template":"","meta":[],"product_brand":[],"product_cat":[321,589,619,595,647,449,462,473,491,470,463,485,467,450,593,668,594,646,588,614],"product_tag":[433,443,517,524,521,456,455,530,425,441,430,442,440],"giftcard-category":[],"class_list":{"0":"post-4726","1":"product","2":"type-product","3":"status-publish","4":"has-post-thumbnail","6":"product_cat-b2c","7":"product_cat-farbtyp-clear-spring","8":"product_cat-lippenstifte-clear-spring","9":"product_cat-farbtyp-deep-autumn","10":"product_cat-lippenstifte-deep-autumn","11":"product_cat-dekorative-naturkosmetik","12":"product_cat-farbtypen","13":"product_cat-lippenstifte-fruehlingstyp","14":"product_cat-lippenstifte-fruehling-herbsttyp","15":"product_cat-farbtyp-fruehling-herbst","16":"product_cat-farbtyp-fruehling","17":"product_cat-lippenstifte-herbsttyp","18":"product_cat-farbtyp-herbst","19":"product_cat-lippenstifte","20":"product_cat-farbtyp-soft-autumn","21":"product_cat-lippenstifte-soft-autumn","22":"product_cat-farbtyp-warm-autumn","23":"product_cat-lippenstifte-warm-autumn","24":"product_cat-farbtyp-warm-spring","25":"product_cat-lippenstifte-warm-spring","26":"product_tag-farbtyp-clear-spring","27":"product_tag-farbtyp-deep-autumn","28":"product_tag-fruehling","29":"product_tag-fruehling-herbst","30":"product_tag-herbst","31":"product_tag-velvet-matt-lipstick","32":"product_tag-lavera","33":"product_tag-lippen","34":"product_tag-b2c","35":"product_tag-farbtyp-soft-autumn","36":"product_tag-warm","37":"product_tag-farbtyp-warm-autumn","38":"product_tag-farbtyp-warm-spring","40":"first","41":"instock","42":"taxable","43":"shipping-taxable","44":"purchasable","45":"product-type-simple"},"_links":{"self":[{"href":"https:\/\/komood.shop\/it\/wp-json\/wp\/v2\/product\/4726","targetHints":{"allow":["GET"]}}],"collection":[{"href":"https:\/\/komood.shop\/it\/wp-json\/wp\/v2\/product"}],"about":[{"href":"https:\/\/komood.shop\/it\/wp-json\/wp\/v2\/types\/product"}],"replies":[{"embeddable":true,"href":"https:\/\/komood.shop\/it\/wp-json\/wp\/v2\/comments?post=4726"}],"wp:featuredmedia":[{"embeddable":true,"href":"https:\/\/komood.shop\/it\/wp-json\/wp\/v2\/media\/4607"}],"wp:attachment":[{"href":"https:\/\/komood.shop\/it\/wp-json\/wp\/v2\/media?parent=4726"}],"wp:term":[{"taxonomy":"product_brand","embeddable":true,"href":"https:\/\/komood.shop\/it\/wp-json\/wp\/v2\/product_brand?post=4726"},{"taxonomy":"product_cat","embeddable":true,"href":"https:\/\/komood.shop\/it\/wp-json\/wp\/v2\/product_cat?post=4726"},{"taxonomy":"product_tag","embeddable":true,"href":"https:\/\/komood.shop\/it\/wp-json\/wp\/v2\/product_tag?post=4726"},{"taxonomy":"giftcard-category","embeddable":true,"href":"https:\/\/komood.shop\/it\/wp-json\/wp\/v2\/giftcard-category?post=4726"}],"curies":[{"name":"wp","href":"https:\/\/api.w.org\/{rel}","templated":true}]}}