{"id":4696,"date":"2024-06-25T09:02:35","date_gmt":"2024-06-25T09:02:35","guid":{"rendered":"https:\/\/komood.shop\/?post_type=product&#038;p=4696"},"modified":"2025-11-20T15:28:48","modified_gmt":"2025-11-20T15:28:48","slug":"rossetto-naturale-allanguria-di-benecos","status":"publish","type":"product","link":"https:\/\/komood.shop\/it\/produkt\/watermelon-natural-lipstick-von-benecos\/","title":{"rendered":"anguria - Rossetto naturale di Benecos"},"content":{"rendered":"<div class=\"ux-logo has-hover align-middle ux_logo inline-block\" style=\"max-width: 100%!important; width: 170px!important\"><a class=\"ux-logo-link block image-\" title=\"Cosmetici naturali da benecos\" href=\"https:\/\/komood.shop\/it\/caratteristica\/benecos\/\" style=\"padding: 15px;\"><img decoding=\"async\" src=\"https:\/\/komood.shop\/wp-content\/uploads\/benecos-logo-klein.png\" title=\"Cosmetici naturali da benecos\" alt=\"Cosmetici naturali da benecos\" class=\"ux-logo-image block\" style=\"height:50px;\" \/><\/a><\/div>\n<h2>Rossetto \"anguria\" di Benecos<\/h2>\n<h3>Cosmetici naturali certificati e controllati (BDIH)<\/h3>\n<div class=\"is-divider divider clearfix\" style=\"max-width:small;\"><\/div>\n<p>Questo rossetto altamente pigmentato e nutriente di Benecos \u00e8 adatto ai seguenti tipi di colore:<\/p>\n<p><strong>Sistema freddo-caldo<\/strong><\/p>\n<ul>\n<li class=\"bullet-checkmark\">fresco<\/li>\n<\/ul>\n<p><strong>Sistema di tipi di colore 4|6|10<\/strong><\/p>\n<ul>\n<li class=\"bullet-checkmark\">Estate<\/li>\n<li class=\"bullet-checkmark\">Inverno<\/li>\n<li class=\"bullet-checkmark\">Primavera-Inverno<\/li>\n<li class=\"bullet-checkmark\">Estate-Inverno<\/li>\n<\/ul>\n<p><strong>Sistema a 12 colori<\/strong><\/p>\n<ul>\n<li class=\"bullet-checkmark\">Estate leggera<\/li>\n<li class=\"bullet-checkmark\">Estate fresca<\/li>\n<li class=\"bullet-checkmark\">Estate morbida<\/li>\n<li class=\"bullet-checkmark\">Inverno sereno<\/li>\n<li class=\"bullet-checkmark\">Inverno freddo<\/li>\n<li class=\"bullet-checkmark\">Inverno profondo<\/li>\n<\/ul>\n<div class=\"is-divider divider clearfix\" style=\"max-width:small;\"><\/div>\n<h3>Descrizione del produttore<\/h3>\n<p>Rossetto cremoso con grande resa cromatica che nutre, protegge e rende le sue labbra morbide e vellutate, grazie a un complesso di olio di semi di albero miracoloso biologico, cera di candelilla e vitamina E. Per labbra irresistibili<\/p>\n<p>\u2713 Rosso scuro lucido, adatto per l'uso quotidiano<br \/>\n\u2713 Complesso protettivo per labbra morbide e vellutate<br \/>\n\u2713 Rilascio di colore intenso e altamente pigmentato<br \/>\n\u2713 Cosmetici naturali certificati e controllati (BDIH)<\/p>\n<h4>Applicazione<\/h4>\n<p>Applichi il rossetto direttamente sulle labbra o con il pennello labbra benecos. Per farlo durare pi\u00f9 a lungo, pu\u00f2 prima delineare le labbra con la lip liner di benecos. Per far durare il rossetto ancora pi\u00f9 a lungo, pu\u00f2 rivestire completamente le labbra con l'eyeliner e poi applicare il rossetto.<\/p>\n<h4>Buono a sapersi<\/h4>\n<p>Per enfatizzare davvero il cuore delle sue labbra, pu\u00f2 riempirle con un lucidalabbra per farle sembrare pi\u00f9 piene.<\/p>\n<p>Smaltimento: Una volta esaurito il rossetto, separi i componenti della confezione e li smaltisca nel centro di riciclaggio\/sacco giallo.<\/p>\n<h4>Ingredienti<\/h4>\n<p>INGREDIENTI (INCI): OLIO DI SEMI DI RICINO\u00b0, EUPHORBIA CERIFERA CERA\/EUPHORBIA CERIFERA (CANDELILLA), ESTERI STEARILICI DI OLIO D'OLIVA IDROGENATO\u00b0, POLIGLICERIDI OLEICI\/LINOLEICI\/LINOLENICI, TOCOFEROLO, PARFUM (FRAGRANZA)\u00b0\u00b0, OLIO DI SEMI DI SIMMONDSIA CHINENSIS (JOJOBA)\u00b0, LIMONENE\u00b0\u00b0, LINALOOL\u00b0\u00b0, CI 77891 (BIOSSIDO DI TITANIO), CI 77492 (OSSIDI DI FERRO), CI 77491 (OSSIDI DI FERRO), CI 75470 (CARMINIO)<\/p>\n<p>\u00b0\u00b0 aus kontrolliert biologischem Anbau \/ da agricoltura biologica certificata \u00b0\u00b0 nat\u00fcrliche Perfumekomposition \/ fragranza naturale \u00b0\u00b0\u00b0 hergestellt aus Bio-Rohstoffen \/ realizzato con ingredienti biologici<\/p>\n<div class=\"is-divider divider clearfix\" style=\"max-width:small;\"><\/div>\n<h3>Ci contatti<\/h3>\n<p>Se ha domande o suggerimenti in merito a questa offerta, non esiti a contattarci -. <strong><a href=\"https:\/\/komood.shop\/it\/servizio-informazioni\/contatto\/\">Ci contatti<\/a><\/strong>.<\/p>","protected":false},"excerpt":{"rendered":"<ul>\n<li class=\"bullet-star\">rossetto cosmetico naturale e nutriente di Benecos<\/li>\n<li class=\"bullet-star\">con olio di semi di albero miracoloso biologico, cera di candelilla e vitamina E<\/li>\n<li class=\"bullet-star\">un rosso fresco e traslucido<\/li>\n<\/ul>","protected":false},"featured_media":4593,"comment_status":"open","ping_status":"closed","template":"","meta":[],"product_brand":[],"product_cat":[321,596,648,591,629,597,649,598,651,449,462,493,471,590,624,450,592,634,481,495,472,465,489,469],"product_tag":[452,451,437,435,438,444,525,429,434,530,425,436,519,526,523],"giftcard-category":[],"class_list":{"0":"post-4696","1":"product","2":"type-product","3":"status-publish","4":"has-post-thumbnail","6":"product_cat-b2c","7":"product_cat-farbtyp-clear-winter","8":"product_cat-lippenstifte-clear-winter","9":"product_cat-farbtyp-cool-summer","10":"product_cat-lippenstifte-cool-summer","11":"product_cat-farbtyp-cool-winter","12":"product_cat-lippenstifte-cool-winter","13":"product_cat-farbtyp-deep-winter","14":"product_cat-lippenstifte-deep-winter","15":"product_cat-dekorative-naturkosmetik","16":"product_cat-farbtypen","17":"product_cat-lippenstifte-fruehling-wintertyp","18":"product_cat-farbtyp-fruehling-winter","19":"product_cat-farbtyp-light-summer","20":"product_cat-lippenstifte-light-summer","21":"product_cat-lippenstifte","22":"product_cat-farbtyp-soft-summer","23":"product_cat-lippenstifte-soft-summer","24":"product_cat-lippenstifte-sommertyp","25":"product_cat-lippenstifte-sommer-wintertyp","26":"product_cat-farbtyp-sommer-winter","27":"product_cat-farbtyp-sommer","28":"product_cat-lippenstifte-wintertyp","29":"product_cat-farbtyp-winter","30":"product_tag-natural-lipstick","31":"product_tag-benecos","32":"product_tag-farbtyp-clear-winter","33":"product_tag-farbtyp-cool-summer","34":"product_tag-farbtyp-cool-winter","35":"product_tag-farbtyp-deep-winter","36":"product_tag-fruehling-winter","37":"product_tag-kuehl","38":"product_tag-farbtyp-light-summer","39":"product_tag-lippen","40":"product_tag-b2c","41":"product_tag-farbtyp-soft-summer","42":"product_tag-sommer","43":"product_tag-sommer-winter","44":"product_tag-winter","46":"first","47":"instock","48":"taxable","49":"shipping-taxable","50":"purchasable","51":"product-type-simple"},"_links":{"self":[{"href":"https:\/\/komood.shop\/it\/wp-json\/wp\/v2\/product\/4696","targetHints":{"allow":["GET"]}}],"collection":[{"href":"https:\/\/komood.shop\/it\/wp-json\/wp\/v2\/product"}],"about":[{"href":"https:\/\/komood.shop\/it\/wp-json\/wp\/v2\/types\/product"}],"replies":[{"embeddable":true,"href":"https:\/\/komood.shop\/it\/wp-json\/wp\/v2\/comments?post=4696"}],"wp:featuredmedia":[{"embeddable":true,"href":"https:\/\/komood.shop\/it\/wp-json\/wp\/v2\/media\/4593"}],"wp:attachment":[{"href":"https:\/\/komood.shop\/it\/wp-json\/wp\/v2\/media?parent=4696"}],"wp:term":[{"taxonomy":"product_brand","embeddable":true,"href":"https:\/\/komood.shop\/it\/wp-json\/wp\/v2\/product_brand?post=4696"},{"taxonomy":"product_cat","embeddable":true,"href":"https:\/\/komood.shop\/it\/wp-json\/wp\/v2\/product_cat?post=4696"},{"taxonomy":"product_tag","embeddable":true,"href":"https:\/\/komood.shop\/it\/wp-json\/wp\/v2\/product_tag?post=4696"},{"taxonomy":"giftcard-category","embeddable":true,"href":"https:\/\/komood.shop\/it\/wp-json\/wp\/v2\/giftcard-category?post=4696"}],"curies":[{"name":"wp","href":"https:\/\/api.w.org\/{rel}","templated":true}]}}