{"id":4694,"date":"2024-06-25T08:27:35","date_gmt":"2024-06-25T08:27:35","guid":{"rendered":"https:\/\/komood.shop\/?post_type=product&#038;p=4694"},"modified":"2025-11-20T15:28:50","modified_gmt":"2025-11-20T15:28:50","slug":"rossetto-naturale-molto-berry-matt-di-benecos","status":"publish","type":"product","link":"https:\/\/komood.shop\/it\/produkt\/very-berry-matt-natural-lipstick-von-benecos\/","title":{"rendered":"molto berry - Rossetto naturale opaco di Benecos"},"content":{"rendered":"<div class=\"ux-logo has-hover align-middle ux_logo inline-block\" style=\"max-width: 100%!important; width: 170px!important\"><a class=\"ux-logo-link block image-\" title=\"Cosmetici naturali da benecos\" href=\"https:\/\/komood.shop\/it\/caratteristica\/benecos\/\" style=\"padding: 15px;\"><img decoding=\"async\" src=\"https:\/\/komood.shop\/wp-content\/uploads\/benecos-logo-klein.png\" title=\"Cosmetici naturali da benecos\" alt=\"Cosmetici naturali da benecos\" class=\"ux-logo-image block\" style=\"height:50px;\" \/><\/a><\/div>\n<h2>Rossetto \"very berry\" di Benecos<\/h2>\n<h3>Cosmetici naturali certificati e controllati (BDIH)<\/h3>\n<div class=\"is-divider divider clearfix\" style=\"max-width:small;\"><\/div>\n<p>Questo rossetto altamente pigmentato e nutriente di Benecos \u00e8 adatto ai seguenti tipi di colore:<\/p>\n<p><strong>Sistema freddo-caldo<\/strong><\/p>\n<ul>\n<li class=\"bullet-checkmark\">tende ad avere toni freddi<\/li>\n<\/ul>\n<p><strong>Sistema di tipi di colore 4|6|10<\/strong><\/p>\n<ul>\n<li class=\"bullet-checkmark\">Autunno-Inverno<\/li>\n<li class=\"bullet-checkmark\">Inverno<\/li>\n<li class=\"bullet-checkmark\">Estate-Inverno<\/li>\n<\/ul>\n<p><strong>Sistema a 12 colori<\/strong><\/p>\n<ul>\n<li class=\"bullet-checkmark\">Autunno profondo<\/li>\n<li class=\"bullet-checkmark\">Inverno freddo<\/li>\n<li class=\"bullet-checkmark\">Inverno profondo<\/li>\n<\/ul>\n<div class=\"is-divider divider clearfix\" style=\"max-width:small;\"><\/div>\n<h3>Descrizione del produttore<\/h3>\n<p>Finitura vellutata-opaca, leggermente polverosa. L'effetto opaco si ottiene utilizzando la silice in combinazione con l'amido di mais biologico. Allo stesso tempo, varie cere e oli biologici come la cera d'api, l'olio di avocado e di babassu lasciano le labbra morbide e idratate.<\/p>\n<p>\u2713 <em>molto bacche<\/em> \u00e8 di colore bluastro e bacche<br \/>\n\u2713 Finitura vellutata-opaca, leggermente polverosa<br \/>\n\u2713 Con cera d'api e olio di avocado<br \/>\n\u2713 Rilascio di colore intenso e altamente pigmentato<br \/>\n\u2713 Complesso protettivo per labbra morbide<br \/>\n\u2713 Cosmetici naturali certificati e controllati (BDIH)<\/p>\n<h4>Applicazione<\/h4>\n<p>Applichi il rossetto direttamente sulle labbra o con il pennello labbra benecos. Per farlo durare pi\u00f9 a lungo, pu\u00f2 prima delineare le labbra con la lip liner di benecos. Per far durare il rossetto ancora pi\u00f9 a lungo, pu\u00f2 rivestire completamente le labbra con l'eyeliner e poi applicare il rossetto.<\/p>\n<h4>Buono a sapersi<\/h4>\n<p>Per enfatizzare davvero il cuore delle sue labbra, pu\u00f2 riempirle con un lucidalabbra per farle sembrare pi\u00f9 piene.<\/p>\n<p>Smaltimento: Una volta esaurito il rossetto, separi i componenti della confezione e li smaltisca nel centro di riciclaggio\/sacco giallo.<\/p>\n<h4>Ingredienti<\/h4>\n<p>INGREDIENTI (INCI): ESTERI DECILICI DELL'OLIO D'OLIVA\u00b0, POLIGLICERIDI IDROSSISTEARICI\/LINOLENICI\/OLEICI, OLIO DI SEMI DI RICINO\u00b0, SILICE, CERA ALBA (CERA D'API)\u00b0, OLIO DI PERSEA GRATISSIMA (AVOCADO)\u00b0, CERA DI COPERNICIA CERIFERA\/ CERA DI COPERNICIA CERIFERA (CARNAUBA)\u00b0, OLIO DI SEMI DI ORBIGNYA OLEIFERA (BABASSU)\u00b0, OLEIL OLEATO, SQUALENE, EUPHORBIA CERIFERA CERA\/ CERA DI EUPHORBIA CERIFERA (CANDELILLA), AMIDO DI ZEA MAYS (MAIS)\u00b0, TOCOFEROLO, PARFUM (FRAGRANZA)\u00b0\u00b0, LIMONENE\u00b0\u00b0, LINALOOL\u00b0\u00b0, OSSIDO DI STAGNO, CI 75470 (CARMINIO), CI 77007 (ULTRAMARINI), CI 77<\/p>\n<p>\u00b0\u00b0 aus kontrolliert biologischem Anbau \/ da agricoltura biologica certificata \u00b0\u00b0 nat\u00fcrliche Perfumekomposition \/ fragranza naturale \u00b0\u00b0\u00b0 hergestellt aus Bio-Rohstoffen \/ realizzato con ingredienti biologici<\/p>\n<div class=\"is-divider divider clearfix\" style=\"max-width:small;\"><\/div>\n<h3>Ci contatti<\/h3>\n<p>Se ha domande o suggerimenti in merito a questa offerta, non esiti a contattarci -. <strong><a href=\"https:\/\/komood.shop\/it\/servizio-informazioni\/contatto\/\">Ci contatti<\/a><\/strong>.<\/p>","protected":false},"excerpt":{"rendered":"<ul>\n<li class=\"bullet-star\">Rossetto cosmetico naturale opaco di Benecos<\/li>\n<li class=\"bullet-star\">Complesso di cura con cera d'api e olio di avocado<\/li>\n<li class=\"bullet-star\">un frutto sensualmente seducente<\/li>\n<\/ul>","protected":false},"featured_media":4583,"comment_status":"open","ping_status":"closed","template":"","meta":[],"product_brand":[],"product_cat":[321,597,649,595,647,598,651,449,462,487,468,450,495,472,489,469],"product_tag":[452,451,438,443,444,522,530,425,526,445,523],"giftcard-category":[],"class_list":{"0":"post-4694","1":"product","2":"type-product","3":"status-publish","4":"has-post-thumbnail","6":"product_cat-b2c","7":"product_cat-farbtyp-cool-winter","8":"product_cat-lippenstifte-cool-winter","9":"product_cat-farbtyp-deep-autumn","10":"product_cat-lippenstifte-deep-autumn","11":"product_cat-farbtyp-deep-winter","12":"product_cat-lippenstifte-deep-winter","13":"product_cat-dekorative-naturkosmetik","14":"product_cat-farbtypen","15":"product_cat-lippenstifte-herbst-wintertyp","16":"product_cat-farbtyp-herbst-winter","17":"product_cat-lippenstifte","18":"product_cat-lippenstifte-sommer-wintertyp","19":"product_cat-farbtyp-sommer-winter","20":"product_cat-lippenstifte-wintertyp","21":"product_cat-farbtyp-winter","22":"product_tag-natural-lipstick","23":"product_tag-benecos","24":"product_tag-farbtyp-cool-winter","25":"product_tag-farbtyp-deep-autumn","26":"product_tag-farbtyp-deep-winter","27":"product_tag-herbst-winter","28":"product_tag-lippen","29":"product_tag-b2c","30":"product_tag-sommer-winter","31":"product_tag-tendenz-kuehl","32":"product_tag-winter","34":"first","35":"instock","36":"taxable","37":"shipping-taxable","38":"purchasable","39":"product-type-simple"},"_links":{"self":[{"href":"https:\/\/komood.shop\/it\/wp-json\/wp\/v2\/product\/4694","targetHints":{"allow":["GET"]}}],"collection":[{"href":"https:\/\/komood.shop\/it\/wp-json\/wp\/v2\/product"}],"about":[{"href":"https:\/\/komood.shop\/it\/wp-json\/wp\/v2\/types\/product"}],"replies":[{"embeddable":true,"href":"https:\/\/komood.shop\/it\/wp-json\/wp\/v2\/comments?post=4694"}],"wp:featuredmedia":[{"embeddable":true,"href":"https:\/\/komood.shop\/it\/wp-json\/wp\/v2\/media\/4583"}],"wp:attachment":[{"href":"https:\/\/komood.shop\/it\/wp-json\/wp\/v2\/media?parent=4694"}],"wp:term":[{"taxonomy":"product_brand","embeddable":true,"href":"https:\/\/komood.shop\/it\/wp-json\/wp\/v2\/product_brand?post=4694"},{"taxonomy":"product_cat","embeddable":true,"href":"https:\/\/komood.shop\/it\/wp-json\/wp\/v2\/product_cat?post=4694"},{"taxonomy":"product_tag","embeddable":true,"href":"https:\/\/komood.shop\/it\/wp-json\/wp\/v2\/product_tag?post=4694"},{"taxonomy":"giftcard-category","embeddable":true,"href":"https:\/\/komood.shop\/it\/wp-json\/wp\/v2\/giftcard-category?post=4694"}],"curies":[{"name":"wp","href":"https:\/\/api.w.org\/{rel}","templated":true}]}}