{"id":8596,"date":"2024-05-05T20:55:20","date_gmt":"2024-05-05T20:55:20","guid":{"rendered":"https:\/\/komood.shop\/?post_type=product&#038;p=8596"},"modified":"2026-03-04T08:18:01","modified_gmt":"2026-03-04T08:18:01","slug":"passeport-couleur-ete-tissu-eventails-couleur-neo-40","status":"publish","type":"product","link":"https:\/\/komood.shop\/fr\/produkt\/farbpass-sommer-stoff-farbfaecher-neo-40\/","title":{"rendered":"Passeport de couleurs \u00e9t\u00e9 | Nuancier de tissus Neo 4.0"},"content":{"rendered":"<div class=\"ux-logo has-hover align-middle ux_logo inline-block\" style=\"max-width: 100%!important; width: 237px!important\"><a class=\"ux-logo-link block image-\" title=\"Passeports de couleurs et mat\u00e9riel de conseil de komood\" href=\"https:\/\/komood.shop\/fr\/caracteristique\/komood\/\" style=\"padding: 15px;\"><img decoding=\"async\" src=\"https:\/\/komood.shop\/wp-content\/uploads\/komood-logo-klein.png\" title=\"Passeports de couleurs et mat\u00e9riel de conseil de komood\" alt=\"Passeports de couleurs et mat\u00e9riel de conseil de komood\" class=\"ux-logo-image block\" style=\"height:50px;\" \/><\/a><\/div>\n<h2>Nuancier textile pour le type de couleur \u00c9t\u00e9 | N\u00e9o - version 4.0<\/h2>\n<h3>Spectre de couleurs clair.froid.couvert<\/h3>\n<div class=\"is-divider divider clearfix\" style=\"max-width:small;\"><\/div>\n<p>Cet \u00e9ventail de couleurs unique de Komood se distingue par les caract\u00e9ristiques particuli\u00e8res suivantes :<\/p>\n<ul>\n<li class=\"bullet-checkmark\">tr\u00e8s grande <strong>choix de couleurs conforme au type<\/strong> (voir \u00e0 ce sujet notre info \"Couleurs &amp; repr\u00e9sentation des couleurs\"),<\/li>\n<li class=\"bullet-checkmark\">2 cartes Informations textuelles sur le <strong>Type de couleur \u00e9t\u00e9<\/strong>, imprim\u00e9 sur les deux faces,<\/li>\n<li class=\"bullet-checkmark\">30 nuanciers fabriqu\u00e9s \u00e0 la main \u00e0 partir de tissus de coton renforc\u00e9s au verso,<\/li>\n<li class=\"bullet-checkmark\">Enveloppe en carton solide,<\/li>\n<li class=\"bullet-checkmark\">Reliure avec une vis \u00e0 livre bloqu\u00e9e contre le d\u00e9vissage,<\/li>\n<li class=\"bullet-checkmark\">tr\u00e8s facile \u00e0 \u00e9venter,<\/li>\n<li class=\"bullet-checkmark\">surfaces mates pour une comparaison optimale des couleurs sous lumi\u00e8re artificielle.<\/li>\n<\/ul>\n<div class=\"is-divider divider clearfix\" style=\"max-width:small;\"><\/div>\n<h3>Options et accessoires<\/h3>\n<p><strong>L'\u00e9tui<\/strong><\/p>\n<p>Comme accessoire, nous proposons un \u00e9tui fait main en alcantara d'environ 70 x 100 x 25mm en diff\u00e9rentes couleurs. Selon le type de couleur, nous recommandons le choix de couleur suivant :<\/p>\n\r\n<table>\r\n<tbody>\r\n<tr>\r\n<th>Type de couleur<\/th>\r\n<th>Couleur de l'\u00e9tui<\/th>\r\n<\/tr>\r\n<tr>\r\n<td>\n\t\t<div class=\"icon-box featured-box icon-box-left text-left\"  >\n\t\t\t\t\t<div class=\"icon-box-img\" style=\"width: 20px\">\n\t\t\t\t<div class=\"icon\">\n\t\t\t\t\t<div class=\"icon-inner\" >\n\t\t\t\t\t\t<img decoding=\"async\" src=\"https:\/\/komood.shop\/wp-content\/uploads\/symbol-fruehlingstyp.avif\" alt=\"Printemps\"\/>\t\t\t\t\t<\/div>\n\t\t\t\t<\/div>\n\t\t\t<\/div>\n\t\t\t\t<div class=\"icon-box-text last-reset\">\n\t\t\t<h5 class=\"uppercase\">Printemps<\/h5>\t\t\t\t\t\t\t\t<\/div>\n\t<\/div>\n\t\n\t<\/td>\r\n<td>Beige, Cr\u00e8me, Vert<\/td>\r\n<\/tr>\r\n<tr>\r\n<td>\n\t\t<div class=\"icon-box featured-box icon-box-left text-left\"  >\n\t\t\t\t\t<div class=\"icon-box-img\" style=\"width: 20px\">\n\t\t\t\t<div class=\"icon\">\n\t\t\t\t\t<div class=\"icon-inner\" >\n\t\t\t\t\t\t<img decoding=\"async\" src=\"https:\/\/komood.shop\/wp-content\/uploads\/symbol-fruehling-sommertyp.avif\" alt=\"Printemps-\u00e9t\u00e9\"\/>\t\t\t\t\t<\/div>\n\t\t\t\t<\/div>\n\t\t\t<\/div>\n\t\t\t\t<div class=\"icon-box-text last-reset\">\n\t\t\t<h5 class=\"uppercase\">Printemps-\u00e9t\u00e9<\/h5>\t\t\t\t\t\t\t\t<\/div>\n\t<\/div>\n\t\n\t<\/td>\r\n<td>Beige, Cr\u00e8me, Vert, Rose<\/td>\r\n<\/tr>\r\n<tr>\r\n<td>\n\t\t<div class=\"icon-box featured-box icon-box-left text-left\"  >\n\t\t\t\t\t<div class=\"icon-box-img\" style=\"width: 20px\">\n\t\t\t\t<div class=\"icon\">\n\t\t\t\t\t<div class=\"icon-inner\" >\n\t\t\t\t\t\t<img decoding=\"async\" src=\"https:\/\/komood.shop\/wp-content\/uploads\/symbol-sommertyp.avif\" alt=\"\u00c9t\u00e9\"\/>\t\t\t\t\t<\/div>\n\t\t\t\t<\/div>\n\t\t\t<\/div>\n\t\t\t\t<div class=\"icon-box-text last-reset\">\n\t\t\t<h5 class=\"uppercase\">\u00c9t\u00e9<\/h5>\t\t\t\t\t\t\t\t<\/div>\n\t<\/div>\n\t\n\t<\/td>\r\n<td>Bleu, Bordeaux, Cr\u00e8me, Gris, Rose<\/td>\r\n<\/tr>\r\n<tr>\r\n<td>\n\t\t<div class=\"icon-box featured-box icon-box-left text-left\"  >\n\t\t\t\t\t<div class=\"icon-box-img\" style=\"width: 20px\">\n\t\t\t\t<div class=\"icon\">\n\t\t\t\t\t<div class=\"icon-inner\" >\n\t\t\t\t\t\t<img decoding=\"async\" src=\"https:\/\/komood.shop\/wp-content\/uploads\/symbol-sommer-herbsttyp.avif\" alt=\"\u00c9t\u00e9-automne\"\/>\t\t\t\t\t<\/div>\n\t\t\t\t<\/div>\n\t\t\t<\/div>\n\t\t\t\t<div class=\"icon-box-text last-reset\">\n\t\t\t<h5 class=\"uppercase\">\u00c9t\u00e9-automne<\/h5>\t\t\t\t\t\t\t\t<\/div>\n\t<\/div>\n\t\n\t<\/td>\r\n<td>Bordeaux, Cr\u00e8me, Rose<\/td>\r\n<\/tr>\r\n<tr>\r\n<td>\n\t\t<div class=\"icon-box featured-box icon-box-left text-left\"  >\n\t\t\t\t\t<div class=\"icon-box-img\" style=\"width: 20px\">\n\t\t\t\t<div class=\"icon\">\n\t\t\t\t\t<div class=\"icon-inner\" >\n\t\t\t\t\t\t<img decoding=\"async\" src=\"https:\/\/komood.shop\/wp-content\/uploads\/symbol-herbsttyp.avif\" alt=\"Automne\"\/>\t\t\t\t\t<\/div>\n\t\t\t\t<\/div>\n\t\t\t<\/div>\n\t\t\t\t<div class=\"icon-box-text last-reset\">\n\t\t\t<h5 class=\"uppercase\">Automne<\/h5>\t\t\t\t\t\t\t\t<\/div>\n\t<\/div>\n\t\n\t<\/td>\r\n<td>Beige, Bordeaux, Vert<\/td>\r\n<\/tr>\r\n<tr>\r\n<td>\n\t\t<div class=\"icon-box featured-box icon-box-left text-left\"  >\n\t\t\t\t\t<div class=\"icon-box-img\" style=\"width: 20px\">\n\t\t\t\t<div class=\"icon\">\n\t\t\t\t\t<div class=\"icon-inner\" >\n\t\t\t\t\t\t<img decoding=\"async\" src=\"https:\/\/komood.shop\/wp-content\/uploads\/symbol-herbst-wintertyp.avif\" alt=\"Automne-hiver\"\/>\t\t\t\t\t<\/div>\n\t\t\t\t<\/div>\n\t\t\t<\/div>\n\t\t\t\t<div class=\"icon-box-text last-reset\">\n\t\t\t<h5 class=\"uppercase\">Automne-hiver<\/h5>\t\t\t\t\t\t\t\t<\/div>\n\t<\/div>\n\t\n\t<\/td>\r\n<td>Bleu, Bordeaux, Gris<\/td>\r\n<\/tr>\r\n<tr>\r\n<td>\n\t\t<div class=\"icon-box featured-box icon-box-left text-left\"  >\n\t\t\t\t\t<div class=\"icon-box-img\" style=\"width: 20px\">\n\t\t\t\t<div class=\"icon\">\n\t\t\t\t\t<div class=\"icon-inner\" >\n\t\t\t\t\t\t<img decoding=\"async\" src=\"https:\/\/komood.shop\/wp-content\/uploads\/symbol-wintertyp.avif\" alt=\"Hiver\"\/>\t\t\t\t\t<\/div>\n\t\t\t\t<\/div>\n\t\t\t<\/div>\n\t\t\t\t<div class=\"icon-box-text last-reset\">\n\t\t\t<h5 class=\"uppercase\">Hiver<\/h5>\t\t\t\t\t\t\t\t<\/div>\n\t<\/div>\n\t\n\t<\/td>\r\n<td>Bleu, Bordeaux, Gris, Rose<\/td>\r\n<\/tr>\r\n<tr>\r\n<td>\n\t\t<div class=\"icon-box featured-box icon-box-left text-left\"  >\n\t\t\t\t\t<div class=\"icon-box-img\" style=\"width: 20px\">\n\t\t\t\t<div class=\"icon\">\n\t\t\t\t\t<div class=\"icon-inner\" >\n\t\t\t\t\t\t<img decoding=\"async\" src=\"https:\/\/komood.shop\/wp-content\/uploads\/symbol-fruehling-wintertyp.avif\" alt=\"Printemps-Hiver\"\/>\t\t\t\t\t<\/div>\n\t\t\t\t<\/div>\n\t\t\t<\/div>\n\t\t\t\t<div class=\"icon-box-text last-reset\">\n\t\t\t<h5 class=\"uppercase\">Printemps-Hiver<\/h5>\t\t\t\t\t\t\t\t<\/div>\n\t<\/div>\n\t\n\t<\/td>\r\n<td>Cr\u00e8me, vert, rose<\/td>\r\n<\/tr>\r\n<tr>\r\n<td>\n\t\t<div class=\"icon-box featured-box icon-box-left text-left\"  >\n\t\t\t\t\t<div class=\"icon-box-img\" style=\"width: 20px\">\n\t\t\t\t<div class=\"icon\">\n\t\t\t\t\t<div class=\"icon-inner\" >\n\t\t\t\t\t\t<img decoding=\"async\" src=\"https:\/\/komood.shop\/wp-content\/uploads\/symbol-fruehling-herbsttyp.avif\" alt=\"Printemps-automne\"\/>\t\t\t\t\t<\/div>\n\t\t\t\t<\/div>\n\t\t\t<\/div>\n\t\t\t\t<div class=\"icon-box-text last-reset\">\n\t\t\t<h5 class=\"uppercase\">Printemps-automne<\/h5>\t\t\t\t\t\t\t\t<\/div>\n\t<\/div>\n\t\n\t<\/td>\r\n<td>Beige, Vert<\/td>\r\n<\/tr>\r\n<tr>\r\n<td>\n\t\t<div class=\"icon-box featured-box icon-box-left text-left\"  >\n\t\t\t\t\t<div class=\"icon-box-img\" style=\"width: 20px\">\n\t\t\t\t<div class=\"icon\">\n\t\t\t\t\t<div class=\"icon-inner\" >\n\t\t\t\t\t\t<img decoding=\"async\" src=\"https:\/\/komood.shop\/wp-content\/uploads\/symbol-sommer-wintertyp.avif\" alt=\"\u00c9t\u00e9-hiver\"\/>\t\t\t\t\t<\/div>\n\t\t\t\t<\/div>\n\t\t\t<\/div>\n\t\t\t\t<div class=\"icon-box-text last-reset\">\n\t\t\t<h5 class=\"uppercase\">\u00c9t\u00e9-hiver<\/h5>\t\t\t\t\t\t\t\t<\/div>\n\t<\/div>\n\t\n\t<\/td>\r\n<td>Bleu, Bordeaux, Cr\u00e8me, Gris, Rose<\/td>\r\n<\/tr>\r\n<\/tbody>\r\n<\/table>\r\n\n<div class=\"is-divider divider clearfix\" style=\"max-width:small;\"><\/div>\n<h3>L'exp\u00e9rience \"Nuancier textile<\/h3>\n<p>Komood fabrique en exclusivit\u00e9 de v\u00e9ritables nuanciers de tissus pour la consultation des couleurs. La plus grande proximit\u00e9 possible avec le support de comparaison (le textile) s'allie dans ces produits \u00e0 l'innovation et \u00e0 la praticit\u00e9.<\/p>\n<p>Outre le choix coh\u00e9rent des mat\u00e9riaux, ces passeports couleur s\u00e9duisent par leur tr\u00e8s grand confort d'utilisation. Des surfaces de cartes textiles et mates avec des dos lisses et brillants garantissent une grande diversit\u00e9 d'utilisation. En m\u00eame temps, cette combinaison permet un \u00e9ventail particuli\u00e8rement confortable, qui devrait \u00eatre unique sous cette forme.<\/p>\n<div class=\"is-divider divider clearfix\" style=\"max-width:small;\"><\/div>\n<h3>D\u00e9veloppement et production<\/h3>\n<p>Ce passeport couleur \u00e9t\u00e9 de la s\u00e9rie Neo est un produit de Komood, Marion Zens. Il est fabriqu\u00e9 en grande partie \u00e0 la main.<\/p>\n<p>Les nuanciers utilisent des cotons sp\u00e9cialement adapt\u00e9s et pr\u00e9par\u00e9s par diff\u00e9rents fabricants. Des changements dans leur gamme de produits peuvent donc n\u00e9cessiter des adaptations dans le classement des couleurs. Certains nuanciers sont compos\u00e9s de tissus m\u00e9lang\u00e9s, par exemple pour repr\u00e9senter des tons m\u00e9talliques.<\/p>\n<div class=\"is-divider divider clearfix\" style=\"max-width:small;\"><\/div>\n<h3>Repr\u00e9sentation des couleurs d'\u00e9t\u00e9<\/h3>\n<p>Les couleurs repr\u00e9sent\u00e9es dans la boutique Komood (par exemple sur les photos de produits) sont, pour des raisons techniques, des valeurs approximatives et peuvent donc diff\u00e9rer plus ou moins fortement des couleurs r\u00e9elles.<\/p>\n<div class=\"is-divider divider clearfix\" style=\"max-width:small;\"><\/div>\n<h3>Contact<\/h3>\n<p>N'h\u00e9sitez pas \u00e0 nous contacter pour toute question ou suggestion concernant cette offre - <strong><a href=\"https:\/\/komood.shop\/fr\/informations-service\/contact\/\">Contact<\/a><\/strong>.<\/p>","protected":false},"excerpt":{"rendered":"<h3><strong>Nuancier professionnel pour le type de couleur \u00e9t\u00e9<\/strong><\/h3>\n<ul>\n<li class=\"bullet-star\">30 grandes cartes en couleur sans marge<\/li>\n<li class=\"bullet-star\">textile &amp; tr\u00e8s facile \u00e0 utiliser<\/li>\n<li class=\"bullet-star\">coton | mat | pas d'impressions en couleur<\/li>\n<\/ul>","protected":false},"featured_media":3345,"comment_status":"open","ping_status":"closed","template":"","meta":[],"product_brand":[],"product_cat":[250,245,244,243,321,380,382,381,248,462,242,480,465,460,255],"product_tag":[303,414,402,711,258,404,412,425,519,418,419],"giftcard-category":[],"class_list":{"0":"post-8596","1":"product","2":"type-product","3":"status-publish","4":"has-post-thumbnail","6":"product_cat-farbfaecher","7":"product_cat-10-farbtypen","8":"product_cat-4-jahreszeiten","9":"product_cat-6-farbtypen","10":"product_cat-b2c","11":"product_cat-farbfaecher-10-farbtypen-mischtypen","12":"product_cat-farbfaecher-4-grundtypen","13":"product_cat-farbfaecher-6-farbtypen-mischtypen","14":"product_cat-farbpaesse-farbberatung","15":"product_cat-farbtypen","16":"product_cat-farbtypen-system","17":"product_cat-farbpass-sommer","18":"product_cat-farbtyp-sommer","19":"product_cat-stoff-farbfaecher","20":"product_cat-neo","21":"product_tag-30-farben","22":"product_tag-gedeckte-farben","23":"product_tag-helle-farben","24":"product_tag-neo-40","25":"product_tag-komood","26":"product_tag-kuehle-farben","27":"product_tag-kuehler-grundtyp","28":"product_tag-b2c","29":"product_tag-sommer","30":"product_tag-textiler-farbpass","31":"product_tag-widmung","33":"first","34":"instock","35":"taxable","36":"shipping-taxable","37":"purchasable","38":"product-type-simple"},"_links":{"self":[{"href":"https:\/\/komood.shop\/fr\/wp-json\/wp\/v2\/product\/8596","targetHints":{"allow":["GET"]}}],"collection":[{"href":"https:\/\/komood.shop\/fr\/wp-json\/wp\/v2\/product"}],"about":[{"href":"https:\/\/komood.shop\/fr\/wp-json\/wp\/v2\/types\/product"}],"replies":[{"embeddable":true,"href":"https:\/\/komood.shop\/fr\/wp-json\/wp\/v2\/comments?post=8596"}],"wp:featuredmedia":[{"embeddable":true,"href":"https:\/\/komood.shop\/fr\/wp-json\/wp\/v2\/media\/3345"}],"wp:attachment":[{"href":"https:\/\/komood.shop\/fr\/wp-json\/wp\/v2\/media?parent=8596"}],"wp:term":[{"taxonomy":"product_brand","embeddable":true,"href":"https:\/\/komood.shop\/fr\/wp-json\/wp\/v2\/product_brand?post=8596"},{"taxonomy":"product_cat","embeddable":true,"href":"https:\/\/komood.shop\/fr\/wp-json\/wp\/v2\/product_cat?post=8596"},{"taxonomy":"product_tag","embeddable":true,"href":"https:\/\/komood.shop\/fr\/wp-json\/wp\/v2\/product_tag?post=8596"},{"taxonomy":"giftcard-category","embeddable":true,"href":"https:\/\/komood.shop\/fr\/wp-json\/wp\/v2\/giftcard-category?post=8596"}],"curies":[{"name":"wp","href":"https:\/\/api.w.org\/{rel}","templated":true}]}}