{"id":6854,"date":"2025-01-14T21:54:19","date_gmt":"2025-01-14T21:54:19","guid":{"rendered":"https:\/\/komood.shop\/?post_type=product&#038;p=6854"},"modified":"2026-03-14T09:03:12","modified_gmt":"2026-03-14T09:03:12","slug":"duo-de-crayons-a-paupieres-ensoleilles-de-marie-w","status":"publish","type":"product","link":"https:\/\/komood.shop\/fr\/produkt\/sonnenkind-duo-lidschattenstift-von-marie-w\/","title":{"rendered":"SonnenKind - Duo de crayons \u00e0 paupi\u00e8res de marie w."},"content":{"rendered":"<div class=\"ux-logo has-hover align-middle ux_logo inline-block\" style=\"max-width: 100%!important; width: 271px!important\"><a class=\"ux-logo-link block image-\" title=\"Cosm\u00e9tiques naturels de Marie W.\" href=\"https:\/\/komood.shop\/fr\/caracteristique\/marie-w\/\" style=\"padding: 15px;\"><img decoding=\"async\" src=\"https:\/\/komood.shop\/wp-content\/uploads\/marie-w-logo-klein.png\" title=\"Cosm\u00e9tiques naturels de Marie W.\" alt=\"Cosm\u00e9tiques naturels de Marie W.\" class=\"ux-logo-image block\" style=\"height:50px;\" \/><\/a><\/div>\n<h2>Ombre \u00e0 paupi\u00e8res \"SonnenKind\" (enfant du soleil)<\/h2>\n<h3>Duo de crayons \u00e0 paupi\u00e8res 05 avec de l'or v\u00e9ritable de grande puret\u00e9 | Cosm\u00e9tique naturelle certifi\u00e9e<\/h3>\n<div class=\"is-divider divider clearfix\" style=\"max-width:small;\"><\/div>\n<p>Cette ombre \u00e0 paupi\u00e8res v\u00e9g\u00e9talienne, de haute qualit\u00e9 et de soin de marie w. convient aux couleurs des yeux et aux types de couleurs suivants :<\/p>\n<p><strong>Couleurs des yeux<\/strong><\/p>\n<ul>\n<li class=\"bullet-checkmark\">Bleu<\/li>\n<li class=\"bullet-checkmark\">Marron<\/li>\n<li class=\"bullet-checkmark\">Gris<\/li>\n<li class=\"bullet-checkmark\">Vert<\/li>\n<\/ul>\n<p><strong>Syst\u00e8me de refroidissement\/chauffage<\/strong><\/p>\n<ul>\n<li class=\"bullet-checkmark\">chaud<\/li>\n<\/ul>\n<p><strong>4|6|10 Syst\u00e8me de types de couleurs<\/strong><\/p>\n<ul>\n<li class=\"bullet-checkmark\">Printemps<\/li>\n<li class=\"bullet-checkmark\">Printemps-\u00e9t\u00e9<\/li>\n<li class=\"bullet-checkmark\">\u00c9t\u00e9-automne<\/li>\n<li class=\"bullet-checkmark\">Automne<\/li>\n<li class=\"bullet-checkmark\">Printemps-Hiver<\/li>\n<li class=\"bullet-checkmark\">\u00c9t\u00e9-hiver<\/li>\n<\/ul>\n<p><strong>Syst\u00e8me \u00e0 12 types de couleurs<\/strong><\/p>\n<ul>\n<li class=\"bullet-checkmark\">Printemps lumineux<\/li>\n<li class=\"bullet-checkmark\">Printemps chaud<\/li>\n<li class=\"bullet-checkmark\">Printemps clair<\/li>\n<li class=\"bullet-checkmark\">\u00c9t\u00e9 doux<\/li>\n<li class=\"bullet-checkmark\">Automne doux<\/li>\n<li class=\"bullet-checkmark\">Automne chaud<\/li>\n<li class=\"bullet-checkmark\">Deep Autumn<\/li>\n<\/ul>\n<div class=\"is-divider divider clearfix\" style=\"max-width:small;\"><\/div>\n<h3>Description du fabricant<\/h3>\n<p>Crayon ombre duo 05 SonnenKind<\/p>\n<p><b><span class=\"text-delta\">Simple :<\/span><\/b> Des combinaisons de couleurs harmonieuses qui flattent tous les types de personnalit\u00e9.<b><br \/>\n<span class=\"text-delta\">Bien s\u00fbr :<\/span><\/b> Cosm\u00e9tiques naturels certifi\u00e9s, 100% vegan<b><br \/>\n<span class=\"text-delta\">Achev\u00e9 :<\/span><\/b> Donne un \u00e9clat naturel et fait briller les yeux<\/p>\n<p>Couleurs gaies et ensoleill\u00e9es, qui respirent la bonne humeur et n'ont pas de nuance de rouge. Message de la couleur : \u00e9gayant, joyeux, insouciant, \u00e9nergie, force<\/p>\n<p>Les deux nuances l\u00e9g\u00e8rement lumineuses des crayons DuoLidschatten sont parfaitement assorties. Elles sont adapt\u00e9es \u00e0 tous les styles et donnent un regard lumineux et expressif. L'ombre \u00e0 paupi\u00e8res s'applique confortablement sur toute la surface et s'estompe parfaitement au pinceau gr\u00e2ce \u00e0 sa formule cr\u00e9meuse et nourrissante. Fra\u00eechement taill\u00e9 et appliqu\u00e9 ponctuellement, il permet d'obtenir des accents raffin\u00e9s.<\/p>\n<h4>Application<\/h4>\n<ol>\n<li style=\"list-style-type: none;\">\n<ol>\n<li>Pour vous pr\u00e9parer, appliquez comme d'habitude le correcteur anti-rougeur marie w., l'anti-cernes et le fond de teint, selon les besoins. Utilisez les \u00e9ventuels restes d'anti-cernes sur le pinceau comme fond de teint pour les paupi\u00e8res.<\/li>\n<li>Commencez par appliquer la couleur la plus fonc\u00e9e du crayon DuoLidschatten sur la paupi\u00e8re mobile et le long de la ligne des cils inf\u00e9rieurs. Utilisez l'applicateur, le pinceau ou le doigt pour estomper la couleur, en particulier au niveau des coins de l'\u0153il.<\/li>\n<li>Utilisez maintenant le c\u00f4t\u00e9 le plus clair pour mettre en valeur le coin interne de l'\u0153il et sous les sourcils. Vous pouvez ajouter un point suppl\u00e9mentaire au milieu de la paupi\u00e8re mobile pour obtenir un effet de lumi\u00e8re particulier. Estompez les bords visibles.<\/li>\n<\/ol>\n<\/li>\n<\/ol>\n<h4>Ingr\u00e9dients<\/h4>\n<p>NUANCE CLAIRE , HUILE DE COCOS NUCIFERA* , OCTYLDODECYL STEAROYL STEARATE , MICA , COPERNICIA CERIFERA CERA* , C10-18 TRIGLYCERIDES , SILICE , HYDROGENATED VEGETABLE OIL , POLYGLYCERYL-3 DIISOSTEARATE , ORYZANOL , TOCOPHEROL , GLYCERYL UNDECYLENATE , CAPRYLIC\/CAPRIC TRIGLYCERIDE , ALARIA ESCULENTA EXTRACT , CI 77891 (TITANIUM DIOXIDE) , CI 77480 (GOLD) , CI 77491 (IRON OXIDES)<\/p>\n<p>NUANCE PLUS FONC\u00c9E , HUILE DE COCOS NUCIFERA* , OCTYLDODECYL STEAROYL STEARATE , MICA , COPERNICIA CERIFERA CERA* , C10-18 TRIGLYCERIDES , SILICE , HYDROGENATED VEGETABLE OIL , POLYGLYCERYL-3 DIISOSTEARATE , ORYZANOL , TOCOPHEROL , GLYCERYL UNDECYLENATE , CAPRYLIC\/CAPRIC TRIGLYCERIDE , ALARIA ESCULENTA EXTRACT , CI 77891 (TITANIUM DIOXIDE) , CI 77480 (GOLD) , CI 77491 (IRON OXIDES) , CI 77492 (IRON OXIDES)<\/p>\n<p>* issus de l'agriculture biologique contr\u00f4l\u00e9e<\/p>\n<div class=\"is-divider divider clearfix\" style=\"max-width:small;\"><\/div>\n<h3>Contact<\/h3>\n<p>N'h\u00e9sitez pas \u00e0 nous contacter pour toute question ou suggestion concernant cette offre - <strong><a href=\"https:\/\/komood.shop\/fr\/informations-service\/contact\/\">Contact<\/a><\/strong>.<\/p>","protected":false},"excerpt":{"rendered":"<ul>\n<li class=\"bullet-star\">duo de crayons d'ombre \u00e0 paupi\u00e8res cr\u00e9meux et nourrissants<\/li>\n<li class=\"bullet-star\">v\u00e9g\u00e9talien et efficacement affin\u00e9 avec de l'or v\u00e9ritable de grande puret\u00e9<\/li>\n<li class=\"bullet-star\">pour toutes les amatrices de soleil<\/li>\n<\/ul>","protected":false},"featured_media":6852,"comment_status":"open","ping_status":"closed","template":"","meta":[],"product_brand":[],"product_cat":[321,589,622,595,664,449,532,541,462,533,540,470,534,464,471,463,537,467,587,612,593,663,592,637,536,466,594,662,588,617],"product_tag":[531,433,443,517,524,518,525,521,439,459,575,425,441,436,520,430,442,440],"giftcard-category":[],"class_list":{"0":"post-6854","1":"product","2":"type-product","3":"status-publish","4":"has-post-thumbnail","6":"product_cat-b2c","7":"product_cat-farbtyp-clear-spring","8":"product_cat-eyeshadow-clear-spring","9":"product_cat-farbtyp-deep-autumn","10":"product_cat-eyeshadow-deep-autumn","11":"product_cat-dekorative-naturkosmetik","12":"product_cat-eyeshadow","13":"product_cat-eyeshadow-fruehling-wintertyp","14":"product_cat-farbtypen","15":"product_cat-eyeshadow-fruehlingstyp","16":"product_cat-eyeshadow-fruehling-herbsttyp","17":"product_cat-farbtyp-fruehling-herbst","18":"product_cat-eyeshadow-fruehling-sommertyp","19":"product_cat-farbtyp-fruehling-sommer","20":"product_cat-farbtyp-fruehling-winter","21":"product_cat-farbtyp-fruehling","22":"product_cat-eyeshadow-herbsttyp","23":"product_cat-farbtyp-herbst","24":"product_cat-farbtyp-light-spring","25":"product_cat-eyeshadow-light-spring","26":"product_cat-farbtyp-soft-autumn","27":"product_cat-eyeshadow-soft-autumn","28":"product_cat-farbtyp-soft-summer","29":"product_cat-eyeshadow-soft-summer","30":"product_cat-eyeshadow-sommer-herbsttyp","31":"product_cat-farbtyp-sommer-herbst","32":"product_cat-farbtyp-warm-autumn","33":"product_cat-eyeshadow-warm-autumn","34":"product_cat-farbtyp-warm-spring","35":"product_cat-eyeshadow-warm-spring","36":"product_tag-augen","37":"product_tag-farbtyp-clear-spring","38":"product_tag-farbtyp-deep-autumn","39":"product_tag-fruehling","40":"product_tag-fruehling-herbst","41":"product_tag-fruehling-sommer","42":"product_tag-fruehling-winter","43":"product_tag-herbst","44":"product_tag-farbtyp-light-spring","45":"product_tag-marie-w","46":"product_tag-maw-duo-lidschattenstift","47":"product_tag-b2c","48":"product_tag-farbtyp-soft-autumn","49":"product_tag-farbtyp-soft-summer","50":"product_tag-sommer-herbst","51":"product_tag-warm","52":"product_tag-farbtyp-warm-autumn","53":"product_tag-farbtyp-warm-spring","55":"first","56":"instock","57":"taxable","58":"shipping-taxable","59":"purchasable","60":"product-type-simple"},"_links":{"self":[{"href":"https:\/\/komood.shop\/fr\/wp-json\/wp\/v2\/product\/6854","targetHints":{"allow":["GET"]}}],"collection":[{"href":"https:\/\/komood.shop\/fr\/wp-json\/wp\/v2\/product"}],"about":[{"href":"https:\/\/komood.shop\/fr\/wp-json\/wp\/v2\/types\/product"}],"replies":[{"embeddable":true,"href":"https:\/\/komood.shop\/fr\/wp-json\/wp\/v2\/comments?post=6854"}],"wp:featuredmedia":[{"embeddable":true,"href":"https:\/\/komood.shop\/fr\/wp-json\/wp\/v2\/media\/6852"}],"wp:attachment":[{"href":"https:\/\/komood.shop\/fr\/wp-json\/wp\/v2\/media?parent=6854"}],"wp:term":[{"taxonomy":"product_brand","embeddable":true,"href":"https:\/\/komood.shop\/fr\/wp-json\/wp\/v2\/product_brand?post=6854"},{"taxonomy":"product_cat","embeddable":true,"href":"https:\/\/komood.shop\/fr\/wp-json\/wp\/v2\/product_cat?post=6854"},{"taxonomy":"product_tag","embeddable":true,"href":"https:\/\/komood.shop\/fr\/wp-json\/wp\/v2\/product_tag?post=6854"},{"taxonomy":"giftcard-category","embeddable":true,"href":"https:\/\/komood.shop\/fr\/wp-json\/wp\/v2\/giftcard-category?post=6854"}],"curies":[{"name":"wp","href":"https:\/\/api.w.org\/{rel}","templated":true}]}}