{"id":5413,"date":"2024-09-05T18:51:59","date_gmt":"2024-09-05T18:51:59","guid":{"rendered":"https:\/\/komood.shop\/?post_type=product&#038;p=5413"},"modified":"2025-11-20T15:28:26","modified_gmt":"2025-11-20T15:28:26","slug":"primrose-06-comfort-matt-lipstick-de-lavera","status":"publish","type":"product","link":"https:\/\/komood.shop\/fr\/produkt\/primrose-06-comfort-matt-lipstick-von-lavera\/","title":{"rendered":"Primrose 06 - Comfort Matt Lipstick de Lavera"},"content":{"rendered":"<div class=\"ux-logo has-hover align-middle ux_logo inline-block\" style=\"max-width: 100%!important; width: 139px!important\"><a class=\"ux-logo-link block image-\" title=\"Naturkosmetik von Lavera\" href=\"https:\/\/komood.shop\/merkmal\/lavera\/\" style=\"padding: 15px;\"><img decoding=\"async\" src=\"https:\/\/komood.shop\/wp-content\/uploads\/lavera-logo-klein.png\" title=\"Naturkosmetik von Lavera\" alt=\"Naturkosmetik von Lavera\" class=\"ux-logo-image block\" style=\"height:50px;\" \/><\/a><\/div>\n<h2>Lippenstift &#8222;Primrose&#8220; von Lavera mit mattem Finish<\/h2>\n<h3>Zertifizierte Naturkosmetik, Made in Germany<\/h3>\n<div class=\"is-divider divider clearfix\" style=\"max-width:small;\"><\/div>\n<p>Dieser nat\u00fcrlich pflegende matte Lippenstift von Lavera mit langanhaltender Farbe ist f\u00fcr folgende Farbtypen geeignet:<\/p>\n<p><strong>K\u00fchl-Warm-System<\/strong><\/p>\n<ul>\n<li class=\"bullet-checkmark\">neutral<\/li>\n<\/ul>\n<p><strong>4|6|10-Farbtypen-System<\/strong><\/p>\n<ul>\n<li class=\"bullet-checkmark\">Fr\u00fchling<\/li>\n<li class=\"bullet-checkmark\">Fr\u00fchling-Sommer<\/li>\n<li class=\"bullet-checkmark\">Sommer<\/li>\n<li class=\"bullet-checkmark\">Sommer-Herbst<\/li>\n<li class=\"bullet-checkmark\">Fr\u00fchling-Herbst<\/li>\n<li class=\"bullet-checkmark\">Fr\u00fchling-Winter<\/li>\n<\/ul>\n<p><strong>12-Farbtypen-System<\/strong><\/p>\n<ul>\n<li class=\"bullet-checkmark\">Light Spring<\/li>\n<li class=\"bullet-checkmark\">Warm Spring<\/li>\n<li class=\"bullet-checkmark\">Clear Spring<\/li>\n<li class=\"bullet-checkmark\">Light Summer<\/li>\n<li class=\"bullet-checkmark\">Soft Summer<\/li>\n<li class=\"bullet-checkmark\">Soft Autumn<\/li>\n<li class=\"bullet-checkmark\">Warm Autumn<\/li>\n<\/ul>\n<div class=\"is-divider divider clearfix\" style=\"max-width:small;\"><\/div>\n<h3>Beschreibung des Herstellers<\/h3>\n<p>Der lavera Comfort Matt Lipstick schenkt den Lippen intensive Farbe im matten Finish &#8211; bei bis zu 6H Halt.<\/p>\n<p>Der lavera Comfort Matt Lipstick schenkt den Lippen intensive Farbe im angesagten matten Finish. M\u00fchelos aufgetragen setzt er die Lippen perfekt in Szene. Die innovative Formel begeistert durch ihre samtig-zarte Textur und ein angenehmes Tragegef\u00fchl &#8211; bei bis zu 6H Halt, kein Verschmieren, kein Verblassen. Dank nat\u00fcrlich pflegender Inhaltsstoffe wie Bio-Sheabutter und Bio-Kakaobutter werden die Lippen vor dem Austrocknen gesch\u00fctzt.<\/p>\n<p>&#8211; Vegan<br \/>\n&#8211; Glutenfrei<br \/>\n&#8211; Ohne Silikone<br \/>\n&#8211; Ohne Mineral\u00f6l<br \/>\n&#8211; Ohne Mikroplastik<br \/>\n&#8211; Dermatologisch getestet<br \/>\n&#8211; Zertifizierte Naturkosmetik<br \/>\n&#8211; Made in Germany<\/p>\n<p>\u2713 Intensive Farbe<br \/>\n\u2713 Mattes Finish<br \/>\n\u2713 Angenehmes Tragegef\u00fchl<br \/>\n\u2713 Bis zu 6 Stunden Halt<br \/>\n\u2713 Sch\u00fctzt die Lippen vor dem Austrocknen<\/p>\n<h4>Anwendung<\/h4>\n<p>Trage den Lippenstift direkt oder mit einem Lippenpinsel auf die Lippen auf.<\/p>\n<h4>Inhaltsstoffe<\/h4>\n<p>Caprylic\/Capric Triglyceride, Triheptanoin, Silica, Glycine Soja (Soybean) Oil*, Oryza Sativa (Rice) Bran Wax, Euphorbia Cerifera (Candelilla) Wax, Butyrospermum Parkii (Shea) Butter, Rhus Verniciflua Peel Wax, Trihydroxystearin, C10-18 Triglycerides, Glyceryl Rosinate, Theobroma Cacao (Cocoa) Seed Butter*, Olea Europaea (Olive) Fruit Oil*, Rosa Centifolia Flower Extract*, Olea Europaea (Olive) Oil Unsaponifiables, Tocopherol, Helianthus Annuus (Sunflower) Seed Oil*, Dipotassium Glycyrrhizate, Alcohol* denat., Ascorbyl Palmitate, Water (Aqua), Fragrance (Parfum)**, Citronellol**, Limonene**, Geraniol**, Linalool**, Benzyl Alcohol**, Eugenol**, Citral**, [+\/- Ultramarines (CI 77007), Iron Oxide (CI 77491), Iron Oxide (CI 77492), Iron Oxide (CI 77499), Titanium Dioxide (CI 77891)]\n<p>* ingredients from certified organic agriculture<br \/>\n** natural essential oils<\/p>\n<h4>Allergene<\/h4>\n<p>Benzylalkohol<br \/>\nCitral<br \/>\nCitronellol<br \/>\nEugenol<br \/>\nGeraniol<br \/>\nLinalool<br \/>\nd-Limonene<\/p>\n<div class=\"is-divider divider clearfix\" style=\"max-width:small;\"><\/div>\n<h3>Kontakt<\/h3>\n<p>Bei Fragen oder Anregungen zu diesem Angebot stehen wir Ihnen sehr gern zur Verf\u00fcgung &#8211; <strong><a href=\"https:\/\/komood.shop\/informationen-service\/kontakt\/\">Kontakt<\/a><\/strong>.<\/p>\n","protected":false},"excerpt":{"rendered":"<ul>\n<li class=\"bullet-star\">Rouge \u00e0 l\u00e8vres en cosm\u00e9tique naturelle avec fini mat de Lavera<\/li>\n<li class=\"bullet-star\">sans gluten, sans silicone, sans huile min\u00e9rale et sans microplastique<\/li>\n<li class=\"bullet-star\">une \u00e9l\u00e9gance discr\u00e8te pour des moments d\u00e9licats<\/li>\n<\/ul>","protected":false},"featured_media":5407,"comment_status":"open","ping_status":"closed","template":"","meta":[],"product_brand":[],"product_cat":[321,589,619,449,462,473,491,470,476,464,493,471,463,587,609,590,624,450,593,668,592,634,481,483,466,465,594,646,588,614],"product_tag":[433,517,524,518,525,528,455,439,434,530,447,425,441,436,519,520,442,440],"giftcard-category":[],"class_list":{"0":"post-5413","1":"product","2":"type-product","3":"status-publish","4":"has-post-thumbnail","6":"product_cat-b2c","7":"product_cat-farbtyp-clear-spring","8":"product_cat-lippenstifte-clear-spring","9":"product_cat-dekorative-naturkosmetik","10":"product_cat-farbtypen","11":"product_cat-lippenstifte-fruehlingstyp","12":"product_cat-lippenstifte-fruehling-herbsttyp","13":"product_cat-farbtyp-fruehling-herbst","14":"product_cat-lippenstifte-fruehling-sommertyp","15":"product_cat-farbtyp-fruehling-sommer","16":"product_cat-lippenstifte-fruehling-wintertyp","17":"product_cat-farbtyp-fruehling-winter","18":"product_cat-farbtyp-fruehling","19":"product_cat-farbtyp-light-spring","20":"product_cat-lippenstifte-light-spring","21":"product_cat-farbtyp-light-summer","22":"product_cat-lippenstifte-light-summer","23":"product_cat-lippenstifte","24":"product_cat-farbtyp-soft-autumn","25":"product_cat-lippenstifte-soft-autumn","26":"product_cat-farbtyp-soft-summer","27":"product_cat-lippenstifte-soft-summer","28":"product_cat-lippenstifte-sommertyp","29":"product_cat-lippenstifte-sommer-herbsttyp","30":"product_cat-farbtyp-sommer-herbst","31":"product_cat-farbtyp-sommer","32":"product_cat-farbtyp-warm-autumn","33":"product_cat-lippenstifte-warm-autumn","34":"product_cat-farbtyp-warm-spring","35":"product_cat-lippenstifte-warm-spring","36":"product_tag-farbtyp-clear-spring","37":"product_tag-fruehling","38":"product_tag-fruehling-herbst","39":"product_tag-fruehling-sommer","40":"product_tag-fruehling-winter","41":"product_tag-comfort-matt-lipstick","42":"product_tag-lavera","43":"product_tag-farbtyp-light-spring","44":"product_tag-farbtyp-light-summer","45":"product_tag-lippen","46":"product_tag-neutral","47":"product_tag-b2c","48":"product_tag-farbtyp-soft-autumn","49":"product_tag-farbtyp-soft-summer","50":"product_tag-sommer","51":"product_tag-sommer-herbst","52":"product_tag-farbtyp-warm-autumn","53":"product_tag-farbtyp-warm-spring","55":"first","56":"instock","57":"taxable","58":"shipping-taxable","59":"purchasable","60":"product-type-simple"},"_links":{"self":[{"href":"https:\/\/komood.shop\/fr\/wp-json\/wp\/v2\/product\/5413","targetHints":{"allow":["GET"]}}],"collection":[{"href":"https:\/\/komood.shop\/fr\/wp-json\/wp\/v2\/product"}],"about":[{"href":"https:\/\/komood.shop\/fr\/wp-json\/wp\/v2\/types\/product"}],"replies":[{"embeddable":true,"href":"https:\/\/komood.shop\/fr\/wp-json\/wp\/v2\/comments?post=5413"}],"wp:featuredmedia":[{"embeddable":true,"href":"https:\/\/komood.shop\/fr\/wp-json\/wp\/v2\/media\/5407"}],"wp:attachment":[{"href":"https:\/\/komood.shop\/fr\/wp-json\/wp\/v2\/media?parent=5413"}],"wp:term":[{"taxonomy":"product_brand","embeddable":true,"href":"https:\/\/komood.shop\/fr\/wp-json\/wp\/v2\/product_brand?post=5413"},{"taxonomy":"product_cat","embeddable":true,"href":"https:\/\/komood.shop\/fr\/wp-json\/wp\/v2\/product_cat?post=5413"},{"taxonomy":"product_tag","embeddable":true,"href":"https:\/\/komood.shop\/fr\/wp-json\/wp\/v2\/product_tag?post=5413"},{"taxonomy":"giftcard-category","embeddable":true,"href":"https:\/\/komood.shop\/fr\/wp-json\/wp\/v2\/giftcard-category?post=5413"}],"curies":[{"name":"wp","href":"https:\/\/api.w.org\/{rel}","templated":true}]}}