{"id":5111,"date":"2024-08-01T18:38:02","date_gmt":"2024-08-01T18:38:02","guid":{"rendered":"https:\/\/komood.shop\/?post_type=product&#038;p=5111"},"modified":"2025-11-20T15:28:34","modified_gmt":"2025-11-20T15:28:34","slug":"cherry-lady-natural-jumbo-lipstick-de-benecos","status":"publish","type":"product","link":"https:\/\/komood.shop\/fr\/produkt\/cherry-lady-natural-jumbo-lipstick-von-benecos\/","title":{"rendered":"cherry lady - Natural Jumbo Lipstick de Benecos"},"content":{"rendered":"<div class=\"ux-logo has-hover align-middle ux_logo inline-block\" style=\"max-width: 100%!important; width: 170px!important\"><a class=\"ux-logo-link block image-\" title=\"Cosm\u00e9tiques naturels de benecos\" href=\"https:\/\/komood.shop\/fr\/caracteristique\/benecos\/\" style=\"padding: 15px;\"><img decoding=\"async\" src=\"https:\/\/komood.shop\/wp-content\/uploads\/benecos-logo-klein.png\" title=\"Cosm\u00e9tiques naturels de benecos\" alt=\"Cosm\u00e9tiques naturels de benecos\" class=\"ux-logo-image block\" style=\"height:50px;\" \/><\/a><\/div>\n<h2>rouge \u00e0 l\u00e8vres jumbo \"cherry lady\" de Benecos<\/h2>\n<h3>Cosm\u00e9tique naturelle certifi\u00e9e et contr\u00f4l\u00e9e (BDIH)<\/h3>\n<div class=\"is-divider divider clearfix\" style=\"max-width:small;\"><\/div>\n<p>Nous recommandons ce rouge \u00e0 l\u00e8vres bois\u00e9, souple et soignant de Benecos aux types de couleurs suivants :<\/p>\n<p><strong>Syst\u00e8me de refroidissement\/chauffage<\/strong><\/p>\n<ul>\n<li class=\"bullet-checkmark\">neutre<\/li>\n<\/ul>\n<p><strong>4|6|10 Syst\u00e8me de types de couleurs<\/strong><\/p>\n<ul>\n<li class=\"bullet-checkmark\">Printemps<\/li>\n<li class=\"bullet-checkmark\">\u00c9t\u00e9-automne<\/li>\n<li class=\"bullet-checkmark\">Automne<\/li>\n<li class=\"bullet-checkmark\">Automne-hiver<\/li>\n<li class=\"bullet-checkmark\">Printemps-automne<\/li>\n<li class=\"bullet-checkmark\">Printemps-Hiver<\/li>\n<\/ul>\n<p><strong>Syst\u00e8me \u00e0 12 types de couleurs<\/strong><\/p>\n<ul>\n<li class=\"bullet-checkmark\">Printemps chaud<\/li>\n<li class=\"bullet-checkmark\">Printemps clair<\/li>\n<li class=\"bullet-checkmark\">\u00c9t\u00e9 doux<\/li>\n<li class=\"bullet-checkmark\">Automne doux<\/li>\n<li class=\"bullet-checkmark\">Automne chaud<\/li>\n<li class=\"bullet-checkmark\">Deep Autumn<\/li>\n<li class=\"bullet-checkmark\">Hiver profond<\/li>\n<\/ul>\n<div class=\"is-divider divider clearfix\" style=\"max-width:small;\"><\/div>\n<h3>Description du fabricant<\/h3>\n<p>Le doux NATURAL JUMBO LIPSTICK de benecos, disponible en cinq couleurs intenses, est enti\u00e8rement exempt de plastique*. Le crayon est en bois, le capuchon en aluminium ! La formulation 100% naturelle avec des huiles et des cires v\u00e9g\u00e9tales bio ainsi que de la vitamine E protectrice des cellules t'offre une sensation m\u00e9ga sur les l\u00e8vres. L'huile de coco bio hydratante les rend douces et souples, tandis que la cire de carnauba bio leur donne une consistance agr\u00e9able et les fait briller en douceur. Que ce soit au bureau, \u00e0 la prochaine f\u00eate ou pour une petite escapade - \u00e0 l'avenir, rien que toi et ton JUMBO LIPSTICK !<\/p>\n<p>\u2713 rouge carmin classique<br \/>\n\u2713 Certifi\u00e9 COSMOS ORGANIC<br \/>\n\u2713 stylo en bois, capuchon en aluminium<br \/>\n\u2713 sans plastique*<br \/>\n\u2713 bon rendu des couleurs<br \/>\n\u2713 avec huile de coco bio &amp; vitamine E<\/p>\n<h4>Application<\/h4>\n<p>La forme de stylo est super pratique et facile \u00e0 utiliser : Il suffit de l'appliquer sur les l\u00e8vres.<\/p>\n<h4>Bon \u00e0 savoir<\/h4>\n<p>Le NATURAL JUMBO LIPSTICK est tr\u00e8s polyvalent et peut \u00e9galement \u00eatre utilis\u00e9 comme crayon \u00e0 l\u00e8vres ! Pour des l\u00e8vres visuellement plus pulpeuses, il suffit d'ajouter des accents avec un gloss, par exemple sur le c\u0153ur de tes l\u00e8vres.<\/p>\n<p>En taillant le JUMBOS, tu obtiens des r\u00e9sultats particuli\u00e8rement pr\u00e9cis (utiliser une ouverture plus grande).<\/p>\n<h4>Ingr\u00e9dients<\/h4>\n<p>COCOS NUCIFERA (COCONUT) OIL\u00b0, OCTYLDODECYL STEAROYL STEARATE, C10-18 TRIGLYCERIDES, COPERNICIA CERIFERA (CARNAUBA) WAX\u00b0, MICA, SILICE, HUILE V\u00c9G\u00c9TALE HYDROG\u00c9N\u00c9E, POLYGLYCERYL-3 DIISOSTEARATE, ORYZANOL, GLYCERYL UNDDECYLENATE, TOCOPHEROL, CI 75470 (CARMINE), CI 77492 (IRON OXIDES)<\/p>\n<p>\u00b0\u00b0certified organic \/ issu de l'agriculture biologique \u00b0\u00b0natural fragrance \/ composition de parfum naturelle \u00b0\u00b0made using organic ingredients \/ fabriqu\u00e9 \u00e0 partir de mati\u00e8res premi\u00e8res biologiques 30% organic of total\/ 100% natural origin of total\".<\/p>\n<div class=\"is-divider divider clearfix\" style=\"max-width:small;\"><\/div>\n<h3>Contact<\/h3>\n<p>N'h\u00e9sitez pas \u00e0 nous contacter pour toute question ou suggestion concernant cette offre - <strong><a href=\"https:\/\/komood.shop\/fr\/informations-service\/contact\/\">Contact<\/a><\/strong>.<\/p>","protected":false},"excerpt":{"rendered":"<ul>\n<li class=\"bullet-star\">rouge \u00e0 l\u00e8vres jumbo nourrissant de Benecos<\/li>\n<li class=\"bullet-star\">\u00e0 l'huile de coco bio et \u00e0 la vitamine E<\/li>\n<li class=\"bullet-star\">pour une bouche \u00e0 baiser rouge cerise sucr\u00e9e<\/li>\n<\/ul>","protected":false},"featured_media":5067,"comment_status":"open","ping_status":"closed","template":"","meta":[],"product_brand":[],"product_cat":[321,589,619,595,647,598,651,449,462,473,491,470,493,471,463,485,487,468,467,450,593,668,592,634,483,466,594,646,588,614],"product_tag":[516,451,433,443,444,517,524,525,521,522,530,447,425,441,436,520,442,440],"giftcard-category":[],"class_list":{"0":"post-5111","1":"product","2":"type-product","3":"status-publish","4":"has-post-thumbnail","6":"product_cat-b2c","7":"product_cat-farbtyp-clear-spring","8":"product_cat-lippenstifte-clear-spring","9":"product_cat-farbtyp-deep-autumn","10":"product_cat-lippenstifte-deep-autumn","11":"product_cat-farbtyp-deep-winter","12":"product_cat-lippenstifte-deep-winter","13":"product_cat-dekorative-naturkosmetik","14":"product_cat-farbtypen","15":"product_cat-lippenstifte-fruehlingstyp","16":"product_cat-lippenstifte-fruehling-herbsttyp","17":"product_cat-farbtyp-fruehling-herbst","18":"product_cat-lippenstifte-fruehling-wintertyp","19":"product_cat-farbtyp-fruehling-winter","20":"product_cat-farbtyp-fruehling","21":"product_cat-lippenstifte-herbsttyp","22":"product_cat-lippenstifte-herbst-wintertyp","23":"product_cat-farbtyp-herbst-winter","24":"product_cat-farbtyp-herbst","25":"product_cat-lippenstifte","26":"product_cat-farbtyp-soft-autumn","27":"product_cat-lippenstifte-soft-autumn","28":"product_cat-farbtyp-soft-summer","29":"product_cat-lippenstifte-soft-summer","30":"product_cat-lippenstifte-sommer-herbsttyp","31":"product_cat-farbtyp-sommer-herbst","32":"product_cat-farbtyp-warm-autumn","33":"product_cat-lippenstifte-warm-autumn","34":"product_cat-farbtyp-warm-spring","35":"product_cat-lippenstifte-warm-spring","36":"product_tag-natural-jumbo-lipstick","37":"product_tag-benecos","38":"product_tag-farbtyp-clear-spring","39":"product_tag-farbtyp-deep-autumn","40":"product_tag-farbtyp-deep-winter","41":"product_tag-fruehling","42":"product_tag-fruehling-herbst","43":"product_tag-fruehling-winter","44":"product_tag-herbst","45":"product_tag-herbst-winter","46":"product_tag-lippen","47":"product_tag-neutral","48":"product_tag-b2c","49":"product_tag-farbtyp-soft-autumn","50":"product_tag-farbtyp-soft-summer","51":"product_tag-sommer-herbst","52":"product_tag-farbtyp-warm-autumn","53":"product_tag-farbtyp-warm-spring","55":"first","56":"instock","57":"taxable","58":"shipping-taxable","59":"purchasable","60":"product-type-simple"},"_links":{"self":[{"href":"https:\/\/komood.shop\/fr\/wp-json\/wp\/v2\/product\/5111","targetHints":{"allow":["GET"]}}],"collection":[{"href":"https:\/\/komood.shop\/fr\/wp-json\/wp\/v2\/product"}],"about":[{"href":"https:\/\/komood.shop\/fr\/wp-json\/wp\/v2\/types\/product"}],"replies":[{"embeddable":true,"href":"https:\/\/komood.shop\/fr\/wp-json\/wp\/v2\/comments?post=5111"}],"wp:featuredmedia":[{"embeddable":true,"href":"https:\/\/komood.shop\/fr\/wp-json\/wp\/v2\/media\/5067"}],"wp:attachment":[{"href":"https:\/\/komood.shop\/fr\/wp-json\/wp\/v2\/media?parent=5111"}],"wp:term":[{"taxonomy":"product_brand","embeddable":true,"href":"https:\/\/komood.shop\/fr\/wp-json\/wp\/v2\/product_brand?post=5111"},{"taxonomy":"product_cat","embeddable":true,"href":"https:\/\/komood.shop\/fr\/wp-json\/wp\/v2\/product_cat?post=5111"},{"taxonomy":"product_tag","embeddable":true,"href":"https:\/\/komood.shop\/fr\/wp-json\/wp\/v2\/product_tag?post=5111"},{"taxonomy":"giftcard-category","embeddable":true,"href":"https:\/\/komood.shop\/fr\/wp-json\/wp\/v2\/giftcard-category?post=5111"}],"curies":[{"name":"wp","href":"https:\/\/api.w.org\/{rel}","templated":true}]}}