{"id":5001,"date":"2024-07-22T21:48:42","date_gmt":"2024-07-22T21:48:42","guid":{"rendered":"https:\/\/komood.shop\/?post_type=product&#038;p=5001"},"modified":"2026-03-13T05:15:29","modified_gmt":"2026-03-13T05:15:29","slug":"olive-natural-kajal-de-benecos","status":"publish","type":"product","link":"https:\/\/komood.shop\/fr\/produkt\/olive-natural-kajal-von-benecos\/","title":{"rendered":"olive - Natural Kajal de Benecos"},"content":{"rendered":"<div class=\"ux-logo has-hover align-middle ux_logo inline-block\" style=\"max-width: 100%!important; width: 170px!important\"><a class=\"ux-logo-link block image-\" title=\"Cosm\u00e9tiques naturels de benecos\" href=\"https:\/\/komood.shop\/fr\/caracteristique\/benecos\/\" style=\"padding: 15px;\"><img decoding=\"async\" src=\"https:\/\/komood.shop\/wp-content\/uploads\/benecos-logo-klein.png\" title=\"Cosm\u00e9tiques naturels de benecos\" alt=\"Cosm\u00e9tiques naturels de benecos\" class=\"ux-logo-image block\" style=\"height:50px;\" \/><\/a><\/div>\n<h2>Natural Kajal \"olive\" de Benecos<\/h2>\n<h3>Cosm\u00e9tique naturelle certifi\u00e9e et contr\u00f4l\u00e9e (BDIH)<\/h3>\n<div class=\"is-divider divider clearfix\" style=\"max-width:small;\"><\/div>\n<p>Ce kajal facile \u00e0 appliquer de Benecos pour un trait d'eye-liner parfait est particuli\u00e8rement adapt\u00e9 aux couleurs d'yeux et aux types de couleurs suivants :<\/p>\n<p><strong>Couleurs des yeux<\/strong><\/p>\n<ul>\n<li class=\"bullet-checkmark\">Vert<\/li>\n<li class=\"bullet-checkmark\">Marron<\/li>\n<\/ul>\n<p><strong>Syst\u00e8me de refroidissement\/chauffage<\/strong><\/p>\n<ul>\n<li class=\"bullet-checkmark\">tendance \u00e0 la chaleur<\/li>\n<\/ul>\n<p><strong>4|6|10 Syst\u00e8me de types de couleurs<\/strong><\/p>\n<ul>\n<li class=\"bullet-checkmark\">Printemps<\/li>\n<li class=\"bullet-checkmark\">\u00c9t\u00e9<\/li>\n<li class=\"bullet-checkmark\">\u00c9t\u00e9-automne<\/li>\n<li class=\"bullet-checkmark\">Automne<\/li>\n<li class=\"bullet-checkmark\">Automne-hiver<\/li>\n<li class=\"bullet-checkmark\">Printemps-automne<\/li>\n<\/ul>\n<p><strong>Syst\u00e8me \u00e0 12 types de couleurs<\/strong><\/p>\n<ul>\n<li class=\"bullet-checkmark\">Printemps chaud<\/li>\n<li class=\"bullet-checkmark\">\u00c9t\u00e9 doux<\/li>\n<li class=\"bullet-checkmark\">Automne doux<\/li>\n<li class=\"bullet-checkmark\">Automne chaud<\/li>\n<li class=\"bullet-checkmark\">Deep Autumn<\/li>\n<li class=\"bullet-checkmark\">Hiver profond<\/li>\n<\/ul>\n<div class=\"is-divider divider clearfix\" style=\"max-width:small;\"><\/div>\n<h3>Description du fabricant<\/h3>\n<p>Ce crayon kajal te permet de tracer facilement des lignes et des contours. Gr\u00e2ce \u00e0 sa texture douce \u00e0 base d'huile de limnanthe et de jojoba et \u00e0 son bon rendu de couleur, le kajal est facile \u00e0 appliquer - pour des moments personnels intenses !<\/p>\n<p>\u2713 Avec huile de jojoba bio<br \/>\n\u2713 Sans talc &amp; sans parfum<br \/>\n\u2713 Cosm\u00e9tique naturelle certifi\u00e9e (BDIH)<br \/>\n\u2713 V\u00e9g\u00e9talien<br \/>\n\u2713 Contenu : 1,13g<\/p>\n<h4>Application<\/h4>\n<p>Avec le kajal, tu peux tracer un trait parfait en appliquant une ligne sur le bord inf\u00e9rieur de la paupi\u00e8re, tout pr\u00e8s des cils (astuce : tu peux aussi commencer par ne faire que des points et les relier ensuite si tu as des difficult\u00e9s \u00e0 tracer la ligne d'un seul tenant). Pour une ligne fine, le kajal doit \u00eatre bien taill\u00e9. Gr\u00e2ce \u00e0 sa texture douce, tu peux \u00e9galement souligner la ligne d'eau.<\/p>\n<h4>Bon \u00e0 savoir<\/h4>\n<p>Veuillez imp\u00e9rativement tailler avec un taille-crayon cosm\u00e9tique. Les taille-crayons normaux ne conviennent pas.<\/p>\n<p>Lorsque le kajal est \u00e9puis\u00e9, le capuchon peut \u00eatre d\u00e9pos\u00e9 dans la collecte des d\u00e9chets recyclables\/sac jaune.<\/p>\n<h4>Ingr\u00e9dients<\/h4>\n<p>HUILE DE JOJOBA HYDROG\u00c9N\u00c9E, TRIGLYC\u00c9RIDE CAPRYLIQUE\/CAPRIQUE, MICA, HUILE DE GRAINE DE LIMNANTHES ALBA (MEADOWFOAM), HUILE DE GRAINE DE COTON HYDROG\u00c9N\u00c9E, HUILE DE GRAINE DE MANGIFERA INDICA (MANGUE), CIRE D'EUPHORBIA CERIFERA\/EUPHORBIA CERIFERA (CANDELILLA), HUILE DE GRAINE DE SIMMONDSIA CHINENSIS (JOJOBA)\u00b0, CAPRYLATE DE GLYC\u00c9RYLE, COPERNICIA CERIFERA CERA\/COPERNICIA CERIFERA (CARNAUBA) WAX, MACADAMIA INTEGRIFOLIA SEED OIL, TOCOPHEROL, ASCORBYL PALMITATE, CI 77891 (TITANIUM DIOXIDE), CI 77499 (IRON OXIDES), CI 77491 (IRON OXIDES), CI 77492 (IRON OXIDES), CI 77510 (FERRIC FERROCYANIDE), CI 77288 (CHROMIUM OXIDE GREENS)<\/p>\n<p>22% organique du total\/ 100% origine naturelle du total<br \/>\n\u00b0\u00b0 de culture biologique contr\u00f4l\u00e9e \/ from certified organic agriculture \u00b0\u00b0 composition de parfum naturelle \/ natural fragrance \u00b0\u00b0 fabriqu\u00e9 \u00e0 partir de mati\u00e8res premi\u00e8res biologiques \/ made using organic ingredients<\/p>\n<div class=\"is-divider divider clearfix\" style=\"max-width:small;\"><\/div>\n<h3>Contact<\/h3>\n<p>N'h\u00e9sitez pas \u00e0 nous contacter pour toute question ou suggestion concernant cette offre - <strong><a href=\"https:\/\/komood.shop\/fr\/informations-service\/contact\/\">Contact<\/a><\/strong>.<\/p>","protected":false},"excerpt":{"rendered":"<ul>\n<li class=\"bullet-star\">kajal de Benecos aux couleurs vives et naturelles<\/li>\n<li class=\"bullet-star\">avec de l'huile de limnanthe et de jojoba<\/li>\n<li class=\"bullet-star\">la s\u00e9duction velout\u00e9e<\/li>\n<\/ul>","protected":false},"featured_media":4901,"comment_status":"open","ping_status":"closed","template":"","meta":[],"product_brand":[],"product_cat":[321,595,653,598,656,449,462,500,499,470,463,504,505,468,467,497,593,669,592,635,502,503,466,465,594,652,588,615],"product_tag":[531,498,451,443,444,517,524,521,522,425,441,436,520,446,442,440],"giftcard-category":[],"class_list":{"0":"post-5001","1":"product","2":"type-product","3":"status-publish","4":"has-post-thumbnail","6":"product_cat-b2c","7":"product_cat-farbtyp-deep-autumn","8":"product_cat-kajalstifte-deep-autumn","9":"product_cat-farbtyp-deep-winter","10":"product_cat-kajalstifte-deep-winter","11":"product_cat-dekorative-naturkosmetik","12":"product_cat-farbtypen","13":"product_cat-kajalstifte-fruehlingstyp","14":"product_cat-kajalstifte-fruehling-herbsttyp","15":"product_cat-farbtyp-fruehling-herbst","16":"product_cat-farbtyp-fruehling","17":"product_cat-kajalstifte-herbsttyp","18":"product_cat-kajalstifte-herbst-wintertyp","19":"product_cat-farbtyp-herbst-winter","20":"product_cat-farbtyp-herbst","21":"product_cat-kajal","22":"product_cat-farbtyp-soft-autumn","23":"product_cat-kajalstifte-soft-autumn","24":"product_cat-farbtyp-soft-summer","25":"product_cat-kajalstifte-soft-summer","26":"product_cat-kajalstifte-sommertyp","27":"product_cat-kajalstifte-sommer-herbsttyp","28":"product_cat-farbtyp-sommer-herbst","29":"product_cat-farbtyp-sommer","30":"product_cat-farbtyp-warm-autumn","31":"product_cat-kajalstifte-warm-autumn","32":"product_cat-farbtyp-warm-spring","33":"product_cat-kajalstifte-warm-spring","34":"product_tag-augen","35":"product_tag-natural-kajal","36":"product_tag-benecos","37":"product_tag-farbtyp-deep-autumn","38":"product_tag-farbtyp-deep-winter","39":"product_tag-fruehling","40":"product_tag-fruehling-herbst","41":"product_tag-herbst","42":"product_tag-herbst-winter","43":"product_tag-b2c","44":"product_tag-farbtyp-soft-autumn","45":"product_tag-farbtyp-soft-summer","46":"product_tag-sommer-herbst","47":"product_tag-tendenz-warm","48":"product_tag-farbtyp-warm-autumn","49":"product_tag-farbtyp-warm-spring","51":"first","52":"instock","53":"taxable","54":"shipping-taxable","55":"purchasable","56":"product-type-simple"},"_links":{"self":[{"href":"https:\/\/komood.shop\/fr\/wp-json\/wp\/v2\/product\/5001","targetHints":{"allow":["GET"]}}],"collection":[{"href":"https:\/\/komood.shop\/fr\/wp-json\/wp\/v2\/product"}],"about":[{"href":"https:\/\/komood.shop\/fr\/wp-json\/wp\/v2\/types\/product"}],"replies":[{"embeddable":true,"href":"https:\/\/komood.shop\/fr\/wp-json\/wp\/v2\/comments?post=5001"}],"wp:featuredmedia":[{"embeddable":true,"href":"https:\/\/komood.shop\/fr\/wp-json\/wp\/v2\/media\/4901"}],"wp:attachment":[{"href":"https:\/\/komood.shop\/fr\/wp-json\/wp\/v2\/media?parent=5001"}],"wp:term":[{"taxonomy":"product_brand","embeddable":true,"href":"https:\/\/komood.shop\/fr\/wp-json\/wp\/v2\/product_brand?post=5001"},{"taxonomy":"product_cat","embeddable":true,"href":"https:\/\/komood.shop\/fr\/wp-json\/wp\/v2\/product_cat?post=5001"},{"taxonomy":"product_tag","embeddable":true,"href":"https:\/\/komood.shop\/fr\/wp-json\/wp\/v2\/product_tag?post=5001"},{"taxonomy":"giftcard-category","embeddable":true,"href":"https:\/\/komood.shop\/fr\/wp-json\/wp\/v2\/giftcard-category?post=5001"}],"curies":[{"name":"wp","href":"https:\/\/api.w.org\/{rel}","templated":true}]}}