{"id":4971,"date":"2024-07-21T21:09:06","date_gmt":"2024-07-21T21:09:06","guid":{"rendered":"https:\/\/komood.shop\/?post_type=product&#038;p=4971"},"modified":"2025-11-27T10:00:55","modified_gmt":"2025-11-27T10:00:55","slug":"bright-blue-natural-kajal-de-benecos","status":"publish","type":"product","link":"https:\/\/komood.shop\/fr\/produkt\/bright-blue-natural-kajal-von-benecos\/","title":{"rendered":"bright blue - Natural Kajal de Benecos"},"content":{"rendered":"<div class=\"ux-logo has-hover align-middle ux_logo inline-block\" style=\"max-width: 100%!important; width: 170px!important\"><a class=\"ux-logo-link block image-\" title=\"Cosm\u00e9tiques naturels de benecos\" href=\"https:\/\/komood.shop\/fr\/caracteristique\/benecos\/\" style=\"padding: 15px;\"><img decoding=\"async\" src=\"https:\/\/komood.shop\/wp-content\/uploads\/benecos-logo-klein.png\" title=\"Cosm\u00e9tiques naturels de benecos\" alt=\"Cosm\u00e9tiques naturels de benecos\" class=\"ux-logo-image block\" style=\"height:50px;\" \/><\/a><\/div>\n<h2>Natural Kajal \"bright blue\" de Benecos<\/h2>\n<h3>Cosm\u00e9tique naturelle certifi\u00e9e et contr\u00f4l\u00e9e (BDIH)<\/h3>\n<div class=\"is-divider divider clearfix\" style=\"max-width:small;\"><\/div>\n<p>Ce kajal facile \u00e0 appliquer de Benecos pour un trait d'eye-liner parfait est particuli\u00e8rement adapt\u00e9 aux couleurs d'yeux et aux types de couleurs suivants :<\/p>\n<p><strong>Couleurs des yeux<\/strong><\/p>\n<ul>\n<li class=\"bullet-checkmark\">Bleu<\/li>\n<li class=\"bullet-checkmark\">Gris<\/li>\n<\/ul>\n<p><strong>Syst\u00e8me de refroidissement\/chauffage<\/strong><\/p>\n<ul>\n<li class=\"bullet-checkmark\">tendance \u00e0 \u00eatre froid<\/li>\n<\/ul>\n<p><strong>4|6|10 Syst\u00e8me de types de couleurs<\/strong><\/p>\n<ul>\n<li class=\"bullet-checkmark\">Printemps<\/li>\n<li class=\"bullet-checkmark\">Printemps-\u00e9t\u00e9<\/li>\n<li class=\"bullet-checkmark\">\u00c9t\u00e9<\/li>\n<li class=\"bullet-checkmark\">Hiver<\/li>\n<li class=\"bullet-checkmark\">Printemps-Hiver<\/li>\n<li class=\"bullet-checkmark\">\u00c9t\u00e9-hiver<\/li>\n<\/ul>\n<p><strong>Syst\u00e8me \u00e0 12 types de couleurs<\/strong><\/p>\n<ul>\n<li class=\"bullet-checkmark\">Printemps lumineux<\/li>\n<li class=\"bullet-checkmark\">Printemps chaud<\/li>\n<li class=\"bullet-checkmark\">Printemps clair<\/li>\n<li class=\"bullet-checkmark\">Light Summer<\/li>\n<li class=\"bullet-checkmark\">Cool Summer<\/li>\n<li class=\"bullet-checkmark\">Hiver clair<\/li>\n<li class=\"bullet-checkmark\">Cool Hiver<\/li>\n<li class=\"bullet-checkmark\">Hiver profond<\/li>\n<\/ul>\n<div class=\"is-divider divider clearfix\" style=\"max-width:small;\"><\/div>\n<h3>Description du fabricant<\/h3>\n<p>Ce crayon kajal te permet de tracer facilement des lignes et des contours. Gr\u00e2ce \u00e0 sa texture douce \u00e0 base d'huile de limnanthe et de jojoba et \u00e0 son bon rendu de couleur, le kajal est facile \u00e0 appliquer - pour des moments personnels intenses !<\/p>\n<p>\u2713 Avec huile de jojoba bio<br \/>\n\u2713 Sans talc &amp; sans parfum<br \/>\n\u2713 Cosm\u00e9tique naturelle certifi\u00e9e (BDIH)<br \/>\n\u2713 V\u00e9g\u00e9talien<br \/>\n\u2713 Contenu : 1,13g<\/p>\n<h4>Application<\/h4>\n<p>Avec le kajal, tu peux tracer un trait parfait en appliquant une ligne sur le bord inf\u00e9rieur de la paupi\u00e8re, tout pr\u00e8s des cils (astuce : tu peux aussi commencer par ne faire que des points et les relier ensuite si tu as des difficult\u00e9s \u00e0 tracer la ligne d'un seul tenant). Pour une ligne fine, le kajal doit \u00eatre bien taill\u00e9. Gr\u00e2ce \u00e0 sa texture douce, tu peux \u00e9galement souligner la ligne d'eau.<\/p>\n<h4>Bon \u00e0 savoir<\/h4>\n<p>Veuillez imp\u00e9rativement tailler avec un taille-crayon cosm\u00e9tique. Les taille-crayons normaux ne conviennent pas.<\/p>\n<p>Lorsque le kajal est \u00e9puis\u00e9, le capuchon peut \u00eatre d\u00e9pos\u00e9 dans la collecte des d\u00e9chets recyclables\/sac jaune.<\/p>\n<h4>Ingr\u00e9dients<\/h4>\n<p>Ingr\u00e9dients (INCI) : HYDROGENATED JOJOBA OIL, CAPRYLIC\/CAPRIC TRIGLYCERIDE, MICA, LIMNANTHES ALBA (MEADOWFOAM) SEED OIL, HYDROGENATED COTTONSEED OIL, MANGIFERA INDICA (MANGO) SEED OIL, EUPHORBIA CERIFERA CERA\/EUPHORBIA CERIFERA (CANDELILLA) WAX, SIMMONDSIA CHINENSIS (JOJOBA) SEED OIL*, GLYCERYL CAPRYLATE, COPERNICIA CERIFERA CERA\/COPERNICIA CERIFERA (CARNAUBA) WAX, MACADAMIA INTEGRIFOLIA SEED OIL, TOCOPHEROL, ASCORBYL PALMITATE, CI 77499 (IRON OXIDES)<\/p>\n<p>* de culture biologique contr\u00f4l\u00e9e \/ from certified organic agriculture ** composition de parfum naturelle \/ natural fragrance *** fabriqu\u00e9 \u00e0 partir de mati\u00e8res premi\u00e8res biologiques \/ made using organic ingredients<\/p>\n<div class=\"is-divider divider clearfix\" style=\"max-width:small;\"><\/div>\n<h3>Contact<\/h3>\n<p>N'h\u00e9sitez pas \u00e0 nous contacter pour toute question ou suggestion concernant cette offre - <strong><a href=\"https:\/\/komood.shop\/fr\/informations-service\/contact\/\">Contact<\/a><\/strong>.<\/p>","protected":false},"excerpt":{"rendered":"<ul>\n<li class=\"bullet-star\">kajal de Benecos aux couleurs vives et naturelles<\/li>\n<li class=\"bullet-star\">avec de l'huile de limnanthe et de jojoba<\/li>\n<li class=\"bullet-star\">une vue sur des lacs de montagne profonds<\/li>\n<\/ul>","protected":false},"featured_media":4891,"comment_status":"open","ping_status":"closed","template":"","meta":[],"product_brand":[],"product_cat":[321,589,620,596,654,591,630,597,655,598,656,449,462,500,501,464,507,471,463,497,587,610,590,625,502,508,472,465,588,615,506,469],"product_tag":[531,498,451,433,437,435,438,444,517,518,525,439,434,425,519,526,445,440,523],"giftcard-category":[],"class_list":{"0":"post-4971","1":"product","2":"type-product","3":"status-publish","4":"has-post-thumbnail","6":"product_cat-b2c","7":"product_cat-farbtyp-clear-spring","8":"product_cat-kajalstifte-clear-spring","9":"product_cat-farbtyp-clear-winter","10":"product_cat-kajalstifte-clear-winter","11":"product_cat-farbtyp-cool-summer","12":"product_cat-kajalstifte-cool-summer","13":"product_cat-farbtyp-cool-winter","14":"product_cat-kajalstifte-cool-winter","15":"product_cat-farbtyp-deep-winter","16":"product_cat-kajalstifte-deep-winter","17":"product_cat-dekorative-naturkosmetik","18":"product_cat-farbtypen","19":"product_cat-kajalstifte-fruehlingstyp","20":"product_cat-kajalstifte-fruehling-sommertyp","21":"product_cat-farbtyp-fruehling-sommer","22":"product_cat-kajalstifte-fruehling-wintertyp","23":"product_cat-farbtyp-fruehling-winter","24":"product_cat-farbtyp-fruehling","25":"product_cat-kajal","26":"product_cat-farbtyp-light-spring","27":"product_cat-kajalstifte-light-spring","28":"product_cat-farbtyp-light-summer","29":"product_cat-kajalstifte-light-summer","30":"product_cat-kajalstifte-sommertyp","31":"product_cat-kajalstifte-sommer-wintertyp","32":"product_cat-farbtyp-sommer-winter","33":"product_cat-farbtyp-sommer","34":"product_cat-farbtyp-warm-spring","35":"product_cat-kajalstifte-warm-spring","36":"product_cat-kajalstifte-wintertyp","37":"product_cat-farbtyp-winter","38":"product_tag-augen","39":"product_tag-natural-kajal","40":"product_tag-benecos","41":"product_tag-farbtyp-clear-spring","42":"product_tag-farbtyp-clear-winter","43":"product_tag-farbtyp-cool-summer","44":"product_tag-farbtyp-cool-winter","45":"product_tag-farbtyp-deep-winter","46":"product_tag-fruehling","47":"product_tag-fruehling-sommer","48":"product_tag-fruehling-winter","49":"product_tag-farbtyp-light-spring","50":"product_tag-farbtyp-light-summer","51":"product_tag-b2c","52":"product_tag-sommer","53":"product_tag-sommer-winter","54":"product_tag-tendenz-kuehl","55":"product_tag-farbtyp-warm-spring","56":"product_tag-winter","58":"first","59":"instock","60":"taxable","61":"shipping-taxable","62":"purchasable","63":"product-type-simple"},"_links":{"self":[{"href":"https:\/\/komood.shop\/fr\/wp-json\/wp\/v2\/product\/4971","targetHints":{"allow":["GET"]}}],"collection":[{"href":"https:\/\/komood.shop\/fr\/wp-json\/wp\/v2\/product"}],"about":[{"href":"https:\/\/komood.shop\/fr\/wp-json\/wp\/v2\/types\/product"}],"replies":[{"embeddable":true,"href":"https:\/\/komood.shop\/fr\/wp-json\/wp\/v2\/comments?post=4971"}],"wp:featuredmedia":[{"embeddable":true,"href":"https:\/\/komood.shop\/fr\/wp-json\/wp\/v2\/media\/4891"}],"wp:attachment":[{"href":"https:\/\/komood.shop\/fr\/wp-json\/wp\/v2\/media?parent=4971"}],"wp:term":[{"taxonomy":"product_brand","embeddable":true,"href":"https:\/\/komood.shop\/fr\/wp-json\/wp\/v2\/product_brand?post=4971"},{"taxonomy":"product_cat","embeddable":true,"href":"https:\/\/komood.shop\/fr\/wp-json\/wp\/v2\/product_cat?post=4971"},{"taxonomy":"product_tag","embeddable":true,"href":"https:\/\/komood.shop\/fr\/wp-json\/wp\/v2\/product_tag?post=4971"},{"taxonomy":"giftcard-category","embeddable":true,"href":"https:\/\/komood.shop\/fr\/wp-json\/wp\/v2\/giftcard-category?post=4971"}],"curies":[{"name":"wp","href":"https:\/\/api.w.org\/{rel}","templated":true}]}}