{"id":4690,"date":"2024-06-25T06:03:43","date_gmt":"2024-06-25T06:03:43","guid":{"rendered":"https:\/\/komood.shop\/?post_type=product&#038;p=4690"},"modified":"2026-02-14T10:50:40","modified_gmt":"2026-02-14T10:50:40","slug":"marry-me-natural-lipstick-de-benecos","status":"publish","type":"product","link":"https:\/\/komood.shop\/fr\/produkt\/marry-me-natural-lipstick-von-benecos\/","title":{"rendered":"marry me - Natural Lipstick de Benecos"},"content":{"rendered":"<div class=\"ux-logo has-hover align-middle ux_logo inline-block\" style=\"max-width: 100%!important; width: 170px!important\"><a class=\"ux-logo-link block image-\" title=\"Cosm\u00e9tiques naturels de benecos\" href=\"https:\/\/komood.shop\/fr\/caracteristique\/benecos\/\" style=\"padding: 15px;\"><img decoding=\"async\" src=\"https:\/\/komood.shop\/wp-content\/uploads\/benecos-logo-klein.png\" title=\"Cosm\u00e9tiques naturels de benecos\" alt=\"Cosm\u00e9tiques naturels de benecos\" class=\"ux-logo-image block\" style=\"height:50px;\" \/><\/a><\/div>\n<h2>Rouge \u00e0 l\u00e8vres \"marry me\" de Benecos<\/h2>\n<h3>Cosm\u00e9tique naturelle certifi\u00e9e et contr\u00f4l\u00e9e (BDIH)<\/h3>\n<div class=\"is-divider divider clearfix\" style=\"max-width:small;\"><\/div>\n<p>Ce rouge \u00e0 l\u00e8vres hautement pigment\u00e9 et nourrissant de Benecos convient aux types de couleurs suivants :<\/p>\n<p><strong>Syst\u00e8me de refroidissement\/chauffage<\/strong><\/p>\n<ul>\n<li class=\"bullet-checkmark\">neutre<\/li>\n<\/ul>\n<p><strong>4|6|10 Syst\u00e8me de types de couleurs<\/strong><\/p>\n<ul>\n<li class=\"bullet-checkmark\">Printemps<\/li>\n<li class=\"bullet-checkmark\">Printemps-\u00e9t\u00e9<\/li>\n<li class=\"bullet-checkmark\">\u00c9t\u00e9<\/li>\n<li class=\"bullet-checkmark\">\u00c9t\u00e9-automne<\/li>\n<li class=\"bullet-checkmark\">Printemps-Hiver<\/li>\n<\/ul>\n<p><strong>Syst\u00e8me \u00e0 12 types de couleurs<\/strong><\/p>\n<ul>\n<li class=\"bullet-checkmark\">Printemps lumineux<\/li>\n<li class=\"bullet-checkmark\">Printemps chaud<\/li>\n<li class=\"bullet-checkmark\">Printemps clair<\/li>\n<li class=\"bullet-checkmark\">Light Summer<\/li>\n<li class=\"bullet-checkmark\">Cool Summer<\/li>\n<li class=\"bullet-checkmark\">\u00c9t\u00e9 doux<\/li>\n<li class=\"bullet-checkmark\">Automne doux<\/li>\n<li class=\"bullet-checkmark\">Hiver clair<\/li>\n<\/ul>\n<div class=\"is-divider divider clearfix\" style=\"max-width:small;\"><\/div>\n<h3>Description du fabricant<\/h3>\n<p>Un rouge \u00e0 l\u00e8vres cr\u00e9meux avec un superbe rendu de couleur qui soigne et prot\u00e8ge tes l\u00e8vres avec un complexe d'huile de graines d'arbre miraculeux bio, de cire de candelilla et de vitamine E et les rend douces et velout\u00e9es. Pour des aveux de l\u00e8vres irr\u00e9sistibles<\/p>\n<p>\u2713 Rouge ros\u00e9 avec une douce brillance<br \/>\n\u2713 Complexe de soin protecteur pour des l\u00e8vres douces et velout\u00e9es<br \/>\n\u2713 Couleur tr\u00e8s pigment\u00e9e et intense<br \/>\n\u2713 Cosm\u00e9tique naturelle certifi\u00e9e et contr\u00f4l\u00e9e (BDIH)<\/p>\n<h4>Application<\/h4>\n<p>Applique le rouge \u00e0 l\u00e8vres directement sur les l\u00e8vres ou \u00e0 l'aide du Lip Brush de benecos. Pour qu'il tienne mieux, tu peux d'abord d\u00e9limiter tes l\u00e8vres avec le crayon \u00e0 l\u00e8vres benecos. Pour une tenue encore plus longue du rouge \u00e0 l\u00e8vres, tu peux colorier enti\u00e8rement tes l\u00e8vres avec le crayon \u00e0 l\u00e8vres et appliquer ensuite le rouge \u00e0 l\u00e8vres.<\/p>\n<h4>Bon \u00e0 savoir<\/h4>\n<p>Pour bien mettre en valeur le c\u0153ur des l\u00e8vres, tu peux le remplir de gloss - tes l\u00e8vres para\u00eetront ainsi visuellement plus pulpeuses.<\/p>\n<p>\u00c9limination des d\u00e9chets : Lorsque le rouge \u00e0 l\u00e8vres est \u00e9puis\u00e9, s\u00e9parer les composants de l'emballage et les d\u00e9poser dans le bac de collecte des d\u00e9chets recyclables\/sac jaune.<\/p>\n<h4>Ingr\u00e9dients<\/h4>\n<p>INGR\u00c9DIENTS (INCI) : RICINUS COMMUNIS (CASTOR) SEED OIL\u00b0, ESTERS DE JOJOBA, CERA ALBA (BEESWAX)\u00b0, COPERNICIA CERIFERA CERA\/COPERNICIA CERIFERA (CARNAUBA) WAX\u00b0, SIMMONDSIA CHINENSIS (JOJOBA) SEED OIL\u00b0, ISOAMYL LAURATE, POLYGLYCERYL-10 DECAISOSTEARATE, MICA, EUPHORBIA CERIFERA CERA\/EUPHORBIA CERIFERA (CANDELILLA) WAX, PARFUM (FRAGRANCE), TOCOPH\u00c9ROL, L\u00c9CITHINE, LIMONENE, HELIANTHUS ANNUUS (SUNFLOWER) SEED OIL\u00b0, ASCORBYL PALMITATE, GERANIOL, LINALOOL, CITRIC ACID, CI 75470 (CARMINE), CI 77891 (TITANIUM DIOXIDE), CI 77491 (IRON OXIDES)<\/p>\n<p>\u00b0\u00b0 de culture biologique contr\u00f4l\u00e9e \/ from certified organic agriculture \u00b0\u00b0 composition de parfum naturelle \/ natural fragrance \u00b0\u00b0 fabriqu\u00e9 \u00e0 partir de mati\u00e8res premi\u00e8res biologiques \/ made using organic ingredients<\/p>\n<div class=\"is-divider divider clearfix\" style=\"max-width:small;\"><\/div>\n<h3>Contact<\/h3>\n<p>N'h\u00e9sitez pas \u00e0 nous contacter pour toute question ou suggestion concernant cette offre - <strong><a href=\"https:\/\/komood.shop\/fr\/informations-service\/contact\/\">Contact<\/a><\/strong>.<\/p>","protected":false},"excerpt":{"rendered":"<ul>\n<li class=\"bullet-star\">rouge \u00e0 l\u00e8vres nourrissant de Benecos<\/li>\n<li class=\"bullet-star\">avec de l'huile de graines d'arbre miraculeux bio, de la cire de candelilla et de la vitamine E<\/li>\n<li class=\"bullet-star\">un rouge doux pour toutes les occasions<\/li>\n<\/ul>","protected":false},"featured_media":4579,"comment_status":"open","ping_status":"closed","template":"","meta":[],"product_brand":[],"product_cat":[321,589,619,596,648,591,629,449,462,473,464,493,471,463,587,609,590,624,450,593,668,592,634,481,483,466,465,588,614],"product_tag":[452,451,433,437,435,517,518,525,439,434,530,447,425,441,436,519,520,440],"giftcard-category":[],"class_list":{"0":"post-4690","1":"product","2":"type-product","3":"status-publish","4":"has-post-thumbnail","6":"product_cat-b2c","7":"product_cat-farbtyp-clear-spring","8":"product_cat-lippenstifte-clear-spring","9":"product_cat-farbtyp-clear-winter","10":"product_cat-lippenstifte-clear-winter","11":"product_cat-farbtyp-cool-summer","12":"product_cat-lippenstifte-cool-summer","13":"product_cat-dekorative-naturkosmetik","14":"product_cat-farbtypen","15":"product_cat-lippenstifte-fruehlingstyp","16":"product_cat-farbtyp-fruehling-sommer","17":"product_cat-lippenstifte-fruehling-wintertyp","18":"product_cat-farbtyp-fruehling-winter","19":"product_cat-farbtyp-fruehling","20":"product_cat-farbtyp-light-spring","21":"product_cat-lippenstifte-light-spring","22":"product_cat-farbtyp-light-summer","23":"product_cat-lippenstifte-light-summer","24":"product_cat-lippenstifte","25":"product_cat-farbtyp-soft-autumn","26":"product_cat-lippenstifte-soft-autumn","27":"product_cat-farbtyp-soft-summer","28":"product_cat-lippenstifte-soft-summer","29":"product_cat-lippenstifte-sommertyp","30":"product_cat-lippenstifte-sommer-herbsttyp","31":"product_cat-farbtyp-sommer-herbst","32":"product_cat-farbtyp-sommer","33":"product_cat-farbtyp-warm-spring","34":"product_cat-lippenstifte-warm-spring","35":"product_tag-natural-lipstick","36":"product_tag-benecos","37":"product_tag-farbtyp-clear-spring","38":"product_tag-farbtyp-clear-winter","39":"product_tag-farbtyp-cool-summer","40":"product_tag-fruehling","41":"product_tag-fruehling-sommer","42":"product_tag-fruehling-winter","43":"product_tag-farbtyp-light-spring","44":"product_tag-farbtyp-light-summer","45":"product_tag-lippen","46":"product_tag-neutral","47":"product_tag-b2c","48":"product_tag-farbtyp-soft-autumn","49":"product_tag-farbtyp-soft-summer","50":"product_tag-sommer","51":"product_tag-sommer-herbst","52":"product_tag-farbtyp-warm-spring","54":"first","55":"instock","56":"taxable","57":"shipping-taxable","58":"purchasable","59":"product-type-simple"},"_links":{"self":[{"href":"https:\/\/komood.shop\/fr\/wp-json\/wp\/v2\/product\/4690","targetHints":{"allow":["GET"]}}],"collection":[{"href":"https:\/\/komood.shop\/fr\/wp-json\/wp\/v2\/product"}],"about":[{"href":"https:\/\/komood.shop\/fr\/wp-json\/wp\/v2\/types\/product"}],"replies":[{"embeddable":true,"href":"https:\/\/komood.shop\/fr\/wp-json\/wp\/v2\/comments?post=4690"}],"wp:featuredmedia":[{"embeddable":true,"href":"https:\/\/komood.shop\/fr\/wp-json\/wp\/v2\/media\/4579"}],"wp:attachment":[{"href":"https:\/\/komood.shop\/fr\/wp-json\/wp\/v2\/media?parent=4690"}],"wp:term":[{"taxonomy":"product_brand","embeddable":true,"href":"https:\/\/komood.shop\/fr\/wp-json\/wp\/v2\/product_brand?post=4690"},{"taxonomy":"product_cat","embeddable":true,"href":"https:\/\/komood.shop\/fr\/wp-json\/wp\/v2\/product_cat?post=4690"},{"taxonomy":"product_tag","embeddable":true,"href":"https:\/\/komood.shop\/fr\/wp-json\/wp\/v2\/product_tag?post=4690"},{"taxonomy":"giftcard-category","embeddable":true,"href":"https:\/\/komood.shop\/fr\/wp-json\/wp\/v2\/giftcard-category?post=4690"}],"curies":[{"name":"wp","href":"https:\/\/api.w.org\/{rel}","templated":true}]}}