{"id":3778,"date":"2024-05-28T10:58:15","date_gmt":"2024-05-28T10:58:15","guid":{"rendered":"https:\/\/komood.shop\/?post_type=product&#038;p=3778"},"modified":"2026-03-12T10:15:30","modified_gmt":"2026-03-12T10:15:30","slug":"toiles-danalyse-ecoset-2x3-chaud-froid-determination-de-base","status":"publish","type":"product","link":"https:\/\/komood.shop\/fr\/produkt\/analysetuecher-ecoset-2x3-warm-kuehl-grundbestimmung\/","title":{"rendered":"Kit de lingettes analyse de base ECOset 2\u00d73 - chaud-froid | B2B"},"content":{"rendered":"<div class=\"ux-logo has-hover align-middle ux_logo inline-block\" style=\"max-width: 100%!important; width: 237px!important\"><a class=\"ux-logo-link block image-\" title=\"Passeports de couleurs et mat\u00e9riel de conseil de komood\" href=\"https:\/\/komood.shop\/fr\/caracteristique\/komood\/\" style=\"padding: 15px;\"><img decoding=\"async\" src=\"https:\/\/komood.shop\/wp-content\/uploads\/komood-logo-klein.png\" title=\"Passeports de couleurs et mat\u00e9riel de conseil de komood\" alt=\"Passeports de couleurs et mat\u00e9riel de conseil de komood\" class=\"ux-logo-image block\" style=\"height:50px;\" \/><\/a><\/div>\n<h2>Kit de consultation rapide \"ECOset 2\u00d73\" avec 6 chiffons de couleur<\/h2>\n<h3>pour l'analyse des types de couleur froid et chaud<\/h3>\n<div class=\"is-divider divider clearfix\" style=\"max-width:small;\"><\/div>\n<p>Ce set de 6 chiffons de couleur de la s\u00e9rie ECOset se distingue par les caract\u00e9ristiques particuli\u00e8res suivantes :<\/p>\n<ul>\n<li class=\"bullet-checkmark\">3 draps de d\u00e9termination grand format pour le type de couleur froide :\n<ul>\n<li>Argent - fibre chimique - brillant,<\/li>\n<li>Turquoise - coton - mat,<\/li>\n<li>Violet - coton - mat.<\/li>\n<\/ul>\n<\/li>\n<li class=\"bullet-checkmark\">3 draps de d\u00e9termination grand format pour le type de couleur chaude :\n<ul>\n<li>Or - fibre chimique - brillant,<\/li>\n<li>Olive - coton - mat,<\/li>\n<li>Marron rouge - coton - mat.<\/li>\n<\/ul>\n<\/li>\n<li class=\"bullet-checkmark\"><strong>Focus sur<\/strong> par des couleurs de toiles s\u00e9lectionn\u00e9es avec un fort pouvoir distinctif,<\/li>\n<li class=\"bullet-checkmark\">Nettoyage : \u00e0 sec (recommand\u00e9)<\/li>\n<\/ul>\n<div class=\"is-divider divider clearfix\" style=\"max-width:small;\"><\/div>\n<h3>Chiffons de couleur de la s\u00e9rie ECOset<\/h3>\n<p>ECOset d\u00e9signe une s\u00e9rie de chiffons de couleur bon march\u00e9 mais n\u00e9anmoins professionnels. Avec une taille moyenne de 58 cm x 42 cm, ces chiffons font partie des grands formats. Chaque toile est pourvue d'un ourlet roul\u00e9 simple sur tout le pourtour. La surface mate du tissu des couleurs non m\u00e9talliques emp\u00eache les reflets g\u00eanants lors du processus d'analyse.<\/p>\n<p>La s\u00e9rie ECOset a \u00e9t\u00e9 con\u00e7ue pour les d\u00e9butants dans le conseil en couleur et pour les conseillers occasionnels. Les chiffons ECOset ne conviennent que tr\u00e8s partiellement aux conseillers professionnels quotidiens et aux centres de formation, par exemple comme chiffons compl\u00e9mentaires.<\/p>\n<div class=\"is-divider divider clearfix\" style=\"max-width:small;\"><\/div>\n<h3>D\u00e9veloppement et production<\/h3>\n<p>Ce set de lingettes d'analyse pour le conseil en couleurs est un produit de Komood, Marion Zens. Il est fabriqu\u00e9 \u00e0 la main.<\/p>\n<div class=\"is-divider divider clearfix\" style=\"max-width:small;\"><\/div>\n<h3>Repr\u00e9sentation des couleurs de produits<\/h3>\n<p>Les couleurs repr\u00e9sent\u00e9es dans la boutique Komood (par exemple sur les photos de produits) sont, pour des raisons techniques, des valeurs approximatives et peuvent donc diff\u00e9rer plus ou moins fortement des couleurs r\u00e9elles.<\/p>\n<div class=\"is-divider divider clearfix\" style=\"max-width:small;\"><\/div>\n<h3>Contact<\/h3>\n<p>N'h\u00e9sitez pas \u00e0 nous contacter pour toute question ou suggestion concernant cette offre - <strong><a href=\"https:\/\/komood.shop\/fr\/informations-service\/contact\/\">Contact<\/a><\/strong>.<\/p>","protected":false},"excerpt":{"rendered":"<ul>\n<li class=\"bullet-star\">Kit d'analyse de base en 6 parties pour le conseil en couleur<\/li>\n<li class=\"bullet-star\">3 chiffons de couleur \"froid\" | 3 chiffons de couleur \"chaud<\/li>\n<\/ul>","protected":false},"featured_media":3775,"comment_status":"open","ping_status":"closed","template":"","meta":[],"product_brand":[],"product_cat":[364,203,366,374,246],"product_tag":[240,513,232,708,363,258,357,362,428],"giftcard-category":[],"class_list":{"0":"post-3778","1":"product","2":"type-product","3":"status-publish","4":"has-post-thumbnail","6":"product_cat-farbberatung","7":"product_cat-b2b","8":"product_cat-tuecher-sets-farbtyp-analyse","9":"product_cat-farbtuecher-kuehl-warm","10":"product_cat-kuehl-warm","11":"product_tag-beratungsmaterial","12":"product_tag-bestimmungstuecher","13":"product_tag-b2b","14":"product_tag-grundanalyse","15":"product_tag-ecoset","16":"product_tag-komood","17":"product_tag-komplett-set","18":"product_tag-tuecherset","19":"product_tag-tuecher","20":"wcmo-protected-item wcmo-protected-product","22":"first","23":"instock","24":"taxable","25":"shipping-taxable","26":"product-type-simple"},"_links":{"self":[{"href":"https:\/\/komood.shop\/fr\/wp-json\/wp\/v2\/product\/3778","targetHints":{"allow":["GET"]}}],"collection":[{"href":"https:\/\/komood.shop\/fr\/wp-json\/wp\/v2\/product"}],"about":[{"href":"https:\/\/komood.shop\/fr\/wp-json\/wp\/v2\/types\/product"}],"replies":[{"embeddable":true,"href":"https:\/\/komood.shop\/fr\/wp-json\/wp\/v2\/comments?post=3778"}],"wp:featuredmedia":[{"embeddable":true,"href":"https:\/\/komood.shop\/fr\/wp-json\/wp\/v2\/media\/3775"}],"wp:attachment":[{"href":"https:\/\/komood.shop\/fr\/wp-json\/wp\/v2\/media?parent=3778"}],"wp:term":[{"taxonomy":"product_brand","embeddable":true,"href":"https:\/\/komood.shop\/fr\/wp-json\/wp\/v2\/product_brand?post=3778"},{"taxonomy":"product_cat","embeddable":true,"href":"https:\/\/komood.shop\/fr\/wp-json\/wp\/v2\/product_cat?post=3778"},{"taxonomy":"product_tag","embeddable":true,"href":"https:\/\/komood.shop\/fr\/wp-json\/wp\/v2\/product_tag?post=3778"},{"taxonomy":"giftcard-category","embeddable":true,"href":"https:\/\/komood.shop\/fr\/wp-json\/wp\/v2\/giftcard-category?post=3778"}],"curies":[{"name":"wp","href":"https:\/\/api.w.org\/{rel}","templated":true}]}}