{"id":3554,"date":"2024-05-11T21:48:06","date_gmt":"2024-05-11T21:48:06","guid":{"rendered":"https:\/\/komood.shop\/?post_type=product&#038;p=3554"},"modified":"2025-11-20T15:11:13","modified_gmt":"2025-11-20T15:11:13","slug":"colour-pass-printemps-automne-loop","status":"publish","type":"product","link":"https:\/\/komood.shop\/fr\/produkt\/farbpass-fruehling-herbst-loop\/","title":{"rendered":"Passeport couleurs printemps-automne | Nuancier Loop"},"content":{"rendered":"<div class=\"ux-logo has-hover align-middle ux_logo inline-block\" style=\"max-width: 100%!important; width: 237px!important\"><a class=\"ux-logo-link block image-\" title=\"Passeports de couleurs et mat\u00e9riel de conseil de komood\" href=\"https:\/\/komood.shop\/fr\/caracteristique\/komood\/\" style=\"padding: 15px;\"><img decoding=\"async\" src=\"https:\/\/komood.shop\/wp-content\/uploads\/komood-logo-klein.png\" title=\"Passeports de couleurs et mat\u00e9riel de conseil de komood\" alt=\"Passeports de couleurs et mat\u00e9riel de conseil de komood\" class=\"ux-logo-image block\" style=\"height:50px;\" \/><\/a><\/div>\n<h2>Nuancier stable pour le type de couleur printemps-automne | Loop<\/h2>\n<h3>Spectre de couleurs moyen.chaud<\/h3>\n<div class=\"is-divider divider clearfix\" style=\"max-width:small;\"><\/div>\n<p>Ce passeport de couleurs compact Komood se distingue par les caract\u00e9ristiques particuli\u00e8res suivantes :<\/p>\n<ul>\n<li class=\"bullet-checkmark\">tr\u00e8s grande <strong>choix de couleurs conforme au type<\/strong> (voir \u00e0 ce sujet notre info \"Choix des couleurs &amp; repr\u00e9sentation\"),<\/li>\n<li class=\"bullet-checkmark\">Recto : 22 champs de couleur, d\u00e9signation du type de couleur (all.\/angl.), texte court sur le <strong>Type printemps-automne<\/strong>,<\/li>\n<li class=\"bullet-checkmark\">Verso : 22 zones de couleur, informations l\u00e9gales obligatoires,<\/li>\n<li class=\"bullet-checkmark\">Carte support : PVC, format de carte classique selon DIN ISO 7810,<\/li>\n<li class=\"bullet-checkmark\">des champs de couleur r\u00e9sistants aux rayures gr\u00e2ce \u00e0 une impression professionnelle et une finition de surface de haute qualit\u00e9,<\/li>\n<li class=\"bullet-checkmark\">surface mate pour une comparaison optimale des couleurs sous lumi\u00e8re artificielle.<\/li>\n<\/ul>\n<div class=\"is-divider divider clearfix\" style=\"max-width:small;\"><\/div>\n<h3>D\u00e9veloppement et production<\/h3>\n<p>Ce passeport couleur pour cartes Printemps-Automne de la s\u00e9rie Loop est un produit de Komood, Marion Zens.<\/p>\n<div class=\"is-divider divider clearfix\" style=\"max-width:small;\"><\/div>\n<h3>Repr\u00e9sentation des couleurs printemps-automne<\/h3>\n<p>Les couleurs repr\u00e9sent\u00e9es dans la boutique Komood (par exemple sur les photos de produits) sont, pour des raisons techniques, des valeurs approximatives et peuvent donc diff\u00e9rer plus ou moins fortement des couleurs r\u00e9elles.<\/p>\n<div class=\"is-divider divider clearfix\" style=\"max-width:small;\"><\/div>\n<h3>Contact<\/h3>\n<p>N'h\u00e9sitez pas \u00e0 nous contacter pour toute question ou suggestion concernant cette offre - <strong><a href=\"https:\/\/komood.shop\/fr\/informations-service\/contact\/\">Contact<\/a><\/strong>.<\/p>","protected":false},"excerpt":{"rendered":"<ul>\n<li class=\"bullet-star\">Passeport de couleurs professionnel au format carte EC<\/li>\n<li class=\"bullet-star\">44 couleurs pour le type printemps-automne<\/li>\n<li class=\"bullet-star\">surface mate, sans reflet<\/li>\n<\/ul>","protected":false},"featured_media":3452,"comment_status":"open","ping_status":"closed","template":"","meta":[],"product_brand":[],"product_cat":[248,245,243,321,249,379,378,462,242,490,470,252],"product_tag":[319,524,271,258,406,425,403,408],"giftcard-category":[],"class_list":{"0":"post-3554","1":"product","2":"type-product","3":"status-publish","4":"has-post-thumbnail","6":"product_cat-farbpaesse-farbberatung","7":"product_cat-10-farbtypen","8":"product_cat-6-farbtypen","9":"product_cat-b2c","10":"product_cat-farbkarten","11":"product_cat-farbpaesse-10-farbtypen-mischtypen","12":"product_cat-farbpaesse-6-farbtypen-mischtypen","13":"product_cat-farbtypen","14":"product_cat-farbtypen-system","15":"product_cat-farbpass-fruehling-herbst","16":"product_cat-farbtyp-fruehling-herbst","17":"product_cat-loop","18":"product_tag-44-farben","19":"product_tag-fruehling-herbst","20":"product_tag-loop","21":"product_tag-komood","22":"product_tag-mittige-farben","23":"product_tag-b2c","24":"product_tag-warme-farben","25":"product_tag-warmer-mischtyp","27":"first","28":"instock","29":"taxable","30":"shipping-taxable","31":"purchasable","32":"product-type-simple"},"_links":{"self":[{"href":"https:\/\/komood.shop\/fr\/wp-json\/wp\/v2\/product\/3554","targetHints":{"allow":["GET"]}}],"collection":[{"href":"https:\/\/komood.shop\/fr\/wp-json\/wp\/v2\/product"}],"about":[{"href":"https:\/\/komood.shop\/fr\/wp-json\/wp\/v2\/types\/product"}],"replies":[{"embeddable":true,"href":"https:\/\/komood.shop\/fr\/wp-json\/wp\/v2\/comments?post=3554"}],"wp:featuredmedia":[{"embeddable":true,"href":"https:\/\/komood.shop\/fr\/wp-json\/wp\/v2\/media\/3452"}],"wp:attachment":[{"href":"https:\/\/komood.shop\/fr\/wp-json\/wp\/v2\/media?parent=3554"}],"wp:term":[{"taxonomy":"product_brand","embeddable":true,"href":"https:\/\/komood.shop\/fr\/wp-json\/wp\/v2\/product_brand?post=3554"},{"taxonomy":"product_cat","embeddable":true,"href":"https:\/\/komood.shop\/fr\/wp-json\/wp\/v2\/product_cat?post=3554"},{"taxonomy":"product_tag","embeddable":true,"href":"https:\/\/komood.shop\/fr\/wp-json\/wp\/v2\/product_tag?post=3554"},{"taxonomy":"giftcard-category","embeddable":true,"href":"https:\/\/komood.shop\/fr\/wp-json\/wp\/v2\/giftcard-category?post=3554"}],"curies":[{"name":"wp","href":"https:\/\/api.w.org\/{rel}","templated":true}]}}