{"id":3521,"date":"2024-05-11T10:39:37","date_gmt":"2024-05-11T10:39:37","guid":{"rendered":"https:\/\/komood.shop\/?post_type=product&#038;p=3521"},"modified":"2025-11-25T12:53:01","modified_gmt":"2025-11-25T12:53:01","slug":"eventails-de-couleur-ete-elegance","status":"publish","type":"product","link":"https:\/\/komood.shop\/fr\/produkt\/farbfaecher-sommer-elegance\/","title":{"rendered":"Passeport couleurs \u00e9t\u00e9 | Nuancier Elegance"},"content":{"rendered":"<div class=\"ux-logo has-hover align-middle ux_logo inline-block\" style=\"max-width: 100%!important; width: 237px!important\"><a class=\"ux-logo-link block image-\" title=\"Passeports de couleurs et mat\u00e9riel de conseil de komood\" href=\"https:\/\/komood.shop\/fr\/caracteristique\/komood\/\" style=\"padding: 15px;\"><img decoding=\"async\" src=\"https:\/\/komood.shop\/wp-content\/uploads\/komood-logo-klein.png\" title=\"Passeports de couleurs et mat\u00e9riel de conseil de komood\" alt=\"Passeports de couleurs et mat\u00e9riel de conseil de komood\" class=\"ux-logo-image block\" style=\"height:50px;\" \/><\/a><\/div>\n<h2>Nuancier pour le type de couleur \u00c9t\u00e9 | \u00c9l\u00e9gance<\/h2>\n<h3>Spectre de couleurs clair.froid.couvert<\/h3>\n<div class=\"is-divider divider clearfix\" style=\"max-width:small;\"><\/div>\n<p>Cet \u00e9ventail de couleurs unique de Komood se distingue par les caract\u00e9ristiques particuli\u00e8res suivantes :<\/p>\n<ul>\n<li class=\"bullet-checkmark\">tr\u00e8s grande <strong>choix de couleurs conforme au type<\/strong> (voir \u00e0 ce sujet notre info \"Choix des couleurs &amp; repr\u00e9sentation\"),<\/li>\n<li class=\"bullet-checkmark\">2 cartes Informations textuelles sur le <strong>Type de couleur \u00e9t\u00e9<\/strong>, imprim\u00e9 sur les deux faces,<\/li>\n<li class=\"bullet-checkmark\">35 cartes de couleurs fabriqu\u00e9es \u00e0 la main en papier d'artiste teint\u00e9 dans la masse - chacune avec un verso lisse (blanc),<\/li>\n<li class=\"bullet-checkmark\">Enveloppe en carton solide,<\/li>\n<li class=\"bullet-checkmark\">Reliure avec une vis \u00e0 livre bloqu\u00e9e contre le d\u00e9vissage,<\/li>\n<li class=\"bullet-checkmark\">en \u00e9ventail,<\/li>\n<li class=\"bullet-checkmark\">surfaces mates pour une comparaison optimale des couleurs sous lumi\u00e8re artificielle.<\/li>\n<\/ul>\n<div class=\"is-divider divider clearfix\" style=\"max-width:small;\"><\/div>\n<h3>Options et accessoires<\/h3>\n<p><strong>L'\u00e9tui<\/strong><\/p>\n<p>Comme accessoire, nous proposons un \u00e9tui fait main en alcantara d'environ 70 x 100 x 25mm en diff\u00e9rentes couleurs. Selon le type de couleur, nous recommandons le choix de couleur suivant :<\/p>\n\r\n<table>\r\n<tbody>\r\n<tr>\r\n<th>Type de couleur<\/th>\r\n<th>Couleur de l'\u00e9tui<\/th>\r\n<\/tr>\r\n<tr>\r\n<td>\n\t\t<div class=\"icon-box featured-box icon-box-left text-left\"  >\n\t\t\t\t\t<div class=\"icon-box-img\" style=\"width: 20px\">\n\t\t\t\t<div class=\"icon\">\n\t\t\t\t\t<div class=\"icon-inner\" >\n\t\t\t\t\t\t<img decoding=\"async\" src=\"https:\/\/komood.shop\/wp-content\/uploads\/symbol-fruehlingstyp.avif\" alt=\"Printemps\"\/>\t\t\t\t\t<\/div>\n\t\t\t\t<\/div>\n\t\t\t<\/div>\n\t\t\t\t<div class=\"icon-box-text last-reset\">\n\t\t\t<h5 class=\"uppercase\">Printemps<\/h5>\t\t\t\t\t\t\t\t<\/div>\n\t<\/div>\n\t\n\t<\/td>\r\n<td>Beige, Cr\u00e8me, Vert<\/td>\r\n<\/tr>\r\n<tr>\r\n<td>\n\t\t<div class=\"icon-box featured-box icon-box-left text-left\"  >\n\t\t\t\t\t<div class=\"icon-box-img\" style=\"width: 20px\">\n\t\t\t\t<div class=\"icon\">\n\t\t\t\t\t<div class=\"icon-inner\" >\n\t\t\t\t\t\t<img decoding=\"async\" src=\"https:\/\/komood.shop\/wp-content\/uploads\/symbol-fruehling-sommertyp.avif\" alt=\"Printemps-\u00e9t\u00e9\"\/>\t\t\t\t\t<\/div>\n\t\t\t\t<\/div>\n\t\t\t<\/div>\n\t\t\t\t<div class=\"icon-box-text last-reset\">\n\t\t\t<h5 class=\"uppercase\">Printemps-\u00e9t\u00e9<\/h5>\t\t\t\t\t\t\t\t<\/div>\n\t<\/div>\n\t\n\t<\/td>\r\n<td>Beige, Cr\u00e8me, Vert, Rose<\/td>\r\n<\/tr>\r\n<tr>\r\n<td>\n\t\t<div class=\"icon-box featured-box icon-box-left text-left\"  >\n\t\t\t\t\t<div class=\"icon-box-img\" style=\"width: 20px\">\n\t\t\t\t<div class=\"icon\">\n\t\t\t\t\t<div class=\"icon-inner\" >\n\t\t\t\t\t\t<img decoding=\"async\" src=\"https:\/\/komood.shop\/wp-content\/uploads\/symbol-sommertyp.avif\" alt=\"\u00c9t\u00e9\"\/>\t\t\t\t\t<\/div>\n\t\t\t\t<\/div>\n\t\t\t<\/div>\n\t\t\t\t<div class=\"icon-box-text last-reset\">\n\t\t\t<h5 class=\"uppercase\">\u00c9t\u00e9<\/h5>\t\t\t\t\t\t\t\t<\/div>\n\t<\/div>\n\t\n\t<\/td>\r\n<td>Bleu, Bordeaux, Cr\u00e8me, Gris, Rose<\/td>\r\n<\/tr>\r\n<tr>\r\n<td>\n\t\t<div class=\"icon-box featured-box icon-box-left text-left\"  >\n\t\t\t\t\t<div class=\"icon-box-img\" style=\"width: 20px\">\n\t\t\t\t<div class=\"icon\">\n\t\t\t\t\t<div class=\"icon-inner\" >\n\t\t\t\t\t\t<img decoding=\"async\" src=\"https:\/\/komood.shop\/wp-content\/uploads\/symbol-sommer-herbsttyp.avif\" alt=\"\u00c9t\u00e9-automne\"\/>\t\t\t\t\t<\/div>\n\t\t\t\t<\/div>\n\t\t\t<\/div>\n\t\t\t\t<div class=\"icon-box-text last-reset\">\n\t\t\t<h5 class=\"uppercase\">\u00c9t\u00e9-automne<\/h5>\t\t\t\t\t\t\t\t<\/div>\n\t<\/div>\n\t\n\t<\/td>\r\n<td>Bordeaux, Cr\u00e8me, Rose<\/td>\r\n<\/tr>\r\n<tr>\r\n<td>\n\t\t<div class=\"icon-box featured-box icon-box-left text-left\"  >\n\t\t\t\t\t<div class=\"icon-box-img\" style=\"width: 20px\">\n\t\t\t\t<div class=\"icon\">\n\t\t\t\t\t<div class=\"icon-inner\" >\n\t\t\t\t\t\t<img decoding=\"async\" src=\"https:\/\/komood.shop\/wp-content\/uploads\/symbol-herbsttyp.avif\" alt=\"Automne\"\/>\t\t\t\t\t<\/div>\n\t\t\t\t<\/div>\n\t\t\t<\/div>\n\t\t\t\t<div class=\"icon-box-text last-reset\">\n\t\t\t<h5 class=\"uppercase\">Automne<\/h5>\t\t\t\t\t\t\t\t<\/div>\n\t<\/div>\n\t\n\t<\/td>\r\n<td>Beige, Bordeaux, Vert<\/td>\r\n<\/tr>\r\n<tr>\r\n<td>\n\t\t<div class=\"icon-box featured-box icon-box-left text-left\"  >\n\t\t\t\t\t<div class=\"icon-box-img\" style=\"width: 20px\">\n\t\t\t\t<div class=\"icon\">\n\t\t\t\t\t<div class=\"icon-inner\" >\n\t\t\t\t\t\t<img decoding=\"async\" src=\"https:\/\/komood.shop\/wp-content\/uploads\/symbol-herbst-wintertyp.avif\" alt=\"Automne-hiver\"\/>\t\t\t\t\t<\/div>\n\t\t\t\t<\/div>\n\t\t\t<\/div>\n\t\t\t\t<div class=\"icon-box-text last-reset\">\n\t\t\t<h5 class=\"uppercase\">Automne-hiver<\/h5>\t\t\t\t\t\t\t\t<\/div>\n\t<\/div>\n\t\n\t<\/td>\r\n<td>Bleu, Bordeaux, Gris<\/td>\r\n<\/tr>\r\n<tr>\r\n<td>\n\t\t<div class=\"icon-box featured-box icon-box-left text-left\"  >\n\t\t\t\t\t<div class=\"icon-box-img\" style=\"width: 20px\">\n\t\t\t\t<div class=\"icon\">\n\t\t\t\t\t<div class=\"icon-inner\" >\n\t\t\t\t\t\t<img decoding=\"async\" src=\"https:\/\/komood.shop\/wp-content\/uploads\/symbol-wintertyp.avif\" alt=\"Hiver\"\/>\t\t\t\t\t<\/div>\n\t\t\t\t<\/div>\n\t\t\t<\/div>\n\t\t\t\t<div class=\"icon-box-text last-reset\">\n\t\t\t<h5 class=\"uppercase\">Hiver<\/h5>\t\t\t\t\t\t\t\t<\/div>\n\t<\/div>\n\t\n\t<\/td>\r\n<td>Bleu, Bordeaux, Gris, Rose<\/td>\r\n<\/tr>\r\n<tr>\r\n<td>\n\t\t<div class=\"icon-box featured-box icon-box-left text-left\"  >\n\t\t\t\t\t<div class=\"icon-box-img\" style=\"width: 20px\">\n\t\t\t\t<div class=\"icon\">\n\t\t\t\t\t<div class=\"icon-inner\" >\n\t\t\t\t\t\t<img decoding=\"async\" src=\"https:\/\/komood.shop\/wp-content\/uploads\/symbol-fruehling-wintertyp.avif\" alt=\"Printemps-Hiver\"\/>\t\t\t\t\t<\/div>\n\t\t\t\t<\/div>\n\t\t\t<\/div>\n\t\t\t\t<div class=\"icon-box-text last-reset\">\n\t\t\t<h5 class=\"uppercase\">Printemps-Hiver<\/h5>\t\t\t\t\t\t\t\t<\/div>\n\t<\/div>\n\t\n\t<\/td>\r\n<td>Cr\u00e8me, vert, rose<\/td>\r\n<\/tr>\r\n<tr>\r\n<td>\n\t\t<div class=\"icon-box featured-box icon-box-left text-left\"  >\n\t\t\t\t\t<div class=\"icon-box-img\" style=\"width: 20px\">\n\t\t\t\t<div class=\"icon\">\n\t\t\t\t\t<div class=\"icon-inner\" >\n\t\t\t\t\t\t<img decoding=\"async\" src=\"https:\/\/komood.shop\/wp-content\/uploads\/symbol-fruehling-herbsttyp.avif\" alt=\"Printemps-automne\"\/>\t\t\t\t\t<\/div>\n\t\t\t\t<\/div>\n\t\t\t<\/div>\n\t\t\t\t<div class=\"icon-box-text last-reset\">\n\t\t\t<h5 class=\"uppercase\">Printemps-automne<\/h5>\t\t\t\t\t\t\t\t<\/div>\n\t<\/div>\n\t\n\t<\/td>\r\n<td>Beige, Vert<\/td>\r\n<\/tr>\r\n<tr>\r\n<td>\n\t\t<div class=\"icon-box featured-box icon-box-left text-left\"  >\n\t\t\t\t\t<div class=\"icon-box-img\" style=\"width: 20px\">\n\t\t\t\t<div class=\"icon\">\n\t\t\t\t\t<div class=\"icon-inner\" >\n\t\t\t\t\t\t<img decoding=\"async\" src=\"https:\/\/komood.shop\/wp-content\/uploads\/symbol-sommer-wintertyp.avif\" alt=\"\u00c9t\u00e9-hiver\"\/>\t\t\t\t\t<\/div>\n\t\t\t\t<\/div>\n\t\t\t<\/div>\n\t\t\t\t<div class=\"icon-box-text last-reset\">\n\t\t\t<h5 class=\"uppercase\">\u00c9t\u00e9-hiver<\/h5>\t\t\t\t\t\t\t\t<\/div>\n\t<\/div>\n\t\n\t<\/td>\r\n<td>Bleu, Bordeaux, Cr\u00e8me, Gris, Rose<\/td>\r\n<\/tr>\r\n<\/tbody>\r\n<\/table>\r\n\n<div class=\"is-divider divider clearfix\" style=\"max-width:small;\"><\/div>\n<h3>D\u00e9veloppement et production<\/h3>\n<p>Ce passeport couleur \u00e9t\u00e9 de la s\u00e9rie Elegance est un produit de Komood, Marion Zens. Il est fabriqu\u00e9 en grande partie \u00e0 la main.<\/p>\n<p>Pour les nuanciers, nous utilisons des papiers d'argile de haute qualit\u00e9 (grammage moyen : 160g\/m\u00b2) de diff\u00e9rents fabricants. Des modifications dans leur assortiment peuvent donc n\u00e9cessiter des adaptations dans le tri des couleurs.<\/p>\n<div class=\"is-divider divider clearfix\" style=\"max-width:small;\"><\/div>\n<h3>Repr\u00e9sentation des couleurs d'\u00e9t\u00e9<\/h3>\n<p>Les couleurs repr\u00e9sent\u00e9es dans la boutique Komood (par exemple sur les photos de produits) sont, pour des raisons techniques, des valeurs approximatives et peuvent donc diff\u00e9rer plus ou moins fortement des couleurs r\u00e9elles.<\/p>\n<div class=\"is-divider divider clearfix\" style=\"max-width:small;\"><\/div>\n<h3>Contact<\/h3>\n<p>N'h\u00e9sitez pas \u00e0 nous contacter pour toute question ou suggestion concernant cette offre - <strong><a href=\"https:\/\/komood.shop\/fr\/informations-service\/contact\/\">Contact<\/a><\/strong>.<\/p>","protected":false},"excerpt":{"rendered":"<ul>\n<li class=\"bullet-star\">\u00c9ventails de couleurs professionnels en papier d'argile\/artistique<\/li>\n<li class=\"bullet-star\">35 couleurs pour le type d'\u00e9t\u00e9<\/li>\n<li class=\"bullet-star\">surfaces mates, sans reflets<\/li>\n<\/ul>","protected":false},"featured_media":3415,"comment_status":"open","ping_status":"closed","template":"","meta":[],"product_brand":[],"product_cat":[250,244,243,321,254,382,381,248,462,242,480,465],"product_tag":[316,414,402,317,258,404,412,425,519],"giftcard-category":[],"class_list":{"0":"post-3521","1":"product","2":"type-product","3":"status-publish","4":"has-post-thumbnail","6":"product_cat-farbfaecher","7":"product_cat-4-jahreszeiten","8":"product_cat-6-farbtypen","9":"product_cat-b2c","10":"product_cat-elegance","11":"product_cat-farbfaecher-4-grundtypen","12":"product_cat-farbfaecher-6-farbtypen-mischtypen","13":"product_cat-farbpaesse-farbberatung","14":"product_cat-farbtypen","15":"product_cat-farbtypen-system","16":"product_cat-farbpass-sommer","17":"product_cat-farbtyp-sommer","18":"product_tag-35-farben","19":"product_tag-gedeckte-farben","20":"product_tag-helle-farben","21":"product_tag-elegance","22":"product_tag-komood","23":"product_tag-kuehle-farben","24":"product_tag-kuehler-grundtyp","25":"product_tag-b2c","26":"product_tag-sommer","28":"first","29":"instock","30":"taxable","31":"shipping-taxable","32":"purchasable","33":"product-type-simple"},"_links":{"self":[{"href":"https:\/\/komood.shop\/fr\/wp-json\/wp\/v2\/product\/3521","targetHints":{"allow":["GET"]}}],"collection":[{"href":"https:\/\/komood.shop\/fr\/wp-json\/wp\/v2\/product"}],"about":[{"href":"https:\/\/komood.shop\/fr\/wp-json\/wp\/v2\/types\/product"}],"replies":[{"embeddable":true,"href":"https:\/\/komood.shop\/fr\/wp-json\/wp\/v2\/comments?post=3521"}],"wp:featuredmedia":[{"embeddable":true,"href":"https:\/\/komood.shop\/fr\/wp-json\/wp\/v2\/media\/3415"}],"wp:attachment":[{"href":"https:\/\/komood.shop\/fr\/wp-json\/wp\/v2\/media?parent=3521"}],"wp:term":[{"taxonomy":"product_brand","embeddable":true,"href":"https:\/\/komood.shop\/fr\/wp-json\/wp\/v2\/product_brand?post=3521"},{"taxonomy":"product_cat","embeddable":true,"href":"https:\/\/komood.shop\/fr\/wp-json\/wp\/v2\/product_cat?post=3521"},{"taxonomy":"product_tag","embeddable":true,"href":"https:\/\/komood.shop\/fr\/wp-json\/wp\/v2\/product_tag?post=3521"},{"taxonomy":"giftcard-category","embeddable":true,"href":"https:\/\/komood.shop\/fr\/wp-json\/wp\/v2\/giftcard-category?post=3521"}],"curies":[{"name":"wp","href":"https:\/\/api.w.org\/{rel}","templated":true}]}}