{"id":7041,"date":"2025-01-20T20:36:37","date_gmt":"2025-01-20T20:36:37","guid":{"rendered":"https:\/\/komood.shop\/?post_type=product&#038;p=7041"},"modified":"2026-03-05T19:32:35","modified_gmt":"2026-03-05T19:32:35","slug":"barra-de-labios-fruta-del-dragon-de-grn-green","status":"publish","type":"product","link":"https:\/\/komood.shop\/es\/produkt\/dragon-fruit-lipstick-von-grn-gruen\/","title":{"rendered":"dragon fruit &#8211; Lipstick von GRN [GR\u00dcN]"},"content":{"rendered":"<div class=\"ux-logo has-hover align-middle ux_logo inline-block\" style=\"max-width: 100%!important; width: 115px!important\"><div class=\"ux-logo-link block image-\" title=\"Naturkosmetik von Gruen\" href=\"\" style=\"padding: 15px;\"><img decoding=\"async\" src=\"https:\/\/komood.shop\/wp-content\/uploads\/gruen-logo-klein.png\" title=\"Naturkosmetik von Gruen\" alt=\"Naturkosmetik von Gruen\" class=\"ux-logo-image block\" style=\"height:100px;\" \/><\/div><\/div>\n<h2>Lipstick &#8222;dragon fruit&#8220; von GRN<\/h2>\n<h3>COSMOS ORGANIC zertifizierte Biokosmetik<\/h3>\n<div class=\"is-divider divider clearfix\" style=\"max-width:small;\"><\/div>\n<p>Dieser pflegende Lippenstift von GRN [GR\u00dcN] schenkt folgenden Farbtypen den subtil gl\u00e4nzenden Kussmund-Look.<\/p>\n<p><strong>K\u00fchl-Warm-System<\/strong><\/p>\n<ul>\n<li class=\"bullet-checkmark\">tendenziell kalttonig<\/li>\n<\/ul>\n<p><strong>4|6|10-Farbtypen-System<\/strong><\/p>\n<ul>\n<li class=\"bullet-checkmark\">Fr\u00fchling-Sommer<\/li>\n<li class=\"bullet-checkmark\">Sommer<\/li>\n<li class=\"bullet-checkmark\">Sommer-Herbst<\/li>\n<li class=\"bullet-checkmark\">Fr\u00fchling-Winter<\/li>\n<li class=\"bullet-checkmark\">Sommer-Winter<\/li>\n<\/ul>\n<p><strong>12-Farbtypen-System<\/strong><\/p>\n<ul>\n<li class=\"bullet-checkmark\">Light Spring<\/li>\n<li class=\"bullet-checkmark\">Light Summer<\/li>\n<li class=\"bullet-checkmark\">Cool Summer<\/li>\n<li class=\"bullet-checkmark\">Soft Summer<\/li>\n<li class=\"bullet-checkmark\">Soft Autumn<\/li>\n<\/ul>\n<div class=\"is-divider divider clearfix\" style=\"max-width:small;\"><\/div>\n<h3>Beschreibung des Herstellers<\/h3>\n<p>F\u00fcr intensive Lippenbekenntnisse<\/p>\n<p>Die gl\u00e4nzende Lippenstiftfarbe \u201edragon fruit\u201c pflegt deine Lippen mit Bio-Wunderbaumsamen- und Bio-Jojoba\u00f6l \u2013 f\u00fcr unwiderstehliche Kussmomente! Die angenehme Textur mit wertvollem Candelillawachs sorgt zudem f\u00fcr ein tolles Tragegef\u00fchl und eine gute Lippenhaftung.<\/p>\n<p>\u2713 Mit Bio-Jojoba\u00f6l<br \/>\n\u2713 Talkfrei<br \/>\n\u2713 Unwiderstehliche Farbbrillanz<br \/>\n\u2713 COSMOS ORGANIC zertifizierte Biokosmetik<br \/>\n\u2713 Inhalt: 4g<\/p>\n<h4>Anwendung<\/h4>\n<p>Lippen mit einem Lip Pencil umranden. Anschlie\u00dfend den Lipstick auf den gesamten Lippen auftragen.<\/p>\n<h4>Good to Know<\/h4>\n<p>F\u00fcr einen besonders langen Halt, Lippen komplett mit dem Lip Pencil ausmalen, und danach den Lippenstift auftragen.<\/p>\n<h4>Inhaltsstoffe<\/h4>\n<p>GRN [GR\u00dcN] COLOUR COSMETICS Lipstick dragon fruit: OCTYLDODECANOL, RICINUS COMMUNIS (CASTOR) SEED OIL\u00b0, C10-18 TRIGLYCERIDES, HYDROGENATED OLIVE OIL STEARYL ESTERS\u00b0\u00b0\u00b0, JOJOBA ESTERS, SIMMONDSIA CHINENSIS (JOJOBA) SEED OIL\u00b0, COPERNICIA CERIFERA CERA\/ COPERNICIA CERIFERA (CARNAUBA) WAX\u00b0, TRIBEHENIN, HELIANTHUS ANNUUS (SUNFLOWER) SEED WAX, MICA, EUPHORBIA CERIFERA CERA\/ EUPHORBIA CERIFERA (CANDELILLA) WAX, ACACIA DECURRENS FLOWER WAX, POLYGLYCERIN-3, PARFUM (FRAGRANCE)\u00b0\u00b0, LECITHIN, TOCOPHEROL, ASCORBYL PALMITATE, CITRIC ACID, LIMONENE\u00b0\u00b0, GERANIOL\u00b0\u00b0, LINALOOL\u00b0\u00b0, CI 77891 (TITANIUM DIOXIDE), CI 75470 (CARMINE) , CI 77491 (IRON OXIDES), CI 77499 (IRON OXIDES)<\/p>\n<p>\u00b0 aus kontrolliert biologischem Anbau<br \/>\n\u00b0\u00b0 nat\u00fcrliche Parf\u00fcmkomposition<\/p>\n<div class=\"is-divider divider clearfix\" style=\"max-width:small;\"><\/div>\n<h3>Kontakt<\/h3>\n<p>Bei Fragen oder Anregungen zu diesem Angebot stehen wir Ihnen sehr gern zur Verf\u00fcgung &#8211; <strong><a href=\"https:\/\/komood.shop\/informationen-service\/kontakt\/\">Kontakt<\/a><\/strong>.<\/p>\n","protected":false},"excerpt":{"rendered":"<ul>\n<li class=\"bullet-star\">pintalabios cosm\u00e9tico natural de color de moda de GRN<\/li>\n<li class=\"bullet-star\">con aceite de semilla de \u00e1rbol milagroso ecol\u00f3gico y aceite de jojoba ecol\u00f3gico<\/li>\n<li class=\"bullet-star\">un elegante y fresco rojo multiusos<\/li>\n<\/ul>","protected":false},"featured_media":7033,"comment_status":"open","ping_status":"closed","template":"","meta":[],"product_brand":[],"product_cat":[321,591,629,449,462,476,464,493,471,587,609,590,624,450,593,668,592,634,481,483,466,495,472,465],"product_tag":[435,518,525,606,605,439,434,530,425,441,436,519,520,526,445],"giftcard-category":[],"class_list":{"0":"post-7041","1":"product","2":"type-product","3":"status-publish","4":"has-post-thumbnail","6":"product_cat-b2c","7":"product_cat-farbtyp-cool-summer","8":"product_cat-lippenstifte-cool-summer","9":"product_cat-dekorative-naturkosmetik","10":"product_cat-farbtypen","11":"product_cat-lippenstifte-fruehling-sommertyp","12":"product_cat-farbtyp-fruehling-sommer","13":"product_cat-lippenstifte-fruehling-wintertyp","14":"product_cat-farbtyp-fruehling-winter","15":"product_cat-farbtyp-light-spring","16":"product_cat-lippenstifte-light-spring","17":"product_cat-farbtyp-light-summer","18":"product_cat-lippenstifte-light-summer","19":"product_cat-lippenstifte","20":"product_cat-farbtyp-soft-autumn","21":"product_cat-lippenstifte-soft-autumn","22":"product_cat-farbtyp-soft-summer","23":"product_cat-lippenstifte-soft-summer","24":"product_cat-lippenstifte-sommertyp","25":"product_cat-lippenstifte-sommer-herbsttyp","26":"product_cat-farbtyp-sommer-herbst","27":"product_cat-lippenstifte-sommer-wintertyp","28":"product_cat-farbtyp-sommer-winter","29":"product_cat-farbtyp-sommer","30":"product_tag-farbtyp-cool-summer","31":"product_tag-fruehling-sommer","32":"product_tag-fruehling-winter","33":"product_tag-grn-gruen","34":"product_tag-grn-lipstick","35":"product_tag-farbtyp-light-spring","36":"product_tag-farbtyp-light-summer","37":"product_tag-lippen","38":"product_tag-b2c","39":"product_tag-farbtyp-soft-autumn","40":"product_tag-farbtyp-soft-summer","41":"product_tag-sommer","42":"product_tag-sommer-herbst","43":"product_tag-sommer-winter","44":"product_tag-tendenz-kuehl","46":"first","47":"instock","48":"taxable","49":"shipping-taxable","50":"purchasable","51":"product-type-simple"},"_links":{"self":[{"href":"https:\/\/komood.shop\/es\/wp-json\/wp\/v2\/product\/7041","targetHints":{"allow":["GET"]}}],"collection":[{"href":"https:\/\/komood.shop\/es\/wp-json\/wp\/v2\/product"}],"about":[{"href":"https:\/\/komood.shop\/es\/wp-json\/wp\/v2\/types\/product"}],"replies":[{"embeddable":true,"href":"https:\/\/komood.shop\/es\/wp-json\/wp\/v2\/comments?post=7041"}],"wp:featuredmedia":[{"embeddable":true,"href":"https:\/\/komood.shop\/es\/wp-json\/wp\/v2\/media\/7033"}],"wp:attachment":[{"href":"https:\/\/komood.shop\/es\/wp-json\/wp\/v2\/media?parent=7041"}],"wp:term":[{"taxonomy":"product_brand","embeddable":true,"href":"https:\/\/komood.shop\/es\/wp-json\/wp\/v2\/product_brand?post=7041"},{"taxonomy":"product_cat","embeddable":true,"href":"https:\/\/komood.shop\/es\/wp-json\/wp\/v2\/product_cat?post=7041"},{"taxonomy":"product_tag","embeddable":true,"href":"https:\/\/komood.shop\/es\/wp-json\/wp\/v2\/product_tag?post=7041"},{"taxonomy":"giftcard-category","embeddable":true,"href":"https:\/\/komood.shop\/es\/wp-json\/wp\/v2\/giftcard-category?post=7041"}],"curies":[{"name":"wp","href":"https:\/\/api.w.org\/{rel}","templated":true}]}}