{"id":7022,"date":"2025-01-19T15:51:46","date_gmt":"2025-01-19T15:51:46","guid":{"rendered":"https:\/\/komood.shop\/?post_type=product&#038;p=7022"},"modified":"2026-01-21T15:30:41","modified_gmt":"2026-01-21T15:30:41","slug":"pintalabios-de-calabaza-de-grn-green","status":"publish","type":"product","link":"https:\/\/komood.shop\/es\/produkt\/pumpkin-lipstick-von-grn-gruen\/","title":{"rendered":"pumpkin &#8211; Lipstick von GRN [GR\u00dcN]"},"content":{"rendered":"<div class=\"ux-logo has-hover align-middle ux_logo inline-block\" style=\"max-width: 100%!important; width: 115px!important\"><div class=\"ux-logo-link block image-\" title=\"Naturkosmetik von Gruen\" href=\"\" style=\"padding: 15px;\"><img decoding=\"async\" src=\"https:\/\/komood.shop\/wp-content\/uploads\/gruen-logo-klein.png\" title=\"Naturkosmetik von Gruen\" alt=\"Naturkosmetik von Gruen\" class=\"ux-logo-image block\" style=\"height:100px;\" \/><\/div><\/div>\n<h2>Lipstick &#8222;pumpkin&#8220; von GRN<\/h2>\n<h3>COSMOS ORGANIC zertifizierte Biokosmetik<\/h3>\n<div class=\"is-divider divider clearfix\" style=\"max-width:small;\"><\/div>\n<p>Dieser pflegende Lippenstift von GRN [GR\u00dcN] schenkt folgenden Farbtypen den subtil gl\u00e4nzenden Kussmund-Look.<\/p>\n<p><strong>K\u00fchl-Warm-System<\/strong><\/p>\n<ul>\n<li class=\"bullet-checkmark\">warm<\/li>\n<\/ul>\n<p><strong>4|6|10-Farbtypen-System<\/strong><\/p>\n<ul>\n<li class=\"bullet-checkmark\">Fr\u00fchling<\/li>\n<li class=\"bullet-checkmark\">Fr\u00fchling-Sommer<\/li>\n<li class=\"bullet-checkmark\">Sommer-Herbst<\/li>\n<li class=\"bullet-checkmark\">Herbst<\/li>\n<li class=\"bullet-checkmark\">Fr\u00fchling-Herbst<\/li>\n<li class=\"bullet-checkmark\">Fr\u00fchling-Winter<\/li>\n<\/ul>\n<p><strong>12-Farbtypen-System<\/strong><\/p>\n<ul>\n<li class=\"bullet-checkmark\">Light Spring<\/li>\n<li class=\"bullet-checkmark\">Warm Spring<\/li>\n<li class=\"bullet-checkmark\">Clear Spring<\/li>\n<li class=\"bullet-checkmark\">Soft Summer<\/li>\n<li class=\"bullet-checkmark\">Soft Autumn<\/li>\n<li class=\"bullet-checkmark\">Warm Autumn<\/li>\n<\/ul>\n<div class=\"is-divider divider clearfix\" style=\"max-width:small;\"><\/div>\n<h3>Beschreibung des Herstellers<\/h3>\n<p>F\u00fcr intensive Lippenbekenntnisse<\/p>\n<p>Die gl\u00e4nzende Lippenstiftfarbe \u201epumpkin\u201c pflegt deine Lippen mit Bio-Wunderbaumsamen- und Bio-Jojoba\u00f6l \u2013 f\u00fcr unwiderstehliche Kussmomente! Die angenehme Textur mit wertvollem Candelillawachs sorgt zudem f\u00fcr ein tolles Tragegef\u00fchl und eine gute Lippenhaftung.<\/p>\n<p>\u2713 Mit Bio-Jojoba\u00f6l<br \/>\n\u2713 Talkfrei<br \/>\n\u2713 Unwiderstehliche Farbbrillanz<br \/>\n\u2713 COSMOS ORGANIC zertifizierte Biokosmetik<br \/>\n\u2713 Inhalt: 4g<\/p>\n<h4>Anwendung<\/h4>\n<p>Lippen mit einem Lip Pencil umranden. Anschlie\u00dfend den Lipstick auf den gesamten Lippen auftragen.<\/p>\n<h4>Good to Know<\/h4>\n<p>F\u00fcr einen besonders langen Halt, Lippen komplett mit dem Lip Pencil ausmalen, und danach den Lippenstift auftragen.<\/p>\n<h4>Inhaltsstoffe<\/h4>\n<p>GRN [GR\u00dcN] COLOUR COSMETICS Lipstick pumpkin: INGREDIENTS: RICINUS COMMUNIS (CASTOR) SEED OIL\u00b0, SIMMONDSIA CHINENSIS (JOJOBA) SEED OIL\u00b0, HYDROGENATED OLIVE OIL STEARYL ESTERS\u00b0\u00b0\u00b0, C10-18 TRIGLYCERIDES, HYDROXYSTEARIC\/LINOLENIC\/OLEIC POLYGLYCERIDES, COPERNICIA CERIFERA CERA\/ COPERNICIA CERIFERA (CARNAUBA) WAX\u00b0, HYDROGENATED JOJOBA OIL, MICA, GLYCERYL ROSINATE, EUPHORBIA CERIFERA CERA\/ EUPHORBIA CERIFERA (CANDELILLA) WAX, PARFUM (FRAGRANCE)\u00b0\u00b0, LECITHIN, TOCOPHEROL, ASCORBYL PALMITATE, CITRIC ACID, LIMONENE\u00b0\u00b0, GERANIOL\u00b0\u00b0, LINALOOL\u00b0\u00b0, CI 77891 (TITANIUM DIOXIDE), CI 77491 (IRON OXIDES), CI 75470 (CARMINE), CI 77492 (IRON OXIDES)<\/p>\n<p>\u00b0 aus kontrolliert biologischem Anbau<br \/>\n\u00b0\u00b0 nat\u00fcrliche Parf\u00fcmkomposition<\/p>\n<div class=\"is-divider divider clearfix\" style=\"max-width:small;\"><\/div>\n<h3>Kontakt<\/h3>\n<p>Bei Fragen oder Anregungen zu diesem Angebot stehen wir Ihnen sehr gern zur Verf\u00fcgung &#8211; <strong><a href=\"https:\/\/komood.shop\/informationen-service\/kontakt\/\">Kontakt<\/a><\/strong>.<\/p>\n","protected":false},"excerpt":{"rendered":"<ul>\n<li class=\"bullet-star\">pintalabios cosm\u00e9tico natural de color de moda de GRN<\/li>\n<li class=\"bullet-star\">con aceite de semilla de \u00e1rbol milagroso ecol\u00f3gico y aceite de jojoba ecol\u00f3gico<\/li>\n<li class=\"bullet-star\">Muy recomendable no s\u00f3lo en oto\u00f1o<\/li>\n<\/ul>","protected":false},"featured_media":7023,"comment_status":"open","ping_status":"closed","template":"","meta":[],"product_brand":[],"product_cat":[321,589,619,449,462,473,491,470,476,464,493,471,463,485,467,587,609,450,593,668,592,634,483,466,594,646,588,614],"product_tag":[433,517,524,518,525,606,605,521,439,530,425,441,436,520,430,442,440],"giftcard-category":[],"class_list":{"0":"post-7022","1":"product","2":"type-product","3":"status-publish","4":"has-post-thumbnail","6":"product_cat-b2c","7":"product_cat-farbtyp-clear-spring","8":"product_cat-lippenstifte-clear-spring","9":"product_cat-dekorative-naturkosmetik","10":"product_cat-farbtypen","11":"product_cat-lippenstifte-fruehlingstyp","12":"product_cat-lippenstifte-fruehling-herbsttyp","13":"product_cat-farbtyp-fruehling-herbst","14":"product_cat-lippenstifte-fruehling-sommertyp","15":"product_cat-farbtyp-fruehling-sommer","16":"product_cat-lippenstifte-fruehling-wintertyp","17":"product_cat-farbtyp-fruehling-winter","18":"product_cat-farbtyp-fruehling","19":"product_cat-lippenstifte-herbsttyp","20":"product_cat-farbtyp-herbst","21":"product_cat-farbtyp-light-spring","22":"product_cat-lippenstifte-light-spring","23":"product_cat-lippenstifte","24":"product_cat-farbtyp-soft-autumn","25":"product_cat-lippenstifte-soft-autumn","26":"product_cat-farbtyp-soft-summer","27":"product_cat-lippenstifte-soft-summer","28":"product_cat-lippenstifte-sommer-herbsttyp","29":"product_cat-farbtyp-sommer-herbst","30":"product_cat-farbtyp-warm-autumn","31":"product_cat-lippenstifte-warm-autumn","32":"product_cat-farbtyp-warm-spring","33":"product_cat-lippenstifte-warm-spring","34":"product_tag-farbtyp-clear-spring","35":"product_tag-fruehling","36":"product_tag-fruehling-herbst","37":"product_tag-fruehling-sommer","38":"product_tag-fruehling-winter","39":"product_tag-grn-gruen","40":"product_tag-grn-lipstick","41":"product_tag-herbst","42":"product_tag-farbtyp-light-spring","43":"product_tag-lippen","44":"product_tag-b2c","45":"product_tag-farbtyp-soft-autumn","46":"product_tag-farbtyp-soft-summer","47":"product_tag-sommer-herbst","48":"product_tag-warm","49":"product_tag-farbtyp-warm-autumn","50":"product_tag-farbtyp-warm-spring","52":"first","53":"outofstock","54":"taxable","55":"shipping-taxable","56":"purchasable","57":"product-type-simple"},"_links":{"self":[{"href":"https:\/\/komood.shop\/es\/wp-json\/wp\/v2\/product\/7022","targetHints":{"allow":["GET"]}}],"collection":[{"href":"https:\/\/komood.shop\/es\/wp-json\/wp\/v2\/product"}],"about":[{"href":"https:\/\/komood.shop\/es\/wp-json\/wp\/v2\/types\/product"}],"replies":[{"embeddable":true,"href":"https:\/\/komood.shop\/es\/wp-json\/wp\/v2\/comments?post=7022"}],"wp:featuredmedia":[{"embeddable":true,"href":"https:\/\/komood.shop\/es\/wp-json\/wp\/v2\/media\/7023"}],"wp:attachment":[{"href":"https:\/\/komood.shop\/es\/wp-json\/wp\/v2\/media?parent=7022"}],"wp:term":[{"taxonomy":"product_brand","embeddable":true,"href":"https:\/\/komood.shop\/es\/wp-json\/wp\/v2\/product_brand?post=7022"},{"taxonomy":"product_cat","embeddable":true,"href":"https:\/\/komood.shop\/es\/wp-json\/wp\/v2\/product_cat?post=7022"},{"taxonomy":"product_tag","embeddable":true,"href":"https:\/\/komood.shop\/es\/wp-json\/wp\/v2\/product_tag?post=7022"},{"taxonomy":"giftcard-category","embeddable":true,"href":"https:\/\/komood.shop\/es\/wp-json\/wp\/v2\/giftcard-category?post=7022"}],"curies":[{"name":"wp","href":"https:\/\/api.w.org\/{rel}","templated":true}]}}