{"id":6840,"date":"2025-01-14T18:29:30","date_gmt":"2025-01-14T18:29:30","guid":{"rendered":"https:\/\/komood.shop\/?post_type=product&#038;p=6840"},"modified":"2025-11-27T09:59:10","modified_gmt":"2025-11-27T09:59:10","slug":"03-mascara-de-pestanas-raven-black-long-thick-de-marie-w","status":"publish","type":"product","link":"https:\/\/komood.shop\/es\/produkt\/03-rabenschwarz-lang-dicht-wimperntusche-von-marie-w\/","title":{"rendered":"03 RavenBlack long &amp; thick - M\u00e1scara de pesta\u00f1as de marie w."},"content":{"rendered":"<div class=\"ux-logo has-hover align-middle ux_logo inline-block\" style=\"max-width: 100%!important; width: 271px!important\"><a class=\"ux-logo-link block image-\" title=\"Naturkosmetik von Marie W.\" href=\"https:\/\/komood.shop\/merkmal\/marie-w\/\" style=\"padding: 15px;\"><img decoding=\"async\" src=\"https:\/\/komood.shop\/wp-content\/uploads\/marie-w-logo-klein.png\" title=\"Naturkosmetik von Marie W.\" alt=\"Naturkosmetik von Marie W.\" class=\"ux-logo-image block\" style=\"height:50px;\" \/><\/a><\/div>\n<h2>Wimperntusche &#8222;03 RabenSchwarz lang &amp; dicht&#8220;<\/h2>\n<h3>augen\u00e4rztlich getester Mascara aus Bio-Aloe Vera und Fair Trade Mango | zertifizierte Naturkosmetik<\/h3>\n<div class=\"is-divider divider clearfix\" style=\"max-width:small;\"><\/div>\n<p>Diese vegane, hochwertige und pflegende Wimperntusche von marie w. ist f\u00fcr folgende Augenfarben und Farbtypen geeignet:<\/p>\n<p><strong>Augenfarben<\/strong><\/p>\n<ul>\n<li class=\"bullet-checkmark\">Alle Augenfarben<\/li>\n<\/ul>\n<p><strong>K\u00fchl-Warm-System<\/strong><\/p>\n<ul>\n<li class=\"bullet-checkmark\">k\u00fchl<\/li>\n<\/ul>\n<p><strong>4|6|10-Farbtypen-System<\/strong><\/p>\n<ul>\n<li class=\"bullet-checkmark\">Sommer<\/li>\n<li class=\"bullet-checkmark\">Herbst<\/li>\n<li class=\"bullet-checkmark\">Herbst-Winter<\/li>\n<li class=\"bullet-checkmark\">Winter<\/li>\n<li class=\"bullet-checkmark\">Fr\u00fchling-Winter<\/li>\n<li class=\"bullet-checkmark\">Sommer-Winter<\/li>\n<\/ul>\n<p><strong>12-Farbtypen-System<\/strong><\/p>\n<ul>\n<li class=\"bullet-checkmark\">Light Summer<\/li>\n<li class=\"bullet-checkmark\">Cool Summer<\/li>\n<li class=\"bullet-checkmark\">Soft Summer<\/li>\n<li class=\"bullet-checkmark\">Deep Autumn<\/li>\n<li class=\"bullet-checkmark\">Clear Winter<\/li>\n<li class=\"bullet-checkmark\">Cool Winter<\/li>\n<li class=\"bullet-checkmark\">Deep Winter<\/li>\n<\/ul>\n<div class=\"is-divider divider clearfix\" style=\"max-width:small;\"><\/div>\n<h3>Beschreibung des Herstellers<\/h3>\n<p>WimpernTusche 03 Rabenschwarz lang &amp; dicht<\/p>\n<p>Mit pflegender Bambusseide.<\/p>\n<p><strong>Einfach:<\/strong> Drei-in-eins Effekt f\u00fcr L\u00e4nge, Dichte und Schwung<br \/>\n<strong>Nat\u00fcrlich:<\/strong> Wertvolle pflanzliche Wirkstoffe wie Bio-Aloe Vera und Fair Trade-Mango umh\u00fcllen, st\u00e4rken und pflegen Ihre Wimpern<br \/>\n<strong>Vollendet:<\/strong> Wirkt, als w\u00e4ren die Wimpern von Natur aus lang, dicht &amp; dunkel<\/p>\n<p>marie w. WimpernTuschen aus Bio-Aloe Vera sind die Antwort f\u00fcr alle, die schon immer nach einer nat\u00fcrlich-perfekten Wimperntusche gesucht haben.<\/p>\n<p>Die inneren Werte der neuen WimpernTuschen sp\u00fcren Sie sofort: Statt Wasser als Haupt-Inhaltsstoff verwenden wir wertvollen Bio-Aloe Vera Saft. Seine sanfte K\u00fchle macht schon das Auftragen zur Wohltat. Kostbare Fair Trade-Mangobutter umh\u00fcllt sch\u00fctzend und pflegend jedes einzelne H\u00e4rchen ohne es zu belasten. So bleiben die Wimpern selbst bei mehrmaligem \u00dcbertuschen geschmeidig. Das Resultat: Ausdrucksvolles, nat\u00fcrliches Volumen statt starrem Puppenaugen-Look.<\/p>\n<h4>Anwendungstipp<\/h4>\n<p><strong>Die l\u00e4ngeren Wimpern am oberen Lid:<\/strong><\/p>\n<p>1. Am oberen Wimpernrand ansetzen, zwei Abw\u00e4rtsstriche zur Wimpernspitze hin f\u00fchren.<br \/>\n2. Am unteren Wimperrand ansetzen, zwei Aufw\u00e4rtsstriche zur Wimpernspitze hin f\u00fchren.<\/p>\n<p><strong>Die k\u00fcrzeren Wimpern am unteren Lid:<\/strong><\/p>\n<p>1. B\u00fcrstchen senkrecht halten und nach unten ziehen.<br \/>\n2. B\u00fcrstchen waagerecht halten und mit einer Zickzack-Bewegung nach unten \u201ar\u00fctteln\u2018.<\/p>\n<h4>Inhaltsstoffe<\/h4>\n<p>ALOE BARBADENSIS LEAF JUICE* , GLYCERYL ROSINATE , GLYCERYL STEARATE , KAOLIN , PULLULAN , CETEARYL ALCOHOL , CAPRYLIC\/CAPRIC TRIGLYCERIDE** , SUCROSE PALMITATE , ACACIA SENEGAL GUM , RICINUS COMMUNIS SEED OIL* , AQUA (WATER) , GLYCERIN , POTASSIUM PALMITOYL HYDROLYZED WHEAT PROTEIN , GALACTORABINAN , GLYCERYL CAPRYLATE , MANGIFERA INDICA SEED BUTTER* , BAMBUSA ARUNDINACEA STEM POWDER , SODIUM STEAROYL LACTYLATE , P-ANISIC ACID , LACTIC ACID , SODIUM ANISATE , LECITHIN , SODIUM SILICATE , SODIUM LEVULINATE , BUTYROSPERMUM PARKII BUTTER* , TOCOPHEROL , ASCORBYL PALMITATE , CITRIC ACID , +\/- [CI 77491, CI 77492, CI 77499]\n<p>* Organic ingredient , **Made with organic ingredient, 100% natural origin<\/p>\n<p>Vegan<\/p>\n<div class=\"is-divider divider clearfix\" style=\"max-width:small;\"><\/div>\n<h3>Kontakt<\/h3>\n<p>Bei Fragen oder Anregungen zu diesem Angebot stehen wir Ihnen sehr gern zur Verf\u00fcgung &#8211; <strong><a href=\"https:\/\/komood.shop\/informationen-service\/kontakt\/\">Kontakt<\/a><\/strong>.<\/p>\n","protected":false},"excerpt":{"rendered":"<ul>\n<li class=\"bullet-star\">M\u00e1scara de pesta\u00f1as natural elaborada con aloe vera ecol\u00f3gico<\/li>\n<li class=\"bullet-star\">Nutritivo y oftalmol\u00f3gicamente probado<\/li>\n<li class=\"bullet-star\">Cuanto m\u00e1s largo, mejor<\/li>\n<\/ul>","protected":false},"featured_media":6310,"comment_status":"open","ping_status":"closed","template":"","meta":[],"product_brand":[],"product_cat":[321,596,659,591,631,597,660,595,658,598,661,449,462,585,471,581,582,468,467,590,626,600,592,636,579,586,472,465,583,469],"product_tag":[531,437,435,438,443,444,525,521,522,429,434,459,601,425,436,519,526,523],"giftcard-category":[],"class_list":{"0":"post-6840","1":"product","2":"type-product","3":"status-publish","4":"has-post-thumbnail","6":"product_cat-b2c","7":"product_cat-farbtyp-clear-winter","8":"product_cat-mascara-clear-winter","9":"product_cat-farbtyp-cool-summer","10":"product_cat-mascara-cool-summer","11":"product_cat-farbtyp-cool-winter","12":"product_cat-mascara-cool-winter","13":"product_cat-farbtyp-deep-autumn","14":"product_cat-mascara-deep-autumn","15":"product_cat-farbtyp-deep-winter","16":"product_cat-mascara-deep-winter","17":"product_cat-dekorative-naturkosmetik","18":"product_cat-farbtypen","19":"product_cat-mascara-fruehling-wintertyp","20":"product_cat-farbtyp-fruehling-winter","21":"product_cat-mascara-herbsttyp","22":"product_cat-mascara-herbst-wintertyp","23":"product_cat-farbtyp-herbst-winter","24":"product_cat-farbtyp-herbst","25":"product_cat-farbtyp-light-summer","26":"product_cat-mascara-light-summer","27":"product_cat-mascara","28":"product_cat-farbtyp-soft-summer","29":"product_cat-mascara-soft-summer","30":"product_cat-mascara-sommertyp","31":"product_cat-mascara-sommer-wintertyp","32":"product_cat-farbtyp-sommer-winter","33":"product_cat-farbtyp-sommer","34":"product_cat-mascara-wintertyp","35":"product_cat-farbtyp-winter","36":"product_tag-augen","37":"product_tag-farbtyp-clear-winter","38":"product_tag-farbtyp-cool-summer","39":"product_tag-farbtyp-cool-winter","40":"product_tag-farbtyp-deep-autumn","41":"product_tag-farbtyp-deep-winter","42":"product_tag-fruehling-winter","43":"product_tag-herbst","44":"product_tag-herbst-winter","45":"product_tag-kuehl","46":"product_tag-farbtyp-light-summer","47":"product_tag-marie-w","48":"product_tag-maw-wimperntusche","49":"product_tag-b2c","50":"product_tag-farbtyp-soft-summer","51":"product_tag-sommer","52":"product_tag-sommer-winter","53":"product_tag-winter","55":"first","56":"instock","57":"taxable","58":"shipping-taxable","59":"purchasable","60":"product-type-simple"},"_links":{"self":[{"href":"https:\/\/komood.shop\/es\/wp-json\/wp\/v2\/product\/6840","targetHints":{"allow":["GET"]}}],"collection":[{"href":"https:\/\/komood.shop\/es\/wp-json\/wp\/v2\/product"}],"about":[{"href":"https:\/\/komood.shop\/es\/wp-json\/wp\/v2\/types\/product"}],"replies":[{"embeddable":true,"href":"https:\/\/komood.shop\/es\/wp-json\/wp\/v2\/comments?post=6840"}],"wp:featuredmedia":[{"embeddable":true,"href":"https:\/\/komood.shop\/es\/wp-json\/wp\/v2\/media\/6310"}],"wp:attachment":[{"href":"https:\/\/komood.shop\/es\/wp-json\/wp\/v2\/media?parent=6840"}],"wp:term":[{"taxonomy":"product_brand","embeddable":true,"href":"https:\/\/komood.shop\/es\/wp-json\/wp\/v2\/product_brand?post=6840"},{"taxonomy":"product_cat","embeddable":true,"href":"https:\/\/komood.shop\/es\/wp-json\/wp\/v2\/product_cat?post=6840"},{"taxonomy":"product_tag","embeddable":true,"href":"https:\/\/komood.shop\/es\/wp-json\/wp\/v2\/product_tag?post=6840"},{"taxonomy":"giftcard-category","embeddable":true,"href":"https:\/\/komood.shop\/es\/wp-json\/wp\/v2\/giftcard-category?post=6840"}],"curies":[{"name":"wp","href":"https:\/\/api.w.org\/{rel}","templated":true}]}}