{"id":5412,"date":"2024-09-05T18:28:42","date_gmt":"2024-09-05T18:28:42","guid":{"rendered":"https:\/\/komood.shop\/?post_type=product&#038;p=5412"},"modified":"2025-11-20T15:28:27","modified_gmt":"2025-11-20T15:28:27","slug":"barra-de-labios-mate-confort-ember-04-de-lavera","status":"publish","type":"product","link":"https:\/\/komood.shop\/es\/produkt\/ember-04-comfort-matt-lipstick-von-lavera\/","title":{"rendered":"Ember 04 - Barra de Labios Confort Mate de Lavera"},"content":{"rendered":"<div class=\"ux-logo has-hover align-middle ux_logo inline-block\" style=\"max-width: 100%!important; width: 139px!important\"><a class=\"ux-logo-link block image-\" title=\"Cosm\u00e9tica natural de Lavera\" href=\"https:\/\/komood.shop\/es\/caracteristica\/lavera\/\" style=\"padding: 15px;\"><img decoding=\"async\" src=\"https:\/\/komood.shop\/wp-content\/uploads\/lavera-logo-klein.png\" title=\"Cosm\u00e9tica natural de Lavera\" alt=\"Cosm\u00e9tica natural de Lavera\" class=\"ux-logo-image block\" style=\"height:50px;\" \/><\/a><\/div>\n<h2>Barra de labios \"Ember\" de Lavera con acabado mate<\/h2>\n<h3>Cosm\u00e9tica natural certificada, Made in Germany<\/h3>\n<div class=\"is-divider divider clearfix\" style=\"max-width:small;\"><\/div>\n<p>Esta barra de labios mate naturalmente nutritiva de Lavera con color de larga duraci\u00f3n es adecuada para los siguientes tipos de color:<\/p>\n<p><strong>Sistema fr\u00edo-calor<\/strong><\/p>\n<ul>\n<li class=\"bullet-checkmark\">Neutro<\/li>\n<\/ul>\n<p><strong>Sistema de tipos de color 4|6|10<\/strong><\/p>\n<ul>\n<li class=\"bullet-checkmark\">Oto\u00f1o<\/li>\n<li class=\"bullet-checkmark\">Oto\u00f1o-Invierno<\/li>\n<li class=\"bullet-checkmark\">Invierno<\/li>\n<\/ul>\n<p><strong>Sistema tipo de 12 colores<\/strong><\/p>\n<ul>\n<li class=\"bullet-checkmark\">C\u00e1lido oto\u00f1o<\/li>\n<li class=\"bullet-checkmark\">Oto\u00f1o profundo<\/li>\n<li class=\"bullet-checkmark\">Invierno fresco<\/li>\n<li class=\"bullet-checkmark\">Invierno profundo<\/li>\n<\/ul>\n<div class=\"is-divider divider clearfix\" style=\"max-width:small;\"><\/div>\n<h3>Descripci\u00f3n del fabricante<\/h3>\n<p>La barra de labios lavera Comfort Matt Lipstick proporciona a tus labios un color intenso con un acabado mate, y dura hasta 6 horas.<\/p>\n<p>La Barra de Labios Confort Mate de lavera proporciona a los labios un color intenso con un moderno acabado mate. Se aplica sin esfuerzo y realza perfectamente los labios. Su innovadora f\u00f3rmula impresiona por su textura aterciopelada y su tacto confortable, con hasta 6 horas de fijaci\u00f3n, sin manchas ni decoloraci\u00f3n. Gracias a sus ingredientes naturalmente nutritivos, como la manteca de karit\u00e9 org\u00e1nica y la manteca de cacao org\u00e1nica, los labios est\u00e1n protegidos frente a la sequedad.<\/p>\n<p>- Vegano<br \/>\n- Sin gluten<br \/>\n- Sin siliconas<br \/>\n- Sin aceite mineral<br \/>\n- Sin micropl\u00e1sticos<br \/>\n- Dermatol\u00f3gicamente probado<br \/>\n- Cosm\u00e9ticos naturales certificados<br \/>\n- Fabricado en Alemania<\/p>\n<p>\u2713 Color intenso<br \/>\nAcabado mate<br \/>\n\u2713 C\u00f3modo de llevar<br \/>\n\u2713 Hasta 6 horas de retenci\u00f3n<br \/>\n\u2713 Protege los labios de la sequedad<\/p>\n<h4>Aplicaci\u00f3n<\/h4>\n<p>Aplicar la barra de labios directamente sobre los labios o con un pincel.<\/p>\n<h4>Ingredientes<\/h4>\n<p>Triglic\u00e9rido Capr\u00edlico\/C\u00e1prico, Triheptano\u00edna, S\u00edlice, Aceite de Glycine Soja*, \u00d3xido de Hierro (CI 77491), Di\u00f3xido de Titanio (CI 77891), Cera de Salvado de Oryza Sativa (Arroz), Cera de Euphorbia Cerifera (Candelilla), Carm\u00edn (CI 75470), Manteca de Butyrospermum Parkii*, Cera de C\u00e1scara de Rhus Verniciflua, Trihidroxiestearina, triglic\u00e9ridos C10-18, rosinato de glicerilo, \u00f3xido de hierro (CI 77499), manteca de semilla de Theobroma Cacao (cacao)*, aceite de fruto de Olea Europaea (oliva)*, extracto de flor de Rosa Centifolia*, insaponificables de aceite de Olea Europaea (oliva), tocoferol, aceite de semilla de Helianthus Annuus (girasol)*, glicirrizato dipot\u00e1sico, alcohol* desnaturalizado., Palmitato de ascorbilo, Agua (Aqua), Fragancia (Parfum)**, Citronelol**, Limoneno**, Geraniol**, Linalol**, Alcohol benc\u00edlico**, Eugenol**, Citral**.<\/p>\n<p>* ingredientes procedentes de la agricultura ecol\u00f3gica certificada<br \/>\n** aceites esenciales naturales<\/p>\n<h4>Al\u00e9rgenos<\/h4>\n<p>Alcohol benc\u00edlico<br \/>\nCitral<br \/>\nCitronelol<br \/>\nEugenol<br \/>\nGeraniol<br \/>\nLinalool<br \/>\nd-Limoneno<\/p>\n<div class=\"is-divider divider clearfix\" style=\"max-width:small;\"><\/div>\n<h3>Contacte con nosotros<\/h3>\n<p>Si tiene alguna pregunta o sugerencia sobre esta oferta, no dude en ponerse en contacto con nosotros - <strong><a href=\"https:\/\/komood.shop\/es\/servicio-de-informacion\/pongase-en-contacto-con\/\">Contacte con nosotros<\/a><\/strong>.<\/p>","protected":false},"excerpt":{"rendered":"<ul>\n<li class=\"bullet-star\">Barra de labios de cosm\u00e9tica natural con acabado mate de Lavera<\/li>\n<li class=\"bullet-star\">Sin gluten, siliconas, aceite mineral ni micropl\u00e1sticos<\/li>\n<li class=\"bullet-star\">m\u00edstico, oscuro, atractivo<\/li>\n<\/ul>","protected":false},"featured_media":5405,"comment_status":"open","ping_status":"closed","template":"","meta":[],"product_brand":[],"product_cat":[321,597,649,595,647,598,651,449,462,485,487,468,467,450,594,646,489,469],"product_tag":[438,443,444,521,522,528,455,530,447,425,442,523],"giftcard-category":[],"class_list":{"0":"post-5412","1":"product","2":"type-product","3":"status-publish","4":"has-post-thumbnail","6":"product_cat-b2c","7":"product_cat-farbtyp-cool-winter","8":"product_cat-lippenstifte-cool-winter","9":"product_cat-farbtyp-deep-autumn","10":"product_cat-lippenstifte-deep-autumn","11":"product_cat-farbtyp-deep-winter","12":"product_cat-lippenstifte-deep-winter","13":"product_cat-dekorative-naturkosmetik","14":"product_cat-farbtypen","15":"product_cat-lippenstifte-herbsttyp","16":"product_cat-lippenstifte-herbst-wintertyp","17":"product_cat-farbtyp-herbst-winter","18":"product_cat-farbtyp-herbst","19":"product_cat-lippenstifte","20":"product_cat-farbtyp-warm-autumn","21":"product_cat-lippenstifte-warm-autumn","22":"product_cat-lippenstifte-wintertyp","23":"product_cat-farbtyp-winter","24":"product_tag-farbtyp-cool-winter","25":"product_tag-farbtyp-deep-autumn","26":"product_tag-farbtyp-deep-winter","27":"product_tag-herbst","28":"product_tag-herbst-winter","29":"product_tag-comfort-matt-lipstick","30":"product_tag-lavera","31":"product_tag-lippen","32":"product_tag-neutral","33":"product_tag-b2c","34":"product_tag-farbtyp-warm-autumn","35":"product_tag-winter","37":"first","38":"instock","39":"taxable","40":"shipping-taxable","41":"purchasable","42":"product-type-simple"},"_links":{"self":[{"href":"https:\/\/komood.shop\/es\/wp-json\/wp\/v2\/product\/5412","targetHints":{"allow":["GET"]}}],"collection":[{"href":"https:\/\/komood.shop\/es\/wp-json\/wp\/v2\/product"}],"about":[{"href":"https:\/\/komood.shop\/es\/wp-json\/wp\/v2\/types\/product"}],"replies":[{"embeddable":true,"href":"https:\/\/komood.shop\/es\/wp-json\/wp\/v2\/comments?post=5412"}],"wp:featuredmedia":[{"embeddable":true,"href":"https:\/\/komood.shop\/es\/wp-json\/wp\/v2\/media\/5405"}],"wp:attachment":[{"href":"https:\/\/komood.shop\/es\/wp-json\/wp\/v2\/media?parent=5412"}],"wp:term":[{"taxonomy":"product_brand","embeddable":true,"href":"https:\/\/komood.shop\/es\/wp-json\/wp\/v2\/product_brand?post=5412"},{"taxonomy":"product_cat","embeddable":true,"href":"https:\/\/komood.shop\/es\/wp-json\/wp\/v2\/product_cat?post=5412"},{"taxonomy":"product_tag","embeddable":true,"href":"https:\/\/komood.shop\/es\/wp-json\/wp\/v2\/product_tag?post=5412"},{"taxonomy":"giftcard-category","embeddable":true,"href":"https:\/\/komood.shop\/es\/wp-json\/wp\/v2\/giftcard-category?post=5412"}],"curies":[{"name":"wp","href":"https:\/\/api.w.org\/{rel}","templated":true}]}}