{"id":5119,"date":"2024-08-01T20:57:45","date_gmt":"2024-08-01T20:57:45","guid":{"rendered":"https:\/\/komood.shop\/?post_type=product&#038;p=5119"},"modified":"2025-11-20T15:28:30","modified_gmt":"2025-11-20T15:28:30","slug":"barra-de-labios-jumbo-natural-warm-sunset-de-benecos","status":"publish","type":"product","link":"https:\/\/komood.shop\/es\/produkt\/warm-sunset-natural-jumbo-lipstick-von-benecos\/","title":{"rendered":"c\u00e1lido atardecer - Barra de labios natural Jumbo de Benecos"},"content":{"rendered":"<div class=\"ux-logo has-hover align-middle ux_logo inline-block\" style=\"max-width: 100%!important; width: 170px!important\"><a class=\"ux-logo-link block image-\" title=\"Cosm\u00e9tica natural de benecos\" href=\"https:\/\/komood.shop\/es\/caracteristica\/benecos\/\" style=\"padding: 15px;\"><img decoding=\"async\" src=\"https:\/\/komood.shop\/wp-content\/uploads\/benecos-logo-klein.png\" title=\"Cosm\u00e9tica natural de benecos\" alt=\"Cosm\u00e9tica natural de benecos\" class=\"ux-logo-image block\" style=\"height:50px;\" \/><\/a><\/div>\n<h2>Barra de labios jumbo \"atardecer c\u00e1lido\" de Benecos<\/h2>\n<h3>Cosm\u00e9ticos naturales certificados y controlados (BDIH)<\/h3>\n<div class=\"is-divider divider clearfix\" style=\"max-width:small;\"><\/div>\n<p>Recomendamos esta suave y nutritiva barra de labios de madera de Benecos para los siguientes tipos de color:<\/p>\n<p><strong>Sistema fr\u00edo-calor<\/strong><\/p>\n<ul>\n<li class=\"bullet-checkmark\">tiende a ser de tonos c\u00e1lidos<\/li>\n<\/ul>\n<p><strong>Sistema de tipos de color 4|6|10<\/strong><\/p>\n<ul>\n<li class=\"bullet-checkmark\">Verano-oto\u00f1o<\/li>\n<li class=\"bullet-checkmark\">Oto\u00f1o<\/li>\n<li class=\"bullet-checkmark\">Oto\u00f1o-Invierno<\/li>\n<li class=\"bullet-checkmark\">Primavera-oto\u00f1o<\/li>\n<li class=\"bullet-checkmark\">Primavera-invierno<\/li>\n<\/ul>\n<p><strong>Sistema tipo de 12 colores<\/strong><\/p>\n<ul>\n<li class=\"bullet-checkmark\">Primavera c\u00e1lida<\/li>\n<li class=\"bullet-checkmark\">Primavera clara<\/li>\n<li class=\"bullet-checkmark\">Oto\u00f1o suave<\/li>\n<li class=\"bullet-checkmark\">C\u00e1lido oto\u00f1o<\/li>\n<li class=\"bullet-checkmark\">Oto\u00f1o profundo<\/li>\n<li class=\"bullet-checkmark\">Invierno profundo<\/li>\n<\/ul>\n<div class=\"is-divider divider clearfix\" style=\"max-width:small;\"><\/div>\n<h3>Descripci\u00f3n del fabricante<\/h3>\n<p>El suave benecos NATURAL JUMBO LIPSTICK en cinco intensos colores est\u00e1 completamente libre de pl\u00e1stico*. La barra es de madera y el tap\u00f3n de aluminio. La f\u00f3rmula natural 100% con aceites y ceras vegetales org\u00e1nicos, as\u00ed como vitamina E protectora de las c\u00e9lulas, proporciona una sensaci\u00f3n de labios mega. El aceite de coco org\u00e1nico hidratante los mantiene suaves y flexibles, mientras que la cera de carnauba org\u00e1nica garantiza una consistencia agradable y un brillo suave. Ya sea en la oficina, en la pr\u00f3xima fiesta o para un viaje corto - en el futuro, \u00a1s\u00f3lo t\u00fa y tu JUMBO LIPSTICK!<\/p>\n<p>\u2713 rojo \u00f3xido c\u00e1lido<br \/>\n\u2713 Certificado COSMOS BIO<br \/>\n\u2713 Pasador de madera, tapa de aluminio<br \/>\n\u2713 sin pl\u00e1stico*<br \/>\n\u2713 Buena liberaci\u00f3n del color<br \/>\n\u2713 con aceite de coco org\u00e1nico y vitamina E<\/p>\n<h4>Aplicaci\u00f3n<\/h4>\n<p>El formato en barra es muy pr\u00e1ctico y f\u00e1cil de usar: Basta con aplicarlo sobre los labios.<\/p>\n<h4>Es bueno saberlo<\/h4>\n<p>NATURAL JUMBO LIPSTICK es muy vers\u00e1til y tambi\u00e9n se puede utilizar como perfilador de labios. Para conseguir unos labios visualmente m\u00e1s carnosos, basta con acentuarlos con un brillo de labios, por ejemplo, en el coraz\u00f3n del labio.<\/p>\n<p>Puede conseguir resultados especialmente precisos afilando los JUMBOS (utilice una abertura mayor).<\/p>\n<h4>Ingredientes<\/h4>\n<p>ACEITE DE COCO (COCOS NUCIFERA)\u00b0, ESTEARATO DE OCTILDODECILO, TRIGLIC\u00c9RIDOS C10-18, CERA DE CARNAUBA (COPERNICIA CERIFERA)\u00b0, MICA, S\u00cdLICE, ACEITE VEGETAL HIDROGENADO, DIISOESTEARATO DE POLIGLICERILO-3, ORIZANOL, TOCOFEROL, UNDECILENATO DE GLICERILO, CI 77491 (\u00d3XIDOS DE HIERRO), CI 77891 (DI\u00d3XIDO DE TITANIO), CI 75470 (CARM\u00cdN)<\/p>\n<p>\u00b0certificado ecol\u00f3gico \/ procedente de cultivo ecol\u00f3gico controlado \u00b0\u00b0fragancia natural \/ composici\u00f3n natural del perfume \u00b0\u00b0\u00b0fabricado con ingredientes ecol\u00f3gicos \/ elaborado con materias primas ecol\u00f3gicas 30% ecol\u00f3gicos del total\/ 100% de origen natural del total\"<\/p>\n<div class=\"is-divider divider clearfix\" style=\"max-width:small;\"><\/div>\n<h3>Contacte con nosotros<\/h3>\n<p>Si tiene alguna pregunta o sugerencia sobre esta oferta, no dude en ponerse en contacto con nosotros - <strong><a href=\"https:\/\/komood.shop\/es\/servicio-de-informacion\/pongase-en-contacto-con\/\">Contacte con nosotros<\/a><\/strong>.<\/p>","protected":false},"excerpt":{"rendered":"<ul>\n<li class=\"bullet-star\">Barra de labios nutritiva jumbo de Benecos<\/li>\n<li class=\"bullet-star\">con aceite de coco org\u00e1nico y vitamina E<\/li>\n<li class=\"bullet-star\">Adecuado para las c\u00e1lidas noches de verano<\/li>\n<\/ul>","protected":false},"featured_media":5073,"comment_status":"open","ping_status":"closed","template":"","meta":[],"product_brand":[],"product_cat":[321,589,619,595,647,598,651,449,462,491,470,493,471,485,487,468,467,450,593,668,483,466,594,646,588,614],"product_tag":[516,451,433,443,444,524,525,521,530,425,441,520,446,442,440],"giftcard-category":[],"class_list":{"0":"post-5119","1":"product","2":"type-product","3":"status-publish","4":"has-post-thumbnail","6":"product_cat-b2c","7":"product_cat-farbtyp-clear-spring","8":"product_cat-lippenstifte-clear-spring","9":"product_cat-farbtyp-deep-autumn","10":"product_cat-lippenstifte-deep-autumn","11":"product_cat-farbtyp-deep-winter","12":"product_cat-lippenstifte-deep-winter","13":"product_cat-dekorative-naturkosmetik","14":"product_cat-farbtypen","15":"product_cat-lippenstifte-fruehling-herbsttyp","16":"product_cat-farbtyp-fruehling-herbst","17":"product_cat-lippenstifte-fruehling-wintertyp","18":"product_cat-farbtyp-fruehling-winter","19":"product_cat-lippenstifte-herbsttyp","20":"product_cat-lippenstifte-herbst-wintertyp","21":"product_cat-farbtyp-herbst-winter","22":"product_cat-farbtyp-herbst","23":"product_cat-lippenstifte","24":"product_cat-farbtyp-soft-autumn","25":"product_cat-lippenstifte-soft-autumn","26":"product_cat-lippenstifte-sommer-herbsttyp","27":"product_cat-farbtyp-sommer-herbst","28":"product_cat-farbtyp-warm-autumn","29":"product_cat-lippenstifte-warm-autumn","30":"product_cat-farbtyp-warm-spring","31":"product_cat-lippenstifte-warm-spring","32":"product_tag-natural-jumbo-lipstick","33":"product_tag-benecos","34":"product_tag-farbtyp-clear-spring","35":"product_tag-farbtyp-deep-autumn","36":"product_tag-farbtyp-deep-winter","37":"product_tag-fruehling-herbst","38":"product_tag-fruehling-winter","39":"product_tag-herbst","40":"product_tag-lippen","41":"product_tag-b2c","42":"product_tag-farbtyp-soft-autumn","43":"product_tag-sommer-herbst","44":"product_tag-tendenz-warm","45":"product_tag-farbtyp-warm-autumn","46":"product_tag-farbtyp-warm-spring","48":"first","49":"instock","50":"taxable","51":"shipping-taxable","52":"purchasable","53":"product-type-simple"},"_links":{"self":[{"href":"https:\/\/komood.shop\/es\/wp-json\/wp\/v2\/product\/5119","targetHints":{"allow":["GET"]}}],"collection":[{"href":"https:\/\/komood.shop\/es\/wp-json\/wp\/v2\/product"}],"about":[{"href":"https:\/\/komood.shop\/es\/wp-json\/wp\/v2\/types\/product"}],"replies":[{"embeddable":true,"href":"https:\/\/komood.shop\/es\/wp-json\/wp\/v2\/comments?post=5119"}],"wp:featuredmedia":[{"embeddable":true,"href":"https:\/\/komood.shop\/es\/wp-json\/wp\/v2\/media\/5073"}],"wp:attachment":[{"href":"https:\/\/komood.shop\/es\/wp-json\/wp\/v2\/media?parent=5119"}],"wp:term":[{"taxonomy":"product_brand","embeddable":true,"href":"https:\/\/komood.shop\/es\/wp-json\/wp\/v2\/product_brand?post=5119"},{"taxonomy":"product_cat","embeddable":true,"href":"https:\/\/komood.shop\/es\/wp-json\/wp\/v2\/product_cat?post=5119"},{"taxonomy":"product_tag","embeddable":true,"href":"https:\/\/komood.shop\/es\/wp-json\/wp\/v2\/product_tag?post=5119"},{"taxonomy":"giftcard-category","embeddable":true,"href":"https:\/\/komood.shop\/es\/wp-json\/wp\/v2\/giftcard-category?post=5119"}],"curies":[{"name":"wp","href":"https:\/\/api.w.org\/{rel}","templated":true}]}}