{"id":4718,"date":"2024-06-25T16:04:57","date_gmt":"2024-06-25T16:04:57","guid":{"rendered":"https:\/\/komood.shop\/?post_type=product&#038;p=4718"},"modified":"2026-03-03T16:22:38","modified_gmt":"2026-03-03T16:22:38","slug":"barra-de-labios-mate-aterciopelada-tea-rose-03-de-lavera","status":"publish","type":"product","link":"https:\/\/komood.shop\/es\/produkt\/tea-rose-03-velvet-matt-lipstick-von-lavera\/","title":{"rendered":"Tea Rose 03 - Barra de labios mate aterciopelada de Lavera"},"content":{"rendered":"<div class=\"ux-logo has-hover align-middle ux_logo inline-block\" style=\"max-width: 100%!important; width: 139px!important\"><a class=\"ux-logo-link block image-\" title=\"Naturkosmetik von Lavera\" href=\"https:\/\/komood.shop\/merkmal\/lavera\/\" style=\"padding: 15px;\"><img decoding=\"async\" src=\"https:\/\/komood.shop\/wp-content\/uploads\/lavera-logo-klein.png\" title=\"Naturkosmetik von Lavera\" alt=\"Naturkosmetik von Lavera\" class=\"ux-logo-image block\" style=\"height:50px;\" \/><\/a><\/div>\n<h2>Matter Lippenstift &#8222;Tea Rose&#8220; von Lavera<\/h2>\n<h3>Zertifizierte Naturkosmetik, Made in Germany<\/h3>\n<div class=\"is-divider divider clearfix\" style=\"max-width:small;\"><\/div>\n<p>Dieser nat\u00fcrlich pflegende Lippenstift von Lavera mit langanhaltend-intensiver Farbe ist f\u00fcr folgende Farbtypen geeignet:<\/p>\n<p><strong>K\u00fchl-Warm-System<\/strong><\/p>\n<ul>\n<li class=\"bullet-checkmark\">neutral<\/li>\n<\/ul>\n<p><strong>4|6|10-Farbtypen-System<\/strong><\/p>\n<ul>\n<li class=\"bullet-checkmark\">Fr\u00fchling<\/li>\n<li class=\"bullet-checkmark\">Fr\u00fchling-Sommer<\/li>\n<li class=\"bullet-checkmark\">Sommer<\/li>\n<li class=\"bullet-checkmark\">Sommer-Herbst<\/li>\n<li class=\"bullet-checkmark\">Fr\u00fchling-Winter<\/li>\n<\/ul>\n<p><strong>12-Farbtypen-System<\/strong><\/p>\n<ul>\n<li class=\"bullet-checkmark\">Light Spring<\/li>\n<li class=\"bullet-checkmark\">Warm Spring<\/li>\n<li class=\"bullet-checkmark\">Clear Spring<\/li>\n<li class=\"bullet-checkmark\">Light Summer<\/li>\n<li class=\"bullet-checkmark\">Soft Summer<\/li>\n<li class=\"bullet-checkmark\">Soft Autumn<\/li>\n<\/ul>\n<div class=\"is-divider divider clearfix\" style=\"max-width:small;\"><\/div>\n<h3>Beschreibung des Herstellers<\/h3>\n<p>Der lavera Velvet Matt Lipstick fasziniert mit einem verf\u00fchrerisch matten Finish &#8211; ohne die Lippen auszutrocknen. Die sanfte Textur hinterl\u00e4sst ein angenehmes und weiches Gef\u00fchl auf der zarten Lippenhaut &#8211; das gute Gef\u00fchl von zertifizierter Naturkosmetik auf den Lippen<\/p>\n<p>\u2713 Cremig, matte Textur, langanhaltend-intensive Farbe<br \/>\n\u2713 Trocknet die Lippen nicht aus.<br \/>\n\u2713 Glutenfrei, ohne Silikone, ohne Mineral\u00f6l, ohne Mikroplastik, dermatologisch getestet<br \/>\n\u2713 Zertifizierte Naturkosmetik, Made in Germany<\/p>\n<h4>Anwendung<\/h4>\n<p>Beginnend an einem Mundwinkel die Farbe auf die kompletten Lippen gleichm\u00e4\u00dfig auftragen.<\/p>\n<h4>Inhaltsstoffe<\/h4>\n<p>Butyrospermum Parkii (Shea) Oil, Helianthus Annuus (Sunflower) Seed Oil*, Triheptanoin, Shea Butter Ethyl Esters, Silica, Euphorbia Cerifera (Candelilla) Wax, Oryza Sativa (Rice) Bran Wax, Polyglyceryl-3 Diisostearate, Trihydroxystearin, C10-18 Triglycerides, Glyceryl Rosinate, Butyrospermum Parkii (Shea) Butter, Rhus Verniciflua Peel Wax, Cetyl Alcohol, Tilia Cordata Flower Extract*, Rosa Centifolia Flower Extract*, Malva Sylvestris (Mallow) Flower Extract*, Cocos Nucifera (Coconut) Oil*, Theobroma Cacao (Cocoa) Seed Butter*, Olea Europaea (Olive) Fruit Oil*, Olea Europaea (Olive) Oil Unsaponifiables, Tocopherol, Maltodextrin, Helianthus Annuus (Sunflower) Seed Oil*, Alcohol* denat., Citric Acid, Ascorbyl Palmitate, Water (Aqua), Fragrance (Parfum)**, Geraniol**, Linalool**, Limonene**, Benzyl Salicylate**, Citral**, Citronellol**, Benzyl Alcohol**, [+\/- Mica, Carmine (CI 75470), Ultramarines (CI 77007), Bismuth Oxychloride (CI 77163), Iron Oxide (CI 77491), Iron Oxide (CI 77492), Iron Oxide (CI 77499), Titanium Dioxide (CI 77891)]\n<p>* ingredients from certified organic agriculture<br \/>\n** natural essential oils<\/p>\n<h4>Allergene<\/h4>\n<p>Benzyl-Salicylate<br \/>\nBenzylalkohol<br \/>\nCitral<br \/>\nCitronellol<br \/>\nLinalool<br \/>\nd-Limonene<\/p>\n<div class=\"is-divider divider clearfix\" style=\"max-width:small;\"><\/div>\n<h3>Kontakt<\/h3>\n<p>Bei Fragen oder Anregungen zu diesem Angebot stehen wir Ihnen sehr gern zur Verf\u00fcgung &#8211; <strong><a href=\"https:\/\/komood.shop\/informationen-service\/kontakt\/\">Kontakt<\/a><\/strong>.<\/p>\n","protected":false},"excerpt":{"rendered":"<ul>\n<li class=\"bullet-star\">Barra de labios de cosm\u00e9tica natural con acabado mate de Lavera<\/li>\n<li class=\"bullet-star\">Sin gluten, siliconas, aceite mineral ni micropl\u00e1sticos<\/li>\n<li class=\"bullet-star\">para todas las rosas delicadas<\/li>\n<\/ul>","protected":false},"featured_media":4605,"comment_status":"open","ping_status":"closed","template":"","meta":[],"product_brand":[],"product_cat":[321,589,619,449,462,473,476,464,493,471,463,587,609,590,624,450,593,668,592,634,481,483,466,465,588,614],"product_tag":[433,517,518,525,456,455,439,434,530,447,425,441,436,519,520,440],"giftcard-category":[],"class_list":{"0":"post-4718","1":"product","2":"type-product","3":"status-publish","4":"has-post-thumbnail","6":"product_cat-b2c","7":"product_cat-farbtyp-clear-spring","8":"product_cat-lippenstifte-clear-spring","9":"product_cat-dekorative-naturkosmetik","10":"product_cat-farbtypen","11":"product_cat-lippenstifte-fruehlingstyp","12":"product_cat-lippenstifte-fruehling-sommertyp","13":"product_cat-farbtyp-fruehling-sommer","14":"product_cat-lippenstifte-fruehling-wintertyp","15":"product_cat-farbtyp-fruehling-winter","16":"product_cat-farbtyp-fruehling","17":"product_cat-farbtyp-light-spring","18":"product_cat-lippenstifte-light-spring","19":"product_cat-farbtyp-light-summer","20":"product_cat-lippenstifte-light-summer","21":"product_cat-lippenstifte","22":"product_cat-farbtyp-soft-autumn","23":"product_cat-lippenstifte-soft-autumn","24":"product_cat-farbtyp-soft-summer","25":"product_cat-lippenstifte-soft-summer","26":"product_cat-lippenstifte-sommertyp","27":"product_cat-lippenstifte-sommer-herbsttyp","28":"product_cat-farbtyp-sommer-herbst","29":"product_cat-farbtyp-sommer","30":"product_cat-farbtyp-warm-spring","31":"product_cat-lippenstifte-warm-spring","32":"product_tag-farbtyp-clear-spring","33":"product_tag-fruehling","34":"product_tag-fruehling-sommer","35":"product_tag-fruehling-winter","36":"product_tag-velvet-matt-lipstick","37":"product_tag-lavera","38":"product_tag-farbtyp-light-spring","39":"product_tag-farbtyp-light-summer","40":"product_tag-lippen","41":"product_tag-neutral","42":"product_tag-b2c","43":"product_tag-farbtyp-soft-autumn","44":"product_tag-farbtyp-soft-summer","45":"product_tag-sommer","46":"product_tag-sommer-herbst","47":"product_tag-farbtyp-warm-spring","49":"first","50":"instock","51":"taxable","52":"shipping-taxable","53":"purchasable","54":"product-type-simple"},"_links":{"self":[{"href":"https:\/\/komood.shop\/es\/wp-json\/wp\/v2\/product\/4718","targetHints":{"allow":["GET"]}}],"collection":[{"href":"https:\/\/komood.shop\/es\/wp-json\/wp\/v2\/product"}],"about":[{"href":"https:\/\/komood.shop\/es\/wp-json\/wp\/v2\/types\/product"}],"replies":[{"embeddable":true,"href":"https:\/\/komood.shop\/es\/wp-json\/wp\/v2\/comments?post=4718"}],"wp:featuredmedia":[{"embeddable":true,"href":"https:\/\/komood.shop\/es\/wp-json\/wp\/v2\/media\/4605"}],"wp:attachment":[{"href":"https:\/\/komood.shop\/es\/wp-json\/wp\/v2\/media?parent=4718"}],"wp:term":[{"taxonomy":"product_brand","embeddable":true,"href":"https:\/\/komood.shop\/es\/wp-json\/wp\/v2\/product_brand?post=4718"},{"taxonomy":"product_cat","embeddable":true,"href":"https:\/\/komood.shop\/es\/wp-json\/wp\/v2\/product_cat?post=4718"},{"taxonomy":"product_tag","embeddable":true,"href":"https:\/\/komood.shop\/es\/wp-json\/wp\/v2\/product_tag?post=4718"},{"taxonomy":"giftcard-category","embeddable":true,"href":"https:\/\/komood.shop\/es\/wp-json\/wp\/v2\/giftcard-category?post=4718"}],"curies":[{"name":"wp","href":"https:\/\/api.w.org\/{rel}","templated":true}]}}