{"id":4689,"date":"2024-06-25T05:36:22","date_gmt":"2024-06-25T05:36:22","guid":{"rendered":"https:\/\/komood.shop\/?post_type=product&#038;p=4689"},"modified":"2026-02-01T20:27:29","modified_gmt":"2026-02-01T20:27:29","slug":"barra-de-labios-natural-just-red-de-benecos","status":"publish","type":"product","link":"https:\/\/komood.shop\/es\/produkt\/just-red-natural-lipstick-von-benecos\/","title":{"rendered":"just red - Barra de labios natural de Benecos"},"content":{"rendered":"<div class=\"ux-logo has-hover align-middle ux_logo inline-block\" style=\"max-width: 100%!important; width: 170px!important\"><a class=\"ux-logo-link block image-\" title=\"Cosm\u00e9tica natural de benecos\" href=\"https:\/\/komood.shop\/es\/caracteristica\/benecos\/\" style=\"padding: 15px;\"><img decoding=\"async\" src=\"https:\/\/komood.shop\/wp-content\/uploads\/benecos-logo-klein.png\" title=\"Cosm\u00e9tica natural de benecos\" alt=\"Cosm\u00e9tica natural de benecos\" class=\"ux-logo-image block\" style=\"height:50px;\" \/><\/a><\/div>\n<h2>Barra de labios \"s\u00f3lo rojo\" de Benecos<\/h2>\n<h3>Cosm\u00e9ticos naturales certificados y controlados (BDIH)<\/h3>\n<div class=\"is-divider divider clearfix\" style=\"max-width:small;\"><\/div>\n<p>Esta barra de labios altamente pigmentada y nutritiva de Benecos es adecuada para los siguientes tipos de color:<\/p>\n<p><strong>Sistema fr\u00edo-calor<\/strong><\/p>\n<ul>\n<li class=\"bullet-checkmark\">tiende a ser de tono fr\u00edo<\/li>\n<\/ul>\n<p><strong>Sistema de tipos de color 4|6|10<\/strong><\/p>\n<ul>\n<li class=\"bullet-checkmark\">Oto\u00f1o<\/li>\n<li class=\"bullet-checkmark\">Oto\u00f1o-Invierno<\/li>\n<li class=\"bullet-checkmark\">Invierno<\/li>\n<\/ul>\n<p><strong>Sistema tipo de 12 colores<\/strong><\/p>\n<ul>\n<li class=\"bullet-checkmark\">C\u00e1lido oto\u00f1o<\/li>\n<li class=\"bullet-checkmark\">Oto\u00f1o profundo<\/li>\n<li class=\"bullet-checkmark\">Invierno despejado<\/li>\n<li class=\"bullet-checkmark\">Invierno fresco<\/li>\n<li class=\"bullet-checkmark\">Invierno profundo<\/li>\n<\/ul>\n<div class=\"is-divider divider clearfix\" style=\"max-width:small;\"><\/div>\n<h3>Descripci\u00f3n del fabricante<\/h3>\n<p>Barra de labios cremosa con una gran intensidad de color que nutre, protege y deja los labios aterciopelados gracias a un complejo de aceite org\u00e1nico de semillas de \u00e1rbol milagroso, cera de candelilla y vitamina E. Para unos labios irresistibles<\/p>\n<p>\u2713 Tono rojo con un bonito brillo. Muy pigmentado, pero no demasiado oscuro.<br \/>\n\u2713 Complejo de cuidado protector para unos labios suaves y aterciopelados<br \/>\n\u2713 Alta pigmentaci\u00f3n, liberaci\u00f3n intensa del color<br \/>\n\u2713 Cosm\u00e9ticos naturales certificados y controlados (BDIH)<\/p>\n<h4>Aplicaci\u00f3n<\/h4>\n<p>Aplique la barra de labios directamente sobre los labios o con el pincel para labios de benecos. Para que dure m\u00e1s, puede delinear previamente los labios con el perfilador de labios de benecos. Para que la barra de labios dure a\u00fan m\u00e1s, puede delinearse completamente los labios con el perfilador y aplicar despu\u00e9s la barra de labios.<\/p>\n<h4>Es bueno saberlo<\/h4>\n<p>Para resaltar realmente el coraz\u00f3n de sus labios, puede rellenarlos con brillo de labios para que parezcan m\u00e1s carnosos.<\/p>\n<p>Eliminaci\u00f3n: Una vez agotada la barra de labios, separe los componentes del envase y des\u00e9chelos en el centro de reciclaje\/bolsa amarilla.<\/p>\n<h4>Ingredientes<\/h4>\n<p>INGREDIENTES (INCI): RICINUS COMMUNIS (RICINO) ACEITE DE SEMILLAS\u00b0, \u00c9STERES DE JOJOBA, CERA ALBA (CERA DE ABEJAS)\u00b0, COPERNICIA CERIFERA CERA\/COPERNICIA CERIFERA(CARNAUBA) WAX\u00b0, SIMMONDSIA CHINENSIS (JOJOBA) ACEITE DE SEMILLAS\u00b0, ISOAMIL LAURATO, POLIGLICERIL-10 DECAISOSTEARATO, EUPHORBIA CERIFERA CERA\/EUPHORBIA CERIFERA (CANDELILLA) WAX, PARFUM (FRAGANCIA), TOCOFEROL, LECITINA, LIMONENO, HELIANTHUS ANNUUS (GIRASOL) SEED OIL\u00b0, PALMITATO DE ASCORBILO, GERANIOL, LINALOOL,\u00c1CIDO C\u00cdTRICO, CI 75470 (CARM\u00cdN), CI 77891 (DI\u00d3XIDO DE TITANIO), CI 77491 (\u00d3XIDOS DE HIERRO).<\/p>\n<p>\u00b0 aus kontrolliert biologischem Anbau \/ procedente de agricultura ecol\u00f3gica certificada \u00b0\u00b0 nat\u00fcrliche Perfumekomposition \/ fragancia natural \u00b0\u00b0\u00b0 hergestellt aus Bio-Rohstoffen \/ elaborada con ingredientes ecol\u00f3gicos<\/p>\n<div class=\"is-divider divider clearfix\" style=\"max-width:small;\"><\/div>\n<h3>Contacte con nosotros<\/h3>\n<p>Si tiene alguna pregunta o sugerencia sobre esta oferta, no dude en ponerse en contacto con nosotros - <strong><a href=\"https:\/\/komood.shop\/es\/servicio-de-informacion\/pongase-en-contacto-con\/\">Contacte con nosotros<\/a><\/strong>.<\/p>","protected":false},"excerpt":{"rendered":"<ul>\n<li class=\"bullet-star\">barra de labios de cosm\u00e9tica natural nutritiva de Benecos<\/li>\n<li class=\"bullet-star\">con aceite de semilla de \u00e1rbol milagroso ecol\u00f3gico, cera de candelilla y vitamina E<\/li>\n<li class=\"bullet-star\">un tinto cl\u00e1sico y elegante<\/li>\n<\/ul>","protected":false},"featured_media":4577,"comment_status":"open","ping_status":"closed","template":"","meta":[],"product_brand":[],"product_cat":[321,596,648,597,649,595,647,598,651,449,462,485,487,468,467,450,594,646,489,469],"product_tag":[452,451,437,438,443,444,521,522,530,425,445,442,523],"giftcard-category":[],"class_list":{"0":"post-4689","1":"product","2":"type-product","3":"status-publish","4":"has-post-thumbnail","6":"product_cat-b2c","7":"product_cat-farbtyp-clear-winter","8":"product_cat-lippenstifte-clear-winter","9":"product_cat-farbtyp-cool-winter","10":"product_cat-lippenstifte-cool-winter","11":"product_cat-farbtyp-deep-autumn","12":"product_cat-lippenstifte-deep-autumn","13":"product_cat-farbtyp-deep-winter","14":"product_cat-lippenstifte-deep-winter","15":"product_cat-dekorative-naturkosmetik","16":"product_cat-farbtypen","17":"product_cat-lippenstifte-herbsttyp","18":"product_cat-lippenstifte-herbst-wintertyp","19":"product_cat-farbtyp-herbst-winter","20":"product_cat-farbtyp-herbst","21":"product_cat-lippenstifte","22":"product_cat-farbtyp-warm-autumn","23":"product_cat-lippenstifte-warm-autumn","24":"product_cat-lippenstifte-wintertyp","25":"product_cat-farbtyp-winter","26":"product_tag-natural-lipstick","27":"product_tag-benecos","28":"product_tag-farbtyp-clear-winter","29":"product_tag-farbtyp-cool-winter","30":"product_tag-farbtyp-deep-autumn","31":"product_tag-farbtyp-deep-winter","32":"product_tag-herbst","33":"product_tag-herbst-winter","34":"product_tag-lippen","35":"product_tag-b2c","36":"product_tag-tendenz-kuehl","37":"product_tag-farbtyp-warm-autumn","38":"product_tag-winter","40":"first","41":"instock","42":"taxable","43":"shipping-taxable","44":"purchasable","45":"product-type-simple"},"_links":{"self":[{"href":"https:\/\/komood.shop\/es\/wp-json\/wp\/v2\/product\/4689","targetHints":{"allow":["GET"]}}],"collection":[{"href":"https:\/\/komood.shop\/es\/wp-json\/wp\/v2\/product"}],"about":[{"href":"https:\/\/komood.shop\/es\/wp-json\/wp\/v2\/types\/product"}],"replies":[{"embeddable":true,"href":"https:\/\/komood.shop\/es\/wp-json\/wp\/v2\/comments?post=4689"}],"wp:featuredmedia":[{"embeddable":true,"href":"https:\/\/komood.shop\/es\/wp-json\/wp\/v2\/media\/4577"}],"wp:attachment":[{"href":"https:\/\/komood.shop\/es\/wp-json\/wp\/v2\/media?parent=4689"}],"wp:term":[{"taxonomy":"product_brand","embeddable":true,"href":"https:\/\/komood.shop\/es\/wp-json\/wp\/v2\/product_brand?post=4689"},{"taxonomy":"product_cat","embeddable":true,"href":"https:\/\/komood.shop\/es\/wp-json\/wp\/v2\/product_cat?post=4689"},{"taxonomy":"product_tag","embeddable":true,"href":"https:\/\/komood.shop\/es\/wp-json\/wp\/v2\/product_tag?post=4689"},{"taxonomy":"giftcard-category","embeddable":true,"href":"https:\/\/komood.shop\/es\/wp-json\/wp\/v2\/giftcard-category?post=4689"}],"curies":[{"name":"wp","href":"https:\/\/api.w.org\/{rel}","templated":true}]}}