{"id":3521,"date":"2024-05-11T10:39:37","date_gmt":"2024-05-11T10:39:37","guid":{"rendered":"https:\/\/komood.shop\/?post_type=product&#038;p=3521"},"modified":"2025-11-25T12:53:01","modified_gmt":"2025-11-25T12:53:01","slug":"abanicos-de-colores-elegancia-veraniega","status":"publish","type":"product","link":"https:\/\/komood.shop\/es\/produkt\/farbfaecher-sommer-elegance\/","title":{"rendered":"Pasaporte de color verano | Abanico de color Elegancia"},"content":{"rendered":"<div class=\"ux-logo has-hover align-middle ux_logo inline-block\" style=\"max-width: 100%!important; width: 237px!important\"><a class=\"ux-logo-link block image-\" title=\"Pases de color y material de consulta de komood\" href=\"https:\/\/komood.shop\/es\/caracteristica\/komood\/\" style=\"padding: 15px;\"><img decoding=\"async\" src=\"https:\/\/komood.shop\/wp-content\/uploads\/komood-logo-klein.png\" title=\"Pases de color y material de consulta de komood\" alt=\"Pases de color y material de consulta de komood\" class=\"ux-logo-image block\" style=\"height:50px;\" \/><\/a><\/div>\n<h2>Abanico de colores para el tipo de color Verano | Elegancia<\/h2>\n<h3>Espectro crom\u00e1tico light.cool.muted<\/h3>\n<div class=\"is-divider divider clearfix\" style=\"max-width:small;\"><\/div>\n<p>Este ventilador de color \u00fanico de Komood se caracteriza por las siguientes particularidades:<\/p>\n<ul>\n<li class=\"bullet-checkmark\">muy grande <strong>Selecci\u00f3n de colores conforme al tipo<\/strong> (consulte nuestra informaci\u00f3n \"Selecci\u00f3n de colores y presentaci\u00f3n\"),<\/li>\n<li class=\"bullet-checkmark\">2 tarjetas Informaci\u00f3n textual sobre el <strong>Tipo de color verano<\/strong>impreso por ambas caras,<\/li>\n<li class=\"bullet-checkmark\">35 cartas de colores hechas a mano con papel de artista te\u00f1ido, cada una con un revestimiento liso en el reverso (blanco),<\/li>\n<li class=\"bullet-checkmark\">Sobrecubierta de cart\u00f3n resistente,<\/li>\n<li class=\"bullet-checkmark\">Encuadernaci\u00f3n con un tornillo de libro asegurado contra la torsi\u00f3n,<\/li>\n<li class=\"bullet-checkmark\">se pueden abrir en abanico,<\/li>\n<li class=\"bullet-checkmark\">superficies mates para una comparaci\u00f3n \u00f3ptima de los colores bajo luz artificial.<\/li>\n<\/ul>\n<div class=\"is-divider divider clearfix\" style=\"max-width:small;\"><\/div>\n<h3>Opciones y accesorios<\/h3>\n<p><strong>El caso<\/strong><\/p>\n<p>Como accesorio, le ofrecemos una funda hecha a mano de Alc\u00e1ntara en el formato aprox. 70 x 100 x 25 mm en varios colores. Seg\u00fan el tipo de color, le recomendamos la siguiente selecci\u00f3n de colores:<\/p>\n\r\n<table>\r\n<tbody>\r\n<tr>\r\n<th>Tipo de color<\/th>\r\n<th>Color de la caja<\/th>\r\n<\/tr>\r\n<tr>\r\n<td>\n\t\t<div class=\"icon-box featured-box icon-box-left text-left\"  >\n\t\t\t\t\t<div class=\"icon-box-img\" style=\"width: 20px\">\n\t\t\t\t<div class=\"icon\">\n\t\t\t\t\t<div class=\"icon-inner\" >\n\t\t\t\t\t\t<img decoding=\"async\" src=\"https:\/\/komood.shop\/wp-content\/uploads\/symbol-fruehlingstyp.avif\" alt=\"Primavera\"\/>\t\t\t\t\t<\/div>\n\t\t\t\t<\/div>\n\t\t\t<\/div>\n\t\t\t\t<div class=\"icon-box-text last-reset\">\n\t\t\t<h5 class=\"uppercase\">Primavera<\/h5>\t\t\t\t\t\t\t\t<\/div>\n\t<\/div>\n\t\n\t<\/td>\r\n<td>Beige, crema, verde<\/td>\r\n<\/tr>\r\n<tr>\r\n<td>\n\t\t<div class=\"icon-box featured-box icon-box-left text-left\"  >\n\t\t\t\t\t<div class=\"icon-box-img\" style=\"width: 20px\">\n\t\t\t\t<div class=\"icon\">\n\t\t\t\t\t<div class=\"icon-inner\" >\n\t\t\t\t\t\t<img decoding=\"async\" src=\"https:\/\/komood.shop\/wp-content\/uploads\/symbol-fruehling-sommertyp.avif\" alt=\"Primavera-Verano\"\/>\t\t\t\t\t<\/div>\n\t\t\t\t<\/div>\n\t\t\t<\/div>\n\t\t\t\t<div class=\"icon-box-text last-reset\">\n\t\t\t<h5 class=\"uppercase\">Primavera-Verano<\/h5>\t\t\t\t\t\t\t\t<\/div>\n\t<\/div>\n\t\n\t<\/td>\r\n<td>Beige, crema, verde, rosa<\/td>\r\n<\/tr>\r\n<tr>\r\n<td>\n\t\t<div class=\"icon-box featured-box icon-box-left text-left\"  >\n\t\t\t\t\t<div class=\"icon-box-img\" style=\"width: 20px\">\n\t\t\t\t<div class=\"icon\">\n\t\t\t\t\t<div class=\"icon-inner\" >\n\t\t\t\t\t\t<img decoding=\"async\" src=\"https:\/\/komood.shop\/wp-content\/uploads\/symbol-sommertyp.avif\" alt=\"Verano\"\/>\t\t\t\t\t<\/div>\n\t\t\t\t<\/div>\n\t\t\t<\/div>\n\t\t\t\t<div class=\"icon-box-text last-reset\">\n\t\t\t<h5 class=\"uppercase\">Verano<\/h5>\t\t\t\t\t\t\t\t<\/div>\n\t<\/div>\n\t\n\t<\/td>\r\n<td>Azul, Burdeos, Crema, Gris, Rosa<\/td>\r\n<\/tr>\r\n<tr>\r\n<td>\n\t\t<div class=\"icon-box featured-box icon-box-left text-left\"  >\n\t\t\t\t\t<div class=\"icon-box-img\" style=\"width: 20px\">\n\t\t\t\t<div class=\"icon\">\n\t\t\t\t\t<div class=\"icon-inner\" >\n\t\t\t\t\t\t<img decoding=\"async\" src=\"https:\/\/komood.shop\/wp-content\/uploads\/symbol-sommer-herbsttyp.avif\" alt=\"Verano-oto\u00f1o\"\/>\t\t\t\t\t<\/div>\n\t\t\t\t<\/div>\n\t\t\t<\/div>\n\t\t\t\t<div class=\"icon-box-text last-reset\">\n\t\t\t<h5 class=\"uppercase\">Verano-oto\u00f1o<\/h5>\t\t\t\t\t\t\t\t<\/div>\n\t<\/div>\n\t\n\t<\/td>\r\n<td>Burdeos, crema, rosa<\/td>\r\n<\/tr>\r\n<tr>\r\n<td>\n\t\t<div class=\"icon-box featured-box icon-box-left text-left\"  >\n\t\t\t\t\t<div class=\"icon-box-img\" style=\"width: 20px\">\n\t\t\t\t<div class=\"icon\">\n\t\t\t\t\t<div class=\"icon-inner\" >\n\t\t\t\t\t\t<img decoding=\"async\" src=\"https:\/\/komood.shop\/wp-content\/uploads\/symbol-herbsttyp.avif\" alt=\"Oto\u00f1o\"\/>\t\t\t\t\t<\/div>\n\t\t\t\t<\/div>\n\t\t\t<\/div>\n\t\t\t\t<div class=\"icon-box-text last-reset\">\n\t\t\t<h5 class=\"uppercase\">Oto\u00f1o<\/h5>\t\t\t\t\t\t\t\t<\/div>\n\t<\/div>\n\t\n\t<\/td>\r\n<td>Beige, Burdeos, Verde<\/td>\r\n<\/tr>\r\n<tr>\r\n<td>\n\t\t<div class=\"icon-box featured-box icon-box-left text-left\"  >\n\t\t\t\t\t<div class=\"icon-box-img\" style=\"width: 20px\">\n\t\t\t\t<div class=\"icon\">\n\t\t\t\t\t<div class=\"icon-inner\" >\n\t\t\t\t\t\t<img decoding=\"async\" src=\"https:\/\/komood.shop\/wp-content\/uploads\/symbol-herbst-wintertyp.avif\" alt=\"Oto\u00f1o-Invierno\"\/>\t\t\t\t\t<\/div>\n\t\t\t\t<\/div>\n\t\t\t<\/div>\n\t\t\t\t<div class=\"icon-box-text last-reset\">\n\t\t\t<h5 class=\"uppercase\">Oto\u00f1o-Invierno<\/h5>\t\t\t\t\t\t\t\t<\/div>\n\t<\/div>\n\t\n\t<\/td>\r\n<td>Azul, Burdeos, Gris<\/td>\r\n<\/tr>\r\n<tr>\r\n<td>\n\t\t<div class=\"icon-box featured-box icon-box-left text-left\"  >\n\t\t\t\t\t<div class=\"icon-box-img\" style=\"width: 20px\">\n\t\t\t\t<div class=\"icon\">\n\t\t\t\t\t<div class=\"icon-inner\" >\n\t\t\t\t\t\t<img decoding=\"async\" src=\"https:\/\/komood.shop\/wp-content\/uploads\/symbol-wintertyp.avif\" alt=\"Invierno\"\/>\t\t\t\t\t<\/div>\n\t\t\t\t<\/div>\n\t\t\t<\/div>\n\t\t\t\t<div class=\"icon-box-text last-reset\">\n\t\t\t<h5 class=\"uppercase\">Invierno<\/h5>\t\t\t\t\t\t\t\t<\/div>\n\t<\/div>\n\t\n\t<\/td>\r\n<td>Azul, Burdeos, Gris, Rosa<\/td>\r\n<\/tr>\r\n<tr>\r\n<td>\n\t\t<div class=\"icon-box featured-box icon-box-left text-left\"  >\n\t\t\t\t\t<div class=\"icon-box-img\" style=\"width: 20px\">\n\t\t\t\t<div class=\"icon\">\n\t\t\t\t\t<div class=\"icon-inner\" >\n\t\t\t\t\t\t<img decoding=\"async\" src=\"https:\/\/komood.shop\/wp-content\/uploads\/symbol-fruehling-wintertyp.avif\" alt=\"Primavera-invierno\"\/>\t\t\t\t\t<\/div>\n\t\t\t\t<\/div>\n\t\t\t<\/div>\n\t\t\t\t<div class=\"icon-box-text last-reset\">\n\t\t\t<h5 class=\"uppercase\">Primavera-invierno<\/h5>\t\t\t\t\t\t\t\t<\/div>\n\t<\/div>\n\t\n\t<\/td>\r\n<td>Crema, verde, rosa<\/td>\r\n<\/tr>\r\n<tr>\r\n<td>\n\t\t<div class=\"icon-box featured-box icon-box-left text-left\"  >\n\t\t\t\t\t<div class=\"icon-box-img\" style=\"width: 20px\">\n\t\t\t\t<div class=\"icon\">\n\t\t\t\t\t<div class=\"icon-inner\" >\n\t\t\t\t\t\t<img decoding=\"async\" src=\"https:\/\/komood.shop\/wp-content\/uploads\/symbol-fruehling-herbsttyp.avif\" alt=\"Primavera-oto\u00f1o\"\/>\t\t\t\t\t<\/div>\n\t\t\t\t<\/div>\n\t\t\t<\/div>\n\t\t\t\t<div class=\"icon-box-text last-reset\">\n\t\t\t<h5 class=\"uppercase\">Primavera-oto\u00f1o<\/h5>\t\t\t\t\t\t\t\t<\/div>\n\t<\/div>\n\t\n\t<\/td>\r\n<td>Beige, verde<\/td>\r\n<\/tr>\r\n<tr>\r\n<td>\n\t\t<div class=\"icon-box featured-box icon-box-left text-left\"  >\n\t\t\t\t\t<div class=\"icon-box-img\" style=\"width: 20px\">\n\t\t\t\t<div class=\"icon\">\n\t\t\t\t\t<div class=\"icon-inner\" >\n\t\t\t\t\t\t<img decoding=\"async\" src=\"https:\/\/komood.shop\/wp-content\/uploads\/symbol-sommer-wintertyp.avif\" alt=\"Verano-invierno\"\/>\t\t\t\t\t<\/div>\n\t\t\t\t<\/div>\n\t\t\t<\/div>\n\t\t\t\t<div class=\"icon-box-text last-reset\">\n\t\t\t<h5 class=\"uppercase\">Verano-invierno<\/h5>\t\t\t\t\t\t\t\t<\/div>\n\t<\/div>\n\t\n\t<\/td>\r\n<td>Azul, Burdeos, Crema, Gris, Rosa<\/td>\r\n<\/tr>\r\n<\/tbody>\r\n<\/table>\r\n\n<div class=\"is-divider divider clearfix\" style=\"max-width:small;\"><\/div>\n<h3>Desarrollo y producci\u00f3n<\/h3>\n<p>Este pase de color veraniego de la gama Elegance es un producto de Komood, Marion Zens. La mayor parte de la producci\u00f3n se realiza a mano.<\/p>\n<p>Las cartas de colores se fabrican con papel de arcilla de alta calidad (gramaje medio: 160 g\/m\u00b2) de diversos fabricantes. Por tanto, los cambios en su gama pueden requerir ajustes en la clasificaci\u00f3n por colores.<\/p>\n<div class=\"is-divider divider clearfix\" style=\"max-width:small;\"><\/div>\n<h3>Representaci\u00f3n de los colores del verano<\/h3>\n<p>Por razones t\u00e9cnicas, las representaciones de los colores en la tienda Komood (por ejemplo, en las fotos de los productos) son s\u00f3lo valores aproximados y, por tanto, pueden diferir significativamente de los colores reales.<\/p>\n<div class=\"is-divider divider clearfix\" style=\"max-width:small;\"><\/div>\n<h3>Contacte con nosotros<\/h3>\n<p>Si tiene alguna pregunta o sugerencia sobre esta oferta, no dude en ponerse en contacto con nosotros - <strong><a href=\"https:\/\/komood.shop\/es\/servicio-de-informacion\/pongase-en-contacto-con\/\">Contacte con nosotros<\/a><\/strong>.<\/p>","protected":false},"excerpt":{"rendered":"<ul>\n<li class=\"bullet-star\">Abanicos de color profesionales de arcilla\/papeles de artista<\/li>\n<li class=\"bullet-star\">35 colores para el tipo de verano<\/li>\n<li class=\"bullet-star\">superficies mates, no reflectantes<\/li>\n<\/ul>","protected":false},"featured_media":3415,"comment_status":"open","ping_status":"closed","template":"","meta":[],"product_brand":[],"product_cat":[250,244,243,321,254,382,381,248,462,242,480,465],"product_tag":[316,414,402,317,258,404,412,425,519],"giftcard-category":[],"class_list":{"0":"post-3521","1":"product","2":"type-product","3":"status-publish","4":"has-post-thumbnail","6":"product_cat-farbfaecher","7":"product_cat-4-jahreszeiten","8":"product_cat-6-farbtypen","9":"product_cat-b2c","10":"product_cat-elegance","11":"product_cat-farbfaecher-4-grundtypen","12":"product_cat-farbfaecher-6-farbtypen-mischtypen","13":"product_cat-farbpaesse-farbberatung","14":"product_cat-farbtypen","15":"product_cat-farbtypen-system","16":"product_cat-farbpass-sommer","17":"product_cat-farbtyp-sommer","18":"product_tag-35-farben","19":"product_tag-gedeckte-farben","20":"product_tag-helle-farben","21":"product_tag-elegance","22":"product_tag-komood","23":"product_tag-kuehle-farben","24":"product_tag-kuehler-grundtyp","25":"product_tag-b2c","26":"product_tag-sommer","28":"first","29":"instock","30":"taxable","31":"shipping-taxable","32":"purchasable","33":"product-type-simple"},"_links":{"self":[{"href":"https:\/\/komood.shop\/es\/wp-json\/wp\/v2\/product\/3521","targetHints":{"allow":["GET"]}}],"collection":[{"href":"https:\/\/komood.shop\/es\/wp-json\/wp\/v2\/product"}],"about":[{"href":"https:\/\/komood.shop\/es\/wp-json\/wp\/v2\/types\/product"}],"replies":[{"embeddable":true,"href":"https:\/\/komood.shop\/es\/wp-json\/wp\/v2\/comments?post=3521"}],"wp:featuredmedia":[{"embeddable":true,"href":"https:\/\/komood.shop\/es\/wp-json\/wp\/v2\/media\/3415"}],"wp:attachment":[{"href":"https:\/\/komood.shop\/es\/wp-json\/wp\/v2\/media?parent=3521"}],"wp:term":[{"taxonomy":"product_brand","embeddable":true,"href":"https:\/\/komood.shop\/es\/wp-json\/wp\/v2\/product_brand?post=3521"},{"taxonomy":"product_cat","embeddable":true,"href":"https:\/\/komood.shop\/es\/wp-json\/wp\/v2\/product_cat?post=3521"},{"taxonomy":"product_tag","embeddable":true,"href":"https:\/\/komood.shop\/es\/wp-json\/wp\/v2\/product_tag?post=3521"},{"taxonomy":"giftcard-category","embeddable":true,"href":"https:\/\/komood.shop\/es\/wp-json\/wp\/v2\/giftcard-category?post=3521"}],"curies":[{"name":"wp","href":"https:\/\/api.w.org\/{rel}","templated":true}]}}